{"id":536,"date":"2019-02-14T09:48:20","date_gmt":"2019-02-14T09:48:20","guid":{"rendered":"http:\/\/schmerzwerkstatt.com\/?page_id=536"},"modified":"2023-11-07T12:19:01","modified_gmt":"2023-11-07T12:19:01","slug":"failed-back-surgery-syndrom","status":"publish","type":"page","link":"https:\/\/www.schmerzwerkstatt.com\/ru\/rueckenschmerzen\/failed-back-surgery-syndrom\/","title":{"rendered":"\u0421\u0438\u043d\u0434\u0440\u043e\u043c \u043d\u0435\u0443\u0434\u0430\u0447\u043d\u043e\u0439 \u043e\u043f\u0435\u0440\u0430\u0446\u0438\u0438 \u043d\u0430 \u0441\u043f\u0438\u043d\u0435"},"content":{"rendered":"\t\t<div data-elementor-type=\"wp-page\" data-elementor-id=\"536\" class=\"elementor elementor-536\" data-elementor-post-type=\"page\">\n\t\t\t\t\t\t<section class=\"elementor-section elementor-top-section elementor-element elementor-element-6e751a5 elementor-section-height-min-height boxed_banner elementor-section-boxed elementor-section-height-default elementor-section-items-middle\" data-id=\"6e751a5\" data-element_type=\"section\" data-e-type=\"section\" data-settings=\"{&quot;background_background&quot;:&quot;slideshow&quot;,&quot;background_slideshow_gallery&quot;:[{&quot;id&quot;:4617,&quot;url&quot;:&quot;http:\\\/\\\/schmerzwerkstatt.com\\\/wp-content\\\/uploads\\\/2023\\\/02\\\/Postnukleotomie\\u00ad\\u00adsyndrom.png&quot;}],&quot;jet_parallax_layout_list&quot;:[],&quot;background_slideshow_loop&quot;:&quot;yes&quot;,&quot;background_slideshow_slide_duration&quot;:5000,&quot;background_slideshow_slide_transition&quot;:&quot;fade&quot;,&quot;background_slideshow_transition_duration&quot;:500}\">\n\t\t\t\t\t\t\t<div class=\"elementor-background-overlay\"><\/div>\n\t\t\t\t\t\t\t<div class=\"elementor-container elementor-column-gap-default\">\n\t\t\t\t\t<div class=\" elementor-column elementor-col-33 elementor-top-column elementor-element elementor-element-e4530eb\" data-fullscreen-column-settings=\"{&quot;fullscreen&quot;:&quot;&quot;}\" data-id=\"e4530eb\" data-element_type=\"column\" data-e-type=\"column\" data-settings=\"{&quot;background_background&quot;:&quot;classic&quot;}\">\n\t\t\t<div class=\"elementor-widget-wrap\">\n\t\t\t\t\t\t\t<\/div>\n\t\t<\/div>\n\t\t\t\t<div class=\" elementor-column elementor-col-33 elementor-top-column elementor-element elementor-element-4ed4f34\" data-fullscreen-column-settings=\"{&quot;fullscreen&quot;:&quot;&quot;}\" data-id=\"4ed4f34\" data-element_type=\"column\" data-e-type=\"column\" data-settings=\"{&quot;background_background&quot;:&quot;classic&quot;}\">\n\t\t\t<div class=\"elementor-widget-wrap\">\n\t\t\t\t\t\t\t<\/div>\n\t\t<\/div>\n\t\t\t\t<div class=\" elementor-column elementor-col-33 elementor-top-column elementor-element elementor-element-6138a9f\" data-fullscreen-column-settings=\"{&quot;fullscreen&quot;:&quot;&quot;}\" data-id=\"6138a9f\" data-element_type=\"column\" data-e-type=\"column\" data-settings=\"{&quot;background_background&quot;:&quot;classic&quot;}\">\n\t\t\t<div class=\"elementor-widget-wrap elementor-element-populated\">\n\t\t\t\t\t\t<div class=\"elementor-element elementor-element-9659535 elementor-hidden-mobile elementor-widget elementor-widget-text-editor\" data-id=\"9659535\" data-element_type=\"widget\" data-e-type=\"widget\" data-widget_type=\"text-editor.default\">\n\t\t\t\t<div class=\"elementor-widget-container\">\n\t\t\t\t\t\t\t\t\t<p>Patienten mit dem Postnukleotomiesyndrom haben h\u00e4ufig eine lange \u00c4rzte-Odyssee hinter sich. Nach einer Operation wandelt sich bei Ihnen ein ertr\u00e4glicher R\u00fccken\/Beinschmerz in einen unertr\u00e4glichen Schmerz.<\/p>\t\t\t\t\t\t\t\t<\/div>\n\t\t\t\t<\/div>\n\t\t\t\t\t<\/div>\n\t\t<\/div>\n\t\t\t\t\t<\/div>\n\t\t<\/section>\n\t\t\t\t<section class=\"elementor-section elementor-top-section elementor-element elementor-element-8c6b016 elementor-section-boxed elementor-section-height-default elementor-section-height-default\" data-id=\"8c6b016\" data-element_type=\"section\" data-e-type=\"section\" data-settings=\"{&quot;jet_parallax_layout_list&quot;:[]}\">\n\t\t\t\t\t\t<div class=\"elementor-container elementor-column-gap-default\">\n\t\t\t\t\t<div class=\" elementor-column elementor-col-100 elementor-top-column elementor-element elementor-element-f6c56bb\" data-fullscreen-column-settings=\"{&quot;fullscreen&quot;:&quot;&quot;}\" data-id=\"f6c56bb\" data-element_type=\"column\" data-e-type=\"column\">\n\t\t\t<div class=\"elementor-widget-wrap elementor-element-populated\">\n\t\t\t\t\t\t<div class=\"elementor-element elementor-element-e22c4d3 elementor-hidden-tablet elementor-hidden-mobile elementor-widget elementor-widget-heading\" data-id=\"e22c4d3\" data-element_type=\"widget\" data-e-type=\"widget\" data-widget_type=\"heading.default\">\n\t\t\t\t<div class=\"elementor-widget-container\">\n\t\t\t\t\t<h2 class=\"elementor-heading-title elementor-size-default\">Postnukleotomie\u00ad\u00adsyndrom:\n<br> <b>Schmerzen trotz R\u00fccken-\u00adOP\u00ad \u00ad\n(Failed\u00ad-Back\u00ad-\u00adSurgery-\u00adSyndrom)\n<\/b><\/h2>\t\t\t\t<\/div>\n\t\t\t\t<\/div>\n\t\t\t\t<div class=\"elementor-element elementor-element-c9116f4 elementor-alert-success elementor-hidden-widescreen elementor-hidden-desktop elementor-hidden-laptop elementor-hidden-tablet elementor-hidden-mobile elementor-widget elementor-widget-alert\" data-id=\"c9116f4\" data-element_type=\"widget\" data-e-type=\"widget\" data-widget_type=\"alert.default\">\n\t\t\t\t<div class=\"elementor-widget-container\">\n\t\t\t\t\t\t\t<div class=\"elementor-alert\" role=\"alert\">\n\n\t\t\t\t\t\t<span class=\"elementor-alert-title\">Der Fehlschlag einer Operation kann auf eine unvollst\u00e4ndige Beseitigung der Schmerzursache zur\u00fcckzuf\u00fchren sein, auf die Entstehung neuer Schmerzquellen oder auch das Schmerzged\u00e4chtnis.<\/span>\n\t\t\t\n\t\t\t\n\t\t\t\n\t\t<\/div>\n\t\t\t\t\t\t<\/div>\n\t\t\t\t<\/div>\n\t\t\t\t\t<\/div>\n\t\t<\/div>\n\t\t\t\t\t<\/div>\n\t\t<\/section>\n\t\t\t\t<section class=\"elementor-section elementor-top-section elementor-element elementor-element-84d4f50 elementor-section-content-middle boxed_banner elementor-section-boxed elementor-section-height-default elementor-section-height-default\" data-id=\"84d4f50\" data-element_type=\"section\" data-e-type=\"section\" data-settings=\"{&quot;jet_parallax_layout_list&quot;:[],&quot;background_background&quot;:&quot;classic&quot;}\">\n\t\t\t\t\t\t\t<div class=\"elementor-background-overlay\"><\/div>\n\t\t\t\t\t\t\t<div class=\"elementor-container elementor-column-gap-default\">\n\t\t\t\t\t<div class=\" elementor-column elementor-col-50 elementor-top-column elementor-element elementor-element-8e85343 elementor-hidden-tablet\" data-fullscreen-column-settings=\"{&quot;fullscreen&quot;:&quot;&quot;}\" data-id=\"8e85343\" data-element_type=\"column\" data-e-type=\"column\" data-settings=\"{&quot;background_background&quot;:&quot;gradient&quot;}\">\n\t\t\t<div class=\"elementor-widget-wrap elementor-element-populated\">\n\t\t\t\t\t\t<div class=\"elementor-element elementor-element-c048869 elementor-widget__width-initial elementor-absolute elementor-widget-tablet__width-initial elementor-widget-widescreen__width-initial elementor-widget-laptop__width-initial elementor-hidden-tablet elementor-hidden-mobile elementor-invisible elementor-widget elementor-widget-litho-heading\" data-id=\"c048869\" data-element_type=\"widget\" data-e-type=\"widget\" data-settings=\"{&quot;_position&quot;:&quot;absolute&quot;,&quot;sticky&quot;:&quot;top&quot;,&quot;sticky_parent&quot;:&quot;yes&quot;,&quot;_animation&quot;:&quot;fadeInDown&quot;,&quot;_animation_delay&quot;:300,&quot;sticky_on&quot;:[&quot;widescreen&quot;,&quot;desktop&quot;,&quot;laptop&quot;,&quot;tablet&quot;,&quot;mobile&quot;],&quot;sticky_offset&quot;:0,&quot;sticky_effects_offset&quot;:0,&quot;sticky_anchor_link_offset&quot;:0}\" data-widget_type=\"litho-heading.default\">\n\t\t\t\t<div class=\"elementor-widget-container\">\n\t\t\t\t\t<div class=\"litho-heading elementor-size-default\"><span class=\"litho-primary-title\">Der Fehlschlag einer Operation kann auf eine unvollst\u00e4ndige Beseitigung der Schmerzursache zur\u00fcckzuf\u00fchren sein, auf die Entstehung neuer Schmerzquellen oder auch das Schmerzged\u00e4chtnis.<\/span><\/div>\t\t\t\t<\/div>\n\t\t\t\t<\/div>\n\t\t\t\t\t<\/div>\n\t\t<\/div>\n\t\t\t\t<div class=\" elementor-column elementor-col-50 elementor-top-column elementor-element elementor-element-ce5f3f5\" data-fullscreen-column-settings=\"{&quot;fullscreen&quot;:&quot;&quot;}\" data-id=\"ce5f3f5\" data-element_type=\"column\" data-e-type=\"column\">\n\t\t\t<div class=\"elementor-widget-wrap elementor-element-populated\">\n\t\t\t\t\t\t<div class=\"elementor-element elementor-element-a240ea1 elementor-hidden-tablet elementor-hidden-mobile elementor-widget elementor-widget-litho-heading\" data-id=\"a240ea1\" data-element_type=\"widget\" data-e-type=\"widget\" data-widget_type=\"litho-heading.default\">\n\t\t\t\t<div class=\"elementor-widget-container\">\n\t\t\t\t\t<h5 class=\"litho-heading elementor-size-default\"><span class=\"litho-primary-title\">Was ist das <b>Postnukleotomiesyndrom?<\/span><\/h5>\t\t\t\t<\/div>\n\t\t\t\t<\/div>\n\t\t\t\t<div class=\"elementor-element elementor-element-23e3fae elementor-hidden-tablet elementor-hidden-mobile elementor-widget elementor-widget-text-editor\" data-id=\"23e3fae\" data-element_type=\"widget\" data-e-type=\"widget\" data-widget_type=\"text-editor.default\">\n\t\t\t\t<div class=\"elementor-widget-container\">\n\t\t\t\t\t\t\t\t\t<p>Beim Postnukleotomiesyndrom treten nach einer R\u00fcckenoperation vermehrt Schmerzen im Bereich der Wirbels\u00e4ule oder im Nervenverlauf auf, die sich im Laufe der Zeit nochmals deutlich verst\u00e4rken k\u00f6nnen. Dieses Ph\u00e4nomen wird auch als Failed-Back-Surgery-Syndrom (FBSS) oder Postnukleotomiesyndrom\u00a0(PNS-Syndrom) bezeichnet. Die H\u00e4ufigkeit spricht B\u00e4nde: Rund 10 % der Patienten mit Bandscheibenoperationen leiden darunter, aber auch Patienten nach Operationen von Spinalkanalstenosen oder Wirbels\u00e4ulentumoren k\u00f6nnen davon betroffen sein. Zu den Begleitsymptomen geh\u00f6ren h\u00e4ufig Schlafst\u00f6rungen und Depressionen bis hin zu Suchterkrankungen.<\/p><p>Der Fehlschlag einer Operation kann auf eine unvollst\u00e4ndige Beseitigung der Schmerzursache zur\u00fcckzuf\u00fchren sein. Ein weiterer Grund ist auch die Entstehung einer neuen Schmerzquelle, zum Beispiel durch Narbenbildung, Instabilit\u00e4t oder eine Nervenverletzung. Au\u00dferdem kann das Schmerzged\u00e4chtnis eine Rolle spielen: Eine durch anhaltende Symptome verringerte Schwelle der Schmerzwahrnehmenung kann selbst bei geringen Schmerzimpulsen zu einem hohem subjektiven Schmerzerleben f\u00fchren.\u00a0<\/p>\t\t\t\t\t\t\t\t<\/div>\n\t\t\t\t<\/div>\n\t\t\t\t<div class=\"elementor-element elementor-element-2b48f5a elementor-hidden-tablet elementor-hidden-mobile elementor-widget elementor-widget-litho-heading\" data-id=\"2b48f5a\" data-element_type=\"widget\" data-e-type=\"widget\" data-widget_type=\"litho-heading.default\">\n\t\t\t\t<div class=\"elementor-widget-container\">\n\t\t\t\t\t<h5 class=\"litho-heading elementor-size-default\"><span class=\"litho-primary-title\">Failed-Back-Surgery-Syndrom: <b>Neue Wege in der Schmerztherapie<\/b><\/span><\/h5>\t\t\t\t<\/div>\n\t\t\t\t<\/div>\n\t\t\t\t<div class=\"elementor-element elementor-element-3c294c9 elementor-hidden-tablet elementor-hidden-mobile elementor-widget elementor-widget-text-editor\" data-id=\"3c294c9\" data-element_type=\"widget\" data-e-type=\"widget\" data-widget_type=\"text-editor.default\">\n\t\t\t\t<div class=\"elementor-widget-container\">\n\t\t\t\t\t\t\t\t\t<p>An erster Stelle steht der Versuch, durch konservative Verfahren eine Linderung zu erzielen. H\u00e4ufig bew\u00e4hrt sich eine Kombination aus\u00a0<a href=\"https:\/\/www.schmerzwerkstatt.de\/therapie\/medikamente\"><u>Medikamenten<\/u><\/a>,\u00a0<a href=\"https:\/\/www.schmerzwerkstatt.de\/therapie\/physiotherapie\"><u>Physiotherapie<\/u><\/a>\u00a0und Entspannungsverfahren im Rahmen einer\u00a0<a href=\"https:\/\/www.schmerzwerkstatt.de\/therapie\/multimodale-schmerztherapie\"><u>multimodalen Schmerztherapie<\/u><\/a>.<\/p>\n<p>Erst bei weiterem Behandlungsbedarf steht mit der Neuromodulation eine leitliniengerechte Therapieform zur Verf\u00fcgung mit der sich auch nach Jahren des Schmerzes eine Linderung erzielen l\u00e4sst.<\/p>\n<p>Die Neuromodulation setzt direkt an der Schmerzquelle an: Durch die Reduzierung der Weiterleitung von Schmerzimpulsen auf der Ebene der Schmerzbahnen im R\u00fcckenmark l\u00e4sst sich eine deutliche Schmerzminderung erreichen. Anwendungsbereiche sind Beschwerden im Bereich der Lenden-, wie der Brust und Halswirbels\u00e4ule. Erfolgreich angewendet wird die Methode auch bei postoperativen Nervenschmerzen an Armen und Beinen Bei rund 50 % der Patienten kommt es zu einer Linderung um 82 %. 70 % der behandelten Patienten erfahren eine Halbierung des Schmerzes. Hier erfahren Sie mehr \u00fcber die\u00a0<a href=\"https:\/\/www.schmerzwerkstatt.de\/neuromodulation\"><u>Neuromodulation<\/u><\/a>.<\/p>\t\t\t\t\t\t\t\t<\/div>\n\t\t\t\t<\/div>\n\t\t\t\t<div class=\"elementor-element elementor-element-150a0b3 elementor-hidden-widescreen elementor-hidden-desktop elementor-hidden-laptop elementor-widget elementor-widget-heading\" data-id=\"150a0b3\" data-element_type=\"widget\" data-e-type=\"widget\" data-widget_type=\"heading.default\">\n\t\t\t\t<div class=\"elementor-widget-container\">\n\t\t\t\t\t<h1 class=\"elementor-heading-title elementor-size-default\">Postnukleotomie\u00ad\u00adsyndrom:<br>\nSchmerzen trotz R\u00fccken-\u00adOP\u00ad \u00ad<br>\n(Failed\u00ad-Back\u00ad-\u00adSurgery-\u00adSyndrom)<\/h1>\t\t\t\t<\/div>\n\t\t\t\t<\/div>\n\t\t\t\t<div class=\"elementor-element elementor-element-fd0f5f7 elementor-hidden-widescreen elementor-hidden-desktop elementor-hidden-laptop elementor-widget elementor-widget-text-editor\" data-id=\"fd0f5f7\" data-element_type=\"widget\" data-e-type=\"widget\" data-widget_type=\"text-editor.default\">\n\t\t\t\t<div class=\"elementor-widget-container\">\n\t\t\t\t\t\t\t\t\t<p>Patienten mit dem Postnukleotomiesyndrom haben h\u00e4ufig eine lange \u00c4rzte-Odyssee hinter sich. Nach einer Operation wandelt sich bei Ihnen ein ertr\u00e4glicher R\u00fccken\/Beinschmerz in einen unertr\u00e4glichen Schmerz.<\/p>\t\t\t\t\t\t\t\t<\/div>\n\t\t\t\t<\/div>\n\t\t\t\t<div class=\"elementor-element elementor-element-45e9dbe elementor-hidden-widescreen elementor-hidden-desktop elementor-hidden-laptop elementor-widget elementor-widget-accordion\" data-id=\"45e9dbe\" data-element_type=\"widget\" data-e-type=\"widget\" data-widget_type=\"accordion.default\">\n\t\t\t\t<div class=\"elementor-widget-container\">\n\t\t\t\t\t\t\t<div class=\"elementor-accordion\">\n\t\t\t\t\t\t\t<div class=\"elementor-accordion-item\">\n\t\t\t\t\t<div id=\"elementor-tab-title-7331\" class=\"elementor-tab-title\" data-tab=\"1\" role=\"button\" aria-controls=\"elementor-tab-content-7331\" aria-expanded=\"false\">\n\t\t\t\t\t\t\t\t\t\t\t\t\t<span class=\"elementor-accordion-icon elementor-accordion-icon-left\" aria-hidden=\"true\">\n\t\t\t\t\t\t\t\t\t\t\t\t\t\t\t<span class=\"elementor-accordion-icon-closed\"><i class=\"fa-solid fa-chevron-right\"><\/i><\/span>\n\t\t\t\t\t\t\t\t<span class=\"elementor-accordion-icon-opened\"><i class=\"fas fa-minus\"><\/i><\/span>\n\t\t\t\t\t\t\t\t\t\t\t\t\t\t<\/span>\n\t\t\t\t\t\t\t\t\t\t\t\t<a class=\"elementor-accordion-title\" tabindex=\"0\">Was ist das Postnukleotomiesyndrom?<\/a>\n\t\t\t\t\t<\/div>\n\t\t\t\t\t<div id=\"elementor-tab-content-7331\" class=\"elementor-tab-content elementor-clearfix\" data-tab=\"1\" role=\"region\" aria-labelledby=\"elementor-tab-title-7331\">Beim Postnukleotomiesyndrom treten nach einer R\u00fcckenoperation vermehrt Schmerzen im Bereich der Wirbels\u00e4ule oder im Nervenverlauf auf, die sich im Laufe der Zeit nochmals deutlich verst\u00e4rken k\u00f6nnen. Dieses Ph\u00e4nomen wird auch als Failed-Back-Surgery-Syndrom (FBSS) oder Postnukleotomiesyndrom\u00a0(PNS-Syndrom) bezeichnet. Die H\u00e4ufigkeit spricht B\u00e4nde: Rund 10 % der Patienten mit Bandscheibenoperationen leiden darunter, aber auch Patienten nach Operationen von Spinalkanalstenosen oder Wirbels\u00e4ulentumoren k\u00f6nnen davon betroffen sein. Zu den Begleitsymptomen geh\u00f6ren h\u00e4ufig Schlafst\u00f6rungen und Depressionen bis hin zu Suchterkrankungen.\n\nDer Fehlschlag einer Operation kann auf eine unvollst\u00e4ndige Beseitigung der Schmerzursache zur\u00fcckzuf\u00fchren sein. Ein weiterer Grund ist auch die Entstehung einer neuen Schmerzquelle, zum Beispiel durch Narbenbildung, Instabilit\u00e4t oder eine Nervenverletzung. Au\u00dferdem kann das Schmerzged\u00e4chtnis eine Rolle spielen: Eine durch anhaltende Symptome verringerte Schwelle der Schmerzwahrnehmenung kann selbst bei geringen Schmerzimpulsen zu einem hohem subjektiven Schmerzerleben f\u00fchren.<\/div>\n\t\t\t\t<\/div>\n\t\t\t\t\t\t\t<div class=\"elementor-accordion-item\">\n\t\t\t\t\t<div id=\"elementor-tab-title-7332\" class=\"elementor-tab-title\" data-tab=\"2\" role=\"button\" aria-controls=\"elementor-tab-content-7332\" aria-expanded=\"false\">\n\t\t\t\t\t\t\t\t\t\t\t\t\t<span class=\"elementor-accordion-icon elementor-accordion-icon-left\" aria-hidden=\"true\">\n\t\t\t\t\t\t\t\t\t\t\t\t\t\t\t<span class=\"elementor-accordion-icon-closed\"><i class=\"fa-solid fa-chevron-right\"><\/i><\/span>\n\t\t\t\t\t\t\t\t<span class=\"elementor-accordion-icon-opened\"><i class=\"fas fa-minus\"><\/i><\/span>\n\t\t\t\t\t\t\t\t\t\t\t\t\t\t<\/span>\n\t\t\t\t\t\t\t\t\t\t\t\t<a class=\"elementor-accordion-title\" tabindex=\"0\">Failed-Back-Surgery-Syndrom: Neue Wege in der Schmerztherapie<\/a>\n\t\t\t\t\t<\/div>\n\t\t\t\t\t<div id=\"elementor-tab-content-7332\" class=\"elementor-tab-content elementor-clearfix\" data-tab=\"2\" role=\"region\" aria-labelledby=\"elementor-tab-title-7332\">An erster Stelle steht der Versuch, durch konservative Verfahren eine Linderung zu erzielen. H\u00e4ufig bew\u00e4hrt sich eine Kombination aus\u00a0<a href=\"https:\/\/www.schmerzwerkstatt.de\/therapie\/medikamente\">Medikamenten<\/a>, \u00a0und Entspannungsverfahren im Rahmen einer\u00a0<a href=\"https:\/\/www.schmerzwerkstatt.de\/therapie\/multimodale-schmerztherapie\">multimodalen Schmerztherapie<\/a>.\n\nErst bei weiterem Behandlungsbedarf steht mit der Neuromodulation eine leitliniengerechte Therapieform zur Verf\u00fcgung mit der sich auch nach Jahren des Schmerzes eine Linderung erzielen l\u00e4sst.\n\nDie Neuromodulation setzt direkt an der Schmerzquelle an: Durch die Reduzierung der Weiterleitung von Schmerzimpulsen auf der Ebene der Schmerzbahnen im R\u00fcckenmark l\u00e4sst sich eine deutliche Schmerzminderung erreichen. Anwendungsbereiche sind Beschwerden im Bereich der Lenden-, wie der Brust und Halswirbels\u00e4ule. Erfolgreich angewendet wird die Methode auch bei postoperativen Nervenschmerzen an Armen und Beinen Bei rund 50 % der Patienten kommt es zu einer Linderung um 82 %. 70 % der behandelten Patienten erfahren eine Halbierung des Schmerzes. Hier erfahren Sie mehr \u00fcber die\u00a0<a href=\"https:\/\/www.schmerzwerkstatt.de\/neuromodulation\">Neuromodulation<\/a>.\n\n<\/div>\n\t\t\t\t<\/div>\n\t\t\t\t\t\t\t\t<\/div>\n\t\t\t\t\t\t<\/div>\n\t\t\t\t<\/div>\n\t\t\t\t<div class=\"elementor-element elementor-element-da50e9a elementor-widget elementor-widget-video\" data-id=\"da50e9a\" data-element_type=\"widget\" data-e-type=\"widget\" data-settings=\"{&quot;youtube_url&quot;:&quot;https:\\\/\\\/www.youtube.com\\\/watch?v=BPKOBeJDcTA&quot;,&quot;video_type&quot;:&quot;youtube&quot;,&quot;controls&quot;:&quot;yes&quot;}\" data-widget_type=\"video.default\">\n\t\t\t\t<div class=\"elementor-widget-container\">\n\t\t\t\t\t\t\t<div class=\"elementor-wrapper elementor-open-inline\">\n\t\t\t<div class=\"elementor-video\"><\/div>\t\t<\/div>\n\t\t\t\t\t\t<\/div>\n\t\t\t\t<\/div>\n\t\t\t\t<div class=\"elementor-element elementor-element-f440d9c elementor-widget elementor-widget-spacer\" data-id=\"f440d9c\" data-element_type=\"widget\" data-e-type=\"widget\" data-widget_type=\"spacer.default\">\n\t\t\t\t<div class=\"elementor-widget-container\">\n\t\t\t\t\t\t\t<div class=\"elementor-spacer\">\n\t\t\t<div class=\"elementor-spacer-inner\"><\/div>\n\t\t<\/div>\n\t\t\t\t\t\t<\/div>\n\t\t\t\t<\/div>\n\t\t\t\t<section class=\"elementor-section elementor-inner-section elementor-element elementor-element-10e2470 elementor-section-boxed elementor-section-height-default elementor-section-height-default\" data-id=\"10e2470\" data-element_type=\"section\" data-e-type=\"section\" data-settings=\"{&quot;background_background&quot;:&quot;classic&quot;,&quot;jet_parallax_layout_list&quot;:[]}\">\n\t\t\t\t\t\t<div class=\"elementor-container elementor-column-gap-default\">\n\t\t\t\t\t<div class=\" elementor-column elementor-col-50 elementor-inner-column elementor-element elementor-element-f93bf02\" data-fullscreen-column-settings=\"{&quot;fullscreen&quot;:&quot;&quot;}\" data-id=\"f93bf02\" data-element_type=\"column\" data-e-type=\"column\">\n\t\t\t<div class=\"elementor-widget-wrap elementor-element-populated\">\n\t\t\t\t\t\t<div class=\"elementor-element elementor-element-ed1ec80 elementor-widget elementor-widget-heading\" data-id=\"ed1ec80\" data-element_type=\"widget\" data-e-type=\"widget\" data-widget_type=\"heading.default\">\n\t\t\t\t<div class=\"elementor-widget-container\">\n\t\t\t\t\t<h2 class=\"elementor-heading-title elementor-size-default\">Sie m\u00f6chten uns kennen lernen? Hier k\u00f6nnen Sie Kontakt aufnehmen. Wir haben 25 Jahre Erfahrung mit Schmerzpatienten.\n<\/h2>\t\t\t\t<\/div>\n\t\t\t\t<\/div>\n\t\t\t\t\t<\/div>\n\t\t<\/div>\n\t\t\t\t<div class=\" elementor-column elementor-col-50 elementor-inner-column elementor-element elementor-element-dfc2899\" data-fullscreen-column-settings=\"{&quot;fullscreen&quot;:&quot;&quot;}\" data-id=\"dfc2899\" data-element_type=\"column\" data-e-type=\"column\">\n\t\t\t<div class=\"elementor-widget-wrap elementor-element-populated\">\n\t\t\t\t\t\t<div class=\"elementor-element elementor-element-0cf8c87 elementor-mobile-align-center elementor-widget__width-initial elementor-widget elementor-widget-litho-button-gradient\" data-id=\"0cf8c87\" data-element_type=\"widget\" data-e-type=\"widget\" data-widget_type=\"litho-button-gradient.default\">\n\t\t\t\t<div class=\"elementor-widget-container\">\n\t\t\t\t\t\t\t\t\t<div class=\"elementor-gradient-button-wrapper\">\n\t\t\t\t\t<a href=\"#elementor-action%3Aaction%3Dpopup%3Aopen%26settings%3DeyJpZCI6IjEwODg5IiwidG9nZ2xlIjpmYWxzZX0%3D\" class=\"elementor-gradient-button-link elementor-gradient-button elementor-size-md \" role=\"button\">\n\t\t\t\t\t\t\t\t\t<span class=\"elementor-gradient-button-content-wrapper\">\n\t\t\t\t\t\t\t\t\t\t\t\t\t<span class=\"elementor-gradient-button-text\">Zum Kontakt<\/span>\n\t\t\t\t\t\t\t<\/span>\n\t\t\t\t\t\t\t\t<\/a>\n\t\t\t\t<\/div>\n\t\t\t\t\t\t\t<\/div>\n\t\t\t\t<\/div>\n\t\t\t\t\t<\/div>\n\t\t<\/div>\n\t\t\t\t\t<\/div>\n\t\t<\/section>\n\t\t\t\t\t<\/div>\n\t\t<\/div>\n\t\t\t\t\t<\/div>\n\t\t<\/section>\n\t\t\t\t<\/div>\n\t\t","protected":false},"excerpt":{"rendered":"<p>Patienten mit dem Postnukleotomiesyndrom haben h\u00e4ufig eine lange \u00c4rzte-Odyssee hinter sich. Nach einer Operation wandelt sich bei Ihnen ein ertr\u00e4glicher R\u00fccken\/Beinschmerz in einen unertr\u00e4glichen Schmerz. Postnukleotomie\u00ad\u00adsyndrom: Schmerzen trotz R\u00fccken-\u00adOP\u00ad \u00ad (Failed\u00ad-Back\u00ad-\u00adSurgery-\u00adSyndrom) Der Fehlschlag einer Operation kann auf eine unvollst\u00e4ndige Beseitigung der Schmerzursache zur\u00fcckzuf\u00fchren sein, auf die Entstehung neuer Schmerzquellen oder auch das Schmerzged\u00e4chtnis. Der Fehlschlag [&hellip;]<\/p>\n","protected":false},"author":2,"featured_media":2680,"parent":42,"menu_order":0,"comment_status":"closed","ping_status":"closed","template":"elementor_header_footer","meta":{"iawp_total_views":1495,"footnotes":""},"class_list":["post-536","page","type-page","status-publish","has-post-thumbnail","hentry"],"_links":{"self":[{"href":"https:\/\/www.schmerzwerkstatt.com\/ru\/wp-json\/wp\/v2\/pages\/536","targetHints":{"allow":["GET"]}}],"collection":[{"href":"https:\/\/www.schmerzwerkstatt.com\/ru\/wp-json\/wp\/v2\/pages"}],"about":[{"href":"https:\/\/www.schmerzwerkstatt.com\/ru\/wp-json\/wp\/v2\/types\/page"}],"author":[{"embeddable":true,"href":"https:\/\/www.schmerzwerkstatt.com\/ru\/wp-json\/wp\/v2\/users\/2"}],"replies":[{"embeddable":true,"href":"https:\/\/www.schmerzwerkstatt.com\/ru\/wp-json\/wp\/v2\/comments?post=536"}],"version-history":[{"count":63,"href":"https:\/\/www.schmerzwerkstatt.com\/ru\/wp-json\/wp\/v2\/pages\/536\/revisions"}],"predecessor-version":[{"id":14712,"href":"https:\/\/www.schmerzwerkstatt.com\/ru\/wp-json\/wp\/v2\/pages\/536\/revisions\/14712"}],"up":[{"embeddable":true,"href":"https:\/\/www.schmerzwerkstatt.com\/ru\/wp-json\/wp\/v2\/pages\/42"}],"wp:featuredmedia":[{"embeddable":true,"href":"https:\/\/www.schmerzwerkstatt.com\/ru\/wp-json\/wp\/v2\/media\/2680"}],"wp:attachment":[{"href":"https:\/\/www.schmerzwerkstatt.com\/ru\/wp-json\/wp\/v2\/media?parent=536"}],"curies":[{"name":"wp","href":"https:\/\/api.w.org\/{rel}","templated":true}]}}