{"id":3019,"date":"2019-11-13T11:47:37","date_gmt":"2019-11-13T11:47:37","guid":{"rendered":"http:\/\/schmerzwerkstatt.com\/?page_id=3019"},"modified":"2023-11-10T14:14:44","modified_gmt":"2023-11-10T14:14:44","slug":"fibromyalgie","status":"publish","type":"page","link":"https:\/\/www.schmerzwerkstatt.com\/ru\/schmerzen\/fibromyalgie\/","title":{"rendered":"\u0424\u0438\u0431\u0440\u043e\u043c\u0438\u0430\u043b\u0433\u0438\u044f"},"content":{"rendered":"\t\t<div data-elementor-type=\"wp-page\" data-elementor-id=\"3019\" class=\"elementor elementor-3019\" data-elementor-post-type=\"page\">\n\t\t\t\t\t\t<section class=\"elementor-section elementor-top-section elementor-element elementor-element-11ca93f elementor-section-height-min-height boxed_banner elementor-section-boxed elementor-section-height-default elementor-section-items-middle\" data-id=\"11ca93f\" data-element_type=\"section\" data-e-type=\"section\" data-settings=\"{&quot;background_background&quot;:&quot;slideshow&quot;,&quot;background_slideshow_gallery&quot;:[{&quot;id&quot;:3020,&quot;url&quot;:&quot;http:\\\/\\\/schmerzwerkstatt.com\\\/wp-content\\\/uploads\\\/2019\\\/11\\\/Pluto-quer.jpg&quot;}],&quot;jet_parallax_layout_list&quot;:[],&quot;background_slideshow_loop&quot;:&quot;yes&quot;,&quot;background_slideshow_slide_duration&quot;:5000,&quot;background_slideshow_slide_transition&quot;:&quot;fade&quot;,&quot;background_slideshow_transition_duration&quot;:500}\">\n\t\t\t\t\t\t\t<div class=\"elementor-background-overlay\"><\/div>\n\t\t\t\t\t\t\t<div class=\"elementor-container elementor-column-gap-default\">\n\t\t\t\t\t<div class=\" elementor-column elementor-col-50 elementor-top-column elementor-element elementor-element-878f3fb\" data-fullscreen-column-settings=\"{&quot;fullscreen&quot;:&quot;&quot;}\" data-id=\"878f3fb\" data-element_type=\"column\" data-e-type=\"column\" data-settings=\"{&quot;background_background&quot;:&quot;classic&quot;}\">\n\t\t\t<div class=\"elementor-widget-wrap\">\n\t\t\t\t\t\t\t<\/div>\n\t\t<\/div>\n\t\t\t\t<div class=\" elementor-column elementor-col-50 elementor-top-column elementor-element elementor-element-3884606\" data-fullscreen-column-settings=\"{&quot;fullscreen&quot;:&quot;&quot;}\" data-id=\"3884606\" data-element_type=\"column\" data-e-type=\"column\" data-settings=\"{&quot;background_background&quot;:&quot;classic&quot;}\">\n\t\t\t<div class=\"elementor-widget-wrap\">\n\t\t\t\t\t\t\t<\/div>\n\t\t<\/div>\n\t\t\t\t\t<\/div>\n\t\t<\/section>\n\t\t\t\t<section class=\"elementor-section elementor-top-section elementor-element elementor-element-66eb0b1 elementor-section-boxed elementor-section-height-default elementor-section-height-default\" data-id=\"66eb0b1\" data-element_type=\"section\" data-e-type=\"section\" data-settings=\"{&quot;jet_parallax_layout_list&quot;:[]}\">\n\t\t\t\t\t\t<div class=\"elementor-container elementor-column-gap-default\">\n\t\t\t\t\t<div class=\" elementor-column elementor-col-100 elementor-top-column elementor-element elementor-element-35b3018\" data-fullscreen-column-settings=\"{&quot;fullscreen&quot;:&quot;&quot;}\" data-id=\"35b3018\" data-element_type=\"column\" data-e-type=\"column\">\n\t\t\t<div class=\"elementor-widget-wrap elementor-element-populated\">\n\t\t\t\t\t\t<div class=\"elementor-element elementor-element-35d68ec elementor-hidden-tablet elementor-hidden-mobile elementor-widget elementor-widget-heading\" data-id=\"35d68ec\" data-element_type=\"widget\" data-e-type=\"widget\" data-widget_type=\"heading.default\">\n\t\t\t\t<div class=\"elementor-widget-container\">\n\t\t\t\t\t<h2 class=\"elementor-heading-title elementor-size-default\"><b>Fibromyalgie<\/h2>\t\t\t\t<\/div>\n\t\t\t\t<\/div>\n\t\t\t\t\t<\/div>\n\t\t<\/div>\n\t\t\t\t\t<\/div>\n\t\t<\/section>\n\t\t\t\t<section class=\"elementor-section elementor-top-section elementor-element elementor-element-aa5676b elementor-section-content-middle elementor-section-boxed elementor-section-height-default elementor-section-height-default\" data-id=\"aa5676b\" data-element_type=\"section\" data-e-type=\"section\" data-settings=\"{&quot;jet_parallax_layout_list&quot;:[],&quot;background_background&quot;:&quot;classic&quot;}\">\n\t\t\t\t\t\t\t<div class=\"elementor-background-overlay\"><\/div>\n\t\t\t\t\t\t\t<div class=\"elementor-container elementor-column-gap-default\">\n\t\t\t\t\t<div class=\" elementor-column elementor-col-50 elementor-top-column elementor-element elementor-element-383fa4d elementor-hidden-tablet\" data-fullscreen-column-settings=\"{&quot;fullscreen&quot;:&quot;&quot;}\" data-id=\"383fa4d\" data-element_type=\"column\" data-e-type=\"column\" data-settings=\"{&quot;background_background&quot;:&quot;gradient&quot;}\">\n\t\t\t<div class=\"elementor-widget-wrap elementor-element-populated\">\n\t\t\t\t\t\t<div class=\"elementor-element elementor-element-7cdc9bd elementor-widget__width-initial elementor-absolute elementor-widget-tablet__width-initial elementor-widget-widescreen__width-initial elementor-widget-laptop__width-initial elementor-hidden-tablet elementor-hidden-mobile elementor-invisible elementor-widget elementor-widget-litho-heading\" data-id=\"7cdc9bd\" data-element_type=\"widget\" data-e-type=\"widget\" data-settings=\"{&quot;_position&quot;:&quot;absolute&quot;,&quot;sticky&quot;:&quot;top&quot;,&quot;_animation&quot;:&quot;fadeInDown&quot;,&quot;_animation_delay&quot;:300,&quot;sticky_parent&quot;:&quot;yes&quot;,&quot;sticky_on&quot;:[&quot;widescreen&quot;,&quot;desktop&quot;,&quot;laptop&quot;,&quot;tablet&quot;,&quot;mobile&quot;],&quot;sticky_offset&quot;:0,&quot;sticky_effects_offset&quot;:0,&quot;sticky_anchor_link_offset&quot;:0}\" data-widget_type=\"litho-heading.default\">\n\t\t\t\t<div class=\"elementor-widget-container\">\n\t\t\t\t\t<div class=\"litho-heading elementor-size-default\"><span class=\"litho-primary-title\">Im Vordergrund der Beschwerden stehen immer wiederkehrende Schmerzen in unterschiedlichen K\u00f6rperregionen.<\/span><\/div>\t\t\t\t<\/div>\n\t\t\t\t<\/div>\n\t\t\t\t\t<\/div>\n\t\t<\/div>\n\t\t\t\t<div class=\" elementor-column elementor-col-50 elementor-top-column elementor-element elementor-element-62ddb04\" data-fullscreen-column-settings=\"{&quot;fullscreen&quot;:&quot;&quot;}\" data-id=\"62ddb04\" data-element_type=\"column\" data-e-type=\"column\">\n\t\t\t<div class=\"elementor-widget-wrap elementor-element-populated\">\n\t\t\t\t\t\t<div class=\"elementor-element elementor-element-43300c7 elementor-hidden-tablet elementor-hidden-mobile elementor-widget elementor-widget-text-editor\" data-id=\"43300c7\" data-element_type=\"widget\" data-e-type=\"widget\" data-widget_type=\"text-editor.default\">\n\t\t\t\t<div class=\"elementor-widget-container\">\n\t\t\t\t\t\t\t\t\t<p>Die Fibromyalgie (auch als Fibromyalgiesyndrom bezeichnet) ist eine unter Experten kontrovers diskutierte und f\u00fcr die Betroffenen besonders belastende Erkrankung. \u00dcber ihre Ursachen besteht keine Einigkeit. Die oft sp\u00e4te Stellung der Diagnose kann auf Patientenseite zu Verunsicherung und Frustration f\u00fchren. Vielfach leiden Patienten unter mangelnder Akzeptanz ihrer Umgebung und sto\u00dfen wiederholt auf Unverst\u00e4ndnis.<br>Und dies obwohl in Deutschland nach aktuellen Studien bis zu 2% der Bev\u00f6lkerung an der Fibromyalgie leiden. Sie geh\u00f6rt damit zu den h\u00e4ufigsten Schmerzerkrankungen \u00fcberhaupt.<\/p>\n<p>Im Vordergrund der Beschwerden stehen immer wiederkehrende Schmerzen in unterschiedlichen K\u00f6rperregionen. Bei schweren Verl\u00e4ufen kann auch der gesamte K\u00f6rper von Schmerzen betroffen sein (engl.: Chronic Widespread Pain). Zudem f\u00fchrt die hohe Schmerzintensit\u00e4t zu Ersch\u00f6pfungszust\u00e4nden und M\u00fcdigkeit infolge chronischen Schlafmangels. Auch Gef\u00fchlsst\u00f6rungen und Beschwerden des Magen-Darm-Traktes sind nicht selten.<\/p>\n<p>Unsere Kompetenz ist zun\u00e4chst die rasche Stellung der Diagnose \u201eFibromyalgie\u201c auf Grundlage aktueller wissenschaftlicher Ergebnisse. Unsere Therapie ist ein Mosaik aus individuell abgestimmten, ineinander greifenden Bausteinen aus den Bereichen medikament\u00f6se Therapie, Bewegungs- und physikalische Therapieformen und psychologische Unterst\u00fctzung.<\/p>\n<p>Unser Ziel ist eine dauerhafte Schmerzlinderung und eine nachhaltige Verbesserung Ihrer Lebensqualit\u00e4t.<\/p>\n<p><\/p>\t\t\t\t\t\t\t\t<\/div>\n\t\t\t\t<\/div>\n\t\t\t\t<div class=\"elementor-element elementor-element-38d0c1b elementor-hidden-widescreen elementor-hidden-desktop elementor-hidden-laptop elementor-widget elementor-widget-heading\" data-id=\"38d0c1b\" data-element_type=\"widget\" data-e-type=\"widget\" data-widget_type=\"heading.default\">\n\t\t\t\t<div class=\"elementor-widget-container\">\n\t\t\t\t\t<h1 class=\"elementor-heading-title elementor-size-default\">Fibromyalgie<\/h1>\t\t\t\t<\/div>\n\t\t\t\t<\/div>\n\t\t\t\t<div class=\"elementor-element elementor-element-0e44459 elementor-hidden-widescreen elementor-hidden-desktop elementor-hidden-laptop elementor-widget elementor-widget-text-editor\" data-id=\"0e44459\" data-element_type=\"widget\" data-e-type=\"widget\" data-widget_type=\"text-editor.default\">\n\t\t\t\t<div class=\"elementor-widget-container\">\n\t\t\t\t\t\t\t\t\t<p>Die Fibromyalgie (auch als Fibromyalgiesyndrom bezeichnet) ist eine unter Experten kontrovers diskutierte und f\u00fcr die Betroffenen besonders belastende Erkrankung. \u00dcber ihre Ursachen besteht keine Einigkeit. Die oft sp\u00e4te Stellung der Diagnose kann auf Patientenseite zu Verunsicherung und Frustration f\u00fchren. Vielfach leiden Patienten unter mangelnder Akzeptanz ihrer Umgebung und sto\u00dfen wiederholt auf Unverst\u00e4ndnis.<br \/>Und dies obwohl in Deutschland nach aktuellen Studien bis zu 2% der Bev\u00f6lkerung an der Fibromyalgie leiden. Sie geh\u00f6rt damit zu den h\u00e4ufigsten Schmerzerkrankungen \u00fcberhaupt.<\/p><p>Im Vordergrund der Beschwerden stehen immer wiederkehrende Schmerzen in unterschiedlichen K\u00f6rperregionen. Bei schweren Verl\u00e4ufen kann auch der gesamte K\u00f6rper von Schmerzen betroffen sein (engl.: Chronic Widespread Pain). Zudem f\u00fchrt die hohe Schmerzintensit\u00e4t zu Ersch\u00f6pfungszust\u00e4nden und M\u00fcdigkeit infolge chronischen Schlafmangels. Auch Gef\u00fchlsst\u00f6rungen und Beschwerden des Magen-Darm-Traktes sind nicht selten.<br \/>Unsere Kompetenz ist zun\u00e4chst die rasche Stellung der Diagnose \u201e<a href=\"https:\/\/www.awmf.org\/uploads\/tx_szleitlinien\/145-004p_S3_Fibromyalgiesyndrom_2017-03.pdf\" target=\"_blank\" rel=\"noreferrer noopener\" aria-label=\"Fibromyalgie (\u00f6ffnet in neuem Tab)\">Fibromyalgie<\/a>\u201c auf Grundlage aktueller wissenschaftlicher Ergebnisse. Unsere Therapie ist ein Mosaik aus individuell abgestimmten, ineinander greifenden Bausteinen aus den Bereichen medikament\u00f6se Therapie, Bewegungs- und physikalische Therapieformen und psychologische Unterst\u00fctzung.<\/p><p>Unser Ziel ist eine dauerhafte Schmerzlinderung und eine nachhaltige Verbesserung Ihrer Lebensqualit\u00e4t.<\/p>\t\t\t\t\t\t\t\t<\/div>\n\t\t\t\t<\/div>\n\t\t\t\t<section class=\"elementor-section elementor-inner-section elementor-element elementor-element-5acc205 elementor-section-boxed elementor-section-height-default elementor-section-height-default\" data-id=\"5acc205\" data-element_type=\"section\" data-e-type=\"section\" data-settings=\"{&quot;background_background&quot;:&quot;classic&quot;,&quot;jet_parallax_layout_list&quot;:[]}\">\n\t\t\t\t\t\t<div class=\"elementor-container elementor-column-gap-default\">\n\t\t\t\t\t<div class=\" elementor-column elementor-col-50 elementor-inner-column elementor-element elementor-element-eb85973\" data-fullscreen-column-settings=\"{&quot;fullscreen&quot;:&quot;&quot;}\" data-id=\"eb85973\" data-element_type=\"column\" data-e-type=\"column\">\n\t\t\t<div class=\"elementor-widget-wrap elementor-element-populated\">\n\t\t\t\t\t\t<div class=\"elementor-element elementor-element-5548e3c elementor-widget elementor-widget-heading\" data-id=\"5548e3c\" data-element_type=\"widget\" data-e-type=\"widget\" data-widget_type=\"heading.default\">\n\t\t\t\t<div class=\"elementor-widget-container\">\n\t\t\t\t\t<h2 class=\"elementor-heading-title elementor-size-default\">F\u00fcr ein pers\u00f6nliches Beratungsgespr\u00e4ch nehmen Sie Kontakt mit der Schmerzwerkstatt M\u00fcnchen auf.<\/h2>\t\t\t\t<\/div>\n\t\t\t\t<\/div>\n\t\t\t\t\t<\/div>\n\t\t<\/div>\n\t\t\t\t<div class=\" elementor-column elementor-col-50 elementor-inner-column elementor-element elementor-element-051f957\" data-fullscreen-column-settings=\"{&quot;fullscreen&quot;:&quot;&quot;}\" data-id=\"051f957\" data-element_type=\"column\" data-e-type=\"column\">\n\t\t\t<div class=\"elementor-widget-wrap elementor-element-populated\">\n\t\t\t\t\t\t<div class=\"elementor-element elementor-element-83973ba elementor-mobile-align-center elementor-widget elementor-widget-litho-button-gradient\" data-id=\"83973ba\" data-element_type=\"widget\" data-e-type=\"widget\" data-widget_type=\"litho-button-gradient.default\">\n\t\t\t\t<div class=\"elementor-widget-container\">\n\t\t\t\t\t\t\t\t\t<div class=\"elementor-gradient-button-wrapper\">\n\t\t\t\t\t<a href=\"#\" class=\"elementor-gradient-button elementor-size-md \" role=\"button\">\n\t\t\t\t\t\t\t\t\t<span class=\"elementor-gradient-button-content-wrapper\">\n\t\t\t\t\t\t\t\t\t\t\t\t\t<span class=\"elementor-gradient-button-text\">Zum Kontakt<\/span>\n\t\t\t\t\t\t\t<\/span>\n\t\t\t\t\t\t\t\t<\/a>\n\t\t\t\t<\/div>\n\t\t\t\t\t\t\t<\/div>\n\t\t\t\t<\/div>\n\t\t\t\t\t<\/div>\n\t\t<\/div>\n\t\t\t\t\t<\/div>\n\t\t<\/section>\n\t\t\t\t\t<\/div>\n\t\t<\/div>\n\t\t\t\t\t<\/div>\n\t\t<\/section>\n\t\t\t\t<section class=\"elementor-section elementor-top-section elementor-element elementor-element-68b078d boxed_banner elementor-section-boxed elementor-section-height-default elementor-section-height-default\" data-id=\"68b078d\" data-element_type=\"section\" data-e-type=\"section\" data-settings=\"{&quot;background_background&quot;:&quot;classic&quot;,&quot;jet_parallax_layout_list&quot;:[]}\">\n\t\t\t\t\t\t<div class=\"elementor-container elementor-column-gap-default\">\n\t\t\t\t\t<div class=\" elementor-column elementor-col-100 elementor-top-column elementor-element elementor-element-1960ba5\" data-fullscreen-column-settings=\"{&quot;fullscreen&quot;:&quot;&quot;}\" data-id=\"1960ba5\" data-element_type=\"column\" data-e-type=\"column\">\n\t\t\t<div class=\"elementor-widget-wrap elementor-element-populated\">\n\t\t\t\t\t\t<div class=\"elementor-element elementor-element-973253c elementor-hidden-tablet elementor-hidden-mobile elementor-widget elementor-widget-spacer\" data-id=\"973253c\" data-element_type=\"widget\" data-e-type=\"widget\" data-widget_type=\"spacer.default\">\n\t\t\t\t<div class=\"elementor-widget-container\">\n\t\t\t\t\t\t\t<div class=\"elementor-spacer\">\n\t\t\t<div class=\"elementor-spacer-inner\"><\/div>\n\t\t<\/div>\n\t\t\t\t\t\t<\/div>\n\t\t\t\t<\/div>\n\t\t\t\t\t<\/div>\n\t\t<\/div>\n\t\t\t\t\t<\/div>\n\t\t<\/section>\n\t\t\t\t<\/div>\n\t\t","protected":false},"excerpt":{"rendered":"<p>Fibromyalgie Im Vordergrund der Beschwerden stehen immer wiederkehrende Schmerzen in unterschiedlichen K\u00f6rperregionen. Die Fibromyalgie (auch als Fibromyalgiesyndrom bezeichnet) ist eine unter Experten kontrovers diskutierte und f\u00fcr die Betroffenen besonders belastende Erkrankung. \u00dcber ihre Ursachen besteht keine Einigkeit. Die oft sp\u00e4te Stellung der Diagnose kann auf Patientenseite zu Verunsicherung und Frustration f\u00fchren. Vielfach leiden Patienten unter [&hellip;]<\/p>\n","protected":false},"author":2,"featured_media":0,"parent":3011,"menu_order":0,"comment_status":"closed","ping_status":"closed","template":"elementor_header_footer","meta":{"iawp_total_views":579,"footnotes":""},"class_list":["post-3019","page","type-page","status-publish","hentry"],"_links":{"self":[{"href":"https:\/\/www.schmerzwerkstatt.com\/ru\/wp-json\/wp\/v2\/pages\/3019","targetHints":{"allow":["GET"]}}],"collection":[{"href":"https:\/\/www.schmerzwerkstatt.com\/ru\/wp-json\/wp\/v2\/pages"}],"about":[{"href":"https:\/\/www.schmerzwerkstatt.com\/ru\/wp-json\/wp\/v2\/types\/page"}],"author":[{"embeddable":true,"href":"https:\/\/www.schmerzwerkstatt.com\/ru\/wp-json\/wp\/v2\/users\/2"}],"replies":[{"embeddable":true,"href":"https:\/\/www.schmerzwerkstatt.com\/ru\/wp-json\/wp\/v2\/comments?post=3019"}],"version-history":[{"count":42,"href":"https:\/\/www.schmerzwerkstatt.com\/ru\/wp-json\/wp\/v2\/pages\/3019\/revisions"}],"predecessor-version":[{"id":15308,"href":"https:\/\/www.schmerzwerkstatt.com\/ru\/wp-json\/wp\/v2\/pages\/3019\/revisions\/15308"}],"up":[{"embeddable":true,"href":"https:\/\/www.schmerzwerkstatt.com\/ru\/wp-json\/wp\/v2\/pages\/3011"}],"wp:attachment":[{"href":"https:\/\/www.schmerzwerkstatt.com\/ru\/wp-json\/wp\/v2\/media?parent=3019"}],"curies":[{"name":"wp","href":"https:\/\/api.w.org\/{rel}","templated":true}]}}