{"id":181,"date":"2019-01-23T08:19:16","date_gmt":"2019-01-23T08:19:16","guid":{"rendered":"http:\/\/schmerzwerkstatt.com\/?page_id=181"},"modified":"2023-11-10T14:17:37","modified_gmt":"2023-11-10T14:17:37","slug":"physiotherapie","status":"publish","type":"page","link":"https:\/\/www.schmerzwerkstatt.com\/ru\/therapie\/physiotherapie\/","title":{"rendered":"\u0424\u0438\u0437\u0438\u043e\u0442\u0435\u0440\u0430\u043f\u0438\u044f"},"content":{"rendered":"\t\t<div data-elementor-type=\"wp-page\" data-elementor-id=\"181\" class=\"elementor elementor-181\" data-elementor-post-type=\"page\">\n\t\t\t\t\t\t<section class=\"elementor-section elementor-top-section elementor-element elementor-element-2808176 elementor-section-height-min-height boxed_banner elementor-section-boxed elementor-section-height-default elementor-section-items-middle\" data-id=\"2808176\" data-element_type=\"section\" data-e-type=\"section\" data-settings=\"{&quot;background_background&quot;:&quot;slideshow&quot;,&quot;background_slideshow_gallery&quot;:[{&quot;id&quot;:5132,&quot;url&quot;:&quot;http:\\\/\\\/schmerzwerkstatt.com\\\/wp-content\\\/uploads\\\/2023\\\/02\\\/physio-claudius-gall-scaled.jpg&quot;}],&quot;jet_parallax_layout_list&quot;:[],&quot;background_slideshow_loop&quot;:&quot;yes&quot;,&quot;background_slideshow_slide_duration&quot;:5000,&quot;background_slideshow_slide_transition&quot;:&quot;fade&quot;,&quot;background_slideshow_transition_duration&quot;:500}\">\n\t\t\t\t\t\t\t<div class=\"elementor-background-overlay\"><\/div>\n\t\t\t\t\t\t\t<div class=\"elementor-container elementor-column-gap-default\">\n\t\t\t\t\t<div class=\" elementor-column elementor-col-33 elementor-top-column elementor-element elementor-element-7ea173d\" data-fullscreen-column-settings=\"{&quot;fullscreen&quot;:&quot;&quot;}\" data-id=\"7ea173d\" data-element_type=\"column\" data-e-type=\"column\" data-settings=\"{&quot;background_background&quot;:&quot;classic&quot;}\">\n\t\t\t<div class=\"elementor-widget-wrap\">\n\t\t\t\t\t\t\t<\/div>\n\t\t<\/div>\n\t\t\t\t<div class=\" elementor-column elementor-col-33 elementor-top-column elementor-element elementor-element-99a2e58\" data-fullscreen-column-settings=\"{&quot;fullscreen&quot;:&quot;&quot;}\" data-id=\"99a2e58\" data-element_type=\"column\" data-e-type=\"column\" data-settings=\"{&quot;background_background&quot;:&quot;classic&quot;}\">\n\t\t\t<div class=\"elementor-widget-wrap\">\n\t\t\t\t\t\t\t<\/div>\n\t\t<\/div>\n\t\t\t\t<div class=\" elementor-column elementor-col-33 elementor-top-column elementor-element elementor-element-0dc13e7\" data-fullscreen-column-settings=\"{&quot;fullscreen&quot;:&quot;&quot;}\" data-id=\"0dc13e7\" data-element_type=\"column\" data-e-type=\"column\" data-settings=\"{&quot;background_background&quot;:&quot;classic&quot;}\">\n\t\t\t<div class=\"elementor-widget-wrap elementor-element-populated\">\n\t\t\t\t\t\t<div class=\"elementor-element elementor-element-73670cb elementor-hidden-tablet elementor-hidden-mobile elementor-widget elementor-widget-text-editor\" data-id=\"73670cb\" data-element_type=\"widget\" data-e-type=\"widget\" data-widget_type=\"text-editor.default\">\n\t\t\t\t<div class=\"elementor-widget-container\">\n\t\t\t\t\t\t\t\t\t<p>Fr\u00fcher riet man Patienten mit Schmerzen zur Ruhe und Schonung. Doch l\u00e4ngst hat sich das Verst\u00e4ndnis der Wissenschaft gewandelt: F\u00fcr die St\u00e4rkung und Lockerung der Muskulatur, und damit die langfristige Schmerzlinderung, ist Bewegung von entscheidender Bedeutung.\u00a0<\/p>\t\t\t\t\t\t\t\t<\/div>\n\t\t\t\t<\/div>\n\t\t\t\t\t<\/div>\n\t\t<\/div>\n\t\t\t\t\t<\/div>\n\t\t<\/section>\n\t\t\t\t<section class=\"elementor-section elementor-top-section elementor-element elementor-element-2797b49 elementor-section-boxed elementor-section-height-default elementor-section-height-default\" data-id=\"2797b49\" data-element_type=\"section\" data-e-type=\"section\" data-settings=\"{&quot;jet_parallax_layout_list&quot;:[]}\">\n\t\t\t\t\t\t<div class=\"elementor-container elementor-column-gap-default\">\n\t\t\t\t\t<div class=\" elementor-column elementor-col-100 elementor-top-column elementor-element elementor-element-bcd24b2\" data-fullscreen-column-settings=\"{&quot;fullscreen&quot;:&quot;&quot;}\" data-id=\"bcd24b2\" data-element_type=\"column\" data-e-type=\"column\">\n\t\t\t<div class=\"elementor-widget-wrap elementor-element-populated\">\n\t\t\t\t\t\t<div class=\"elementor-element elementor-element-39a2052 elementor-hidden-widescreen elementor-hidden-desktop elementor-hidden-laptop elementor-widget elementor-widget-heading\" data-id=\"39a2052\" data-element_type=\"widget\" data-e-type=\"widget\" data-widget_type=\"heading.default\">\n\t\t\t\t<div class=\"elementor-widget-container\">\n\t\t\t\t\t<h1 class=\"elementor-heading-title elementor-size-default\">Physiotherapie:\nBewegung statt Bettruhe<\/h1>\t\t\t\t<\/div>\n\t\t\t\t<\/div>\n\t\t\t\t<div class=\"elementor-element elementor-element-c928b62 elementor-hidden-widescreen elementor-hidden-desktop elementor-hidden-laptop elementor-widget elementor-widget-text-editor\" data-id=\"c928b62\" data-element_type=\"widget\" data-e-type=\"widget\" data-widget_type=\"text-editor.default\">\n\t\t\t\t<div class=\"elementor-widget-container\">\n\t\t\t\t\t\t\t\t\t<p>Fr\u00fcher riet man Patienten mit Schmerzen zur Ruhe und Schonung. Doch l\u00e4ngst hat sich das Verst\u00e4ndnis der Wissenschaft gewandelt: F\u00fcr die St\u00e4rkung und Lockerung der Muskulatur, und damit die langfristige Schmerzlinderung, ist Bewegung von entscheidender Bedeutung.\u00a0<\/p>\n<p>Laut Leitlinien ist Bewegungstherapie bereits bei Patienten angezeigt, die l\u00e4nger als sechs Tage unter R\u00fcckenschmerzen leiden. Bei der Therapie von chronischen Schmerzen ist sie ein unerl\u00e4\u00dflicher Behandlungsbaustein. Deshalb geh\u00f6rt auch eine Physiotherapeutin zu unseren Partnern. Ein individuelles Trainingsprogramm tr\u00e4gt zum Aufbau der Muskulatur und zur Verbesserung der Haltung bei. Die damit erzielte Schmerzreduktion ist ein erster Ansto\u00df, selbstst\u00e4ndig weiter zu trainieren. Ein \u00dcbungsplan f\u00fcr zu Hause wirkt dabei unterst\u00fctzend und hat einen vorbeugenden Effekt.\u00a0<\/p>\n<p>Die Bewegungstherapie findet entweder in der\u00a0<a href=\"https:\/\/www.schmerzwerkstatt.de\/ueber-uns\/warum-schmerzwerkstatt-muenchen\">Schmerzwerkstatt M\u00fcnchen<\/a>\u00a0oder bei unseren Partnern statt. Wir sind Anh\u00e4nger der Osteopathie. So wie sich das\u00a0<a href=\"https:\/\/www.schmerzwerkstatt.de\/muenchner-rueckenschmerzmodell\">M\u00fcnchner R\u00fcckenschmerzmodell<\/a>\u00a0aus verschiedenen Blickwinkeln dem Thema\u00a0R\u00fcckenschmerz\u00a0n\u00e4hert, so bem\u00fcht sich die Osteopathie, komplexe Schmerzursachen zu bestimmen und gezielt zu behandeln. Dabei ist sich auch die Osteopathie des Zusammenhangs aller K\u00f6rperstrukturen bewusst und arbeitet daher mit so genannten Ursache-Folge-Ketten.<\/p>\t\t\t\t\t\t\t\t<\/div>\n\t\t\t\t<\/div>\n\t\t\t\t\t<\/div>\n\t\t<\/div>\n\t\t\t\t\t<\/div>\n\t\t<\/section>\n\t\t\t\t<section class=\"elementor-section elementor-top-section elementor-element elementor-element-2620ed4 elementor-section-boxed elementor-section-height-default elementor-section-height-default\" data-id=\"2620ed4\" data-element_type=\"section\" data-e-type=\"section\" data-settings=\"{&quot;jet_parallax_layout_list&quot;:[]}\">\n\t\t\t\t\t\t<div class=\"elementor-container elementor-column-gap-default\">\n\t\t\t\t\t<div class=\" elementor-column elementor-col-100 elementor-top-column elementor-element elementor-element-a3f5f00\" data-fullscreen-column-settings=\"{&quot;fullscreen&quot;:&quot;&quot;}\" data-id=\"a3f5f00\" data-element_type=\"column\" data-e-type=\"column\">\n\t\t\t<div class=\"elementor-widget-wrap elementor-element-populated\">\n\t\t\t\t\t\t<div class=\"elementor-element elementor-element-d72d42a elementor-hidden-tablet elementor-hidden-mobile elementor-widget elementor-widget-heading\" data-id=\"d72d42a\" data-element_type=\"widget\" data-e-type=\"widget\" data-widget_type=\"heading.default\">\n\t\t\t\t<div class=\"elementor-widget-container\">\n\t\t\t\t\t<h2 class=\"elementor-heading-title elementor-size-default\">Physiotherapie:\n<b>Bewegung statt Bettruhe\n<\/b><\/h2>\t\t\t\t<\/div>\n\t\t\t\t<\/div>\n\t\t\t\t\t<\/div>\n\t\t<\/div>\n\t\t\t\t\t<\/div>\n\t\t<\/section>\n\t\t\t\t<section class=\"elementor-section elementor-top-section elementor-element elementor-element-84ca593 elementor-section-content-middle boxed_banner elementor-section-boxed elementor-section-height-default elementor-section-height-default\" data-id=\"84ca593\" data-element_type=\"section\" data-e-type=\"section\" data-settings=\"{&quot;jet_parallax_layout_list&quot;:[],&quot;background_background&quot;:&quot;classic&quot;}\">\n\t\t\t\t\t\t\t<div class=\"elementor-background-overlay\"><\/div>\n\t\t\t\t\t\t\t<div class=\"elementor-container elementor-column-gap-default\">\n\t\t\t\t\t<div class=\" elementor-column elementor-col-50 elementor-top-column elementor-element elementor-element-5acaec0 elementor-hidden-tablet\" data-fullscreen-column-settings=\"{&quot;fullscreen&quot;:&quot;&quot;}\" data-id=\"5acaec0\" data-element_type=\"column\" data-e-type=\"column\" data-settings=\"{&quot;background_background&quot;:&quot;gradient&quot;}\">\n\t\t\t<div class=\"elementor-widget-wrap elementor-element-populated\">\n\t\t\t\t\t\t<div class=\"elementor-element elementor-element-cd936f1 elementor-widget__width-initial elementor-absolute elementor-widget-tablet__width-initial elementor-widget-widescreen__width-initial elementor-widget-laptop__width-initial elementor-hidden-tablet elementor-hidden-mobile elementor-invisible elementor-widget elementor-widget-litho-heading\" data-id=\"cd936f1\" data-element_type=\"widget\" data-e-type=\"widget\" data-settings=\"{&quot;_position&quot;:&quot;absolute&quot;,&quot;sticky&quot;:&quot;top&quot;,&quot;_animation&quot;:&quot;fadeInDown&quot;,&quot;_animation_delay&quot;:300,&quot;sticky_parent&quot;:&quot;yes&quot;,&quot;sticky_on&quot;:[&quot;widescreen&quot;,&quot;desktop&quot;,&quot;laptop&quot;,&quot;tablet&quot;,&quot;mobile&quot;],&quot;sticky_offset&quot;:0,&quot;sticky_effects_offset&quot;:0,&quot;sticky_anchor_link_offset&quot;:0}\" data-widget_type=\"litho-heading.default\">\n\t\t\t\t<div class=\"elementor-widget-container\">\n\t\t\t\t\t<div class=\"litho-heading elementor-size-default\"><span class=\"litho-primary-title\">Ein individuelles Trainingsprogramm tr\u00e4gt zum Aufbau der Muskulatur und zur Verbesserung der Haltung bei<\/span><\/div>\t\t\t\t<\/div>\n\t\t\t\t<\/div>\n\t\t\t\t\t<\/div>\n\t\t<\/div>\n\t\t\t\t<div class=\" elementor-column elementor-col-50 elementor-top-column elementor-element elementor-element-0aa5aa8\" data-fullscreen-column-settings=\"{&quot;fullscreen&quot;:&quot;&quot;}\" data-id=\"0aa5aa8\" data-element_type=\"column\" data-e-type=\"column\">\n\t\t\t<div class=\"elementor-widget-wrap elementor-element-populated\">\n\t\t\t\t\t\t<div class=\"elementor-element elementor-element-a8b0f41 elementor-widget elementor-widget-spacer\" data-id=\"a8b0f41\" data-element_type=\"widget\" data-e-type=\"widget\" data-widget_type=\"spacer.default\">\n\t\t\t\t<div class=\"elementor-widget-container\">\n\t\t\t\t\t\t\t<div class=\"elementor-spacer\">\n\t\t\t<div class=\"elementor-spacer-inner\"><\/div>\n\t\t<\/div>\n\t\t\t\t\t\t<\/div>\n\t\t\t\t<\/div>\n\t\t\t\t<div class=\"elementor-element elementor-element-197c3d7 elementor-hidden-tablet elementor-hidden-mobile elementor-widget elementor-widget-litho-heading\" data-id=\"197c3d7\" data-element_type=\"widget\" data-e-type=\"widget\" data-widget_type=\"litho-heading.default\">\n\t\t\t\t<div class=\"elementor-widget-container\">\n\t\t\t\t\t<h5 class=\"litho-heading elementor-size-default\"><span class=\"litho-primary-title\">Hintergr\u00fcnde Ihres Schmerzes im Blick<\/span><\/h5>\t\t\t\t<\/div>\n\t\t\t\t<\/div>\n\t\t\t\t<div class=\"elementor-element elementor-element-b4b6be0 elementor-hidden-tablet elementor-hidden-mobile elementor-widget elementor-widget-text-editor\" data-id=\"b4b6be0\" data-element_type=\"widget\" data-e-type=\"widget\" data-widget_type=\"text-editor.default\">\n\t\t\t\t<div class=\"elementor-widget-container\">\n\t\t\t\t\t\t\t\t\t<p><!-- \/wp:paragraph --><!-- wp:paragraph --><\/p>\n<p>Laut Leitlinien ist Bewegungstherapie bereits bei Patienten angezeigt, die l\u00e4nger als sechs Tage unter R\u00fcckenschmerzen leiden. Bei der Therapie von chronischen Schmerzen ist sie ein unerl\u00e4\u00dflicher Behandlungsbaustein. Deshalb geh\u00f6rt auch eine Physiotherapeutin zu unseren Partnern. Ein individuelles Trainingsprogramm tr\u00e4gt zum Aufbau der Muskulatur und zur Verbesserung der Haltung bei. Die damit erzielte Schmerzreduktion ist ein erster Ansto\u00df, selbstst\u00e4ndig weiter zu trainieren. Ein \u00dcbungsplan f\u00fcr zu Hause wirkt dabei unterst\u00fctzend und hat einen vorbeugenden Effekt.\u00a0<\/p>\n<p><!-- \/wp:paragraph --><!-- wp:paragraph --><\/p>\n<p>Die Bewegungstherapie findet entweder in der\u00a0<a href=\"\/ueber-uns\/warum-schmerzwerkstatt-muenchen\">Schmerzwerkstatt M\u00fcnchen<\/a>\u00a0oder bei unseren Partnern statt. Wir sind Anh\u00e4nger der Osteopathie. So wie sich das <a href=\"\/muenchner-rueckenschmerzmodell\">M\u00fcnchner R\u00fcckenschmerzmodell<\/a> aus verschiedenen Blickwinkeln dem Thema R\u00fcckenschmerz n\u00e4hert, so bem\u00fcht sich die Osteopathie, komplexe Schmerzursachen zu bestimmen und gezielt zu behandeln. Dabei ist sich auch die Osteopathie des Zusammenhangs aller K\u00f6rperstrukturen bewusst und arbeitet daher mit so genannten Ursache-Folge-Ketten.<\/p>\t\t\t\t\t\t\t\t<\/div>\n\t\t\t\t<\/div>\n\t\t\t\t<section class=\"elementor-section elementor-inner-section elementor-element elementor-element-50767ef elementor-section-boxed elementor-section-height-default elementor-section-height-default\" data-id=\"50767ef\" data-element_type=\"section\" data-e-type=\"section\" data-settings=\"{&quot;background_background&quot;:&quot;classic&quot;,&quot;jet_parallax_layout_list&quot;:[]}\">\n\t\t\t\t\t\t<div class=\"elementor-container elementor-column-gap-default\">\n\t\t\t\t\t<div class=\" elementor-column elementor-col-50 elementor-inner-column elementor-element elementor-element-ceaa60a\" data-fullscreen-column-settings=\"{&quot;fullscreen&quot;:&quot;&quot;}\" data-id=\"ceaa60a\" data-element_type=\"column\" data-e-type=\"column\">\n\t\t\t<div class=\"elementor-widget-wrap elementor-element-populated\">\n\t\t\t\t\t\t<div class=\"elementor-element elementor-element-d861828 elementor-widget elementor-widget-heading\" data-id=\"d861828\" data-element_type=\"widget\" data-e-type=\"widget\" data-widget_type=\"heading.default\">\n\t\t\t\t<div class=\"elementor-widget-container\">\n\t\t\t\t\t<h2 class=\"elementor-heading-title elementor-size-default\">Hier k\u00f6nnen Sie mit uns Kontakt aufnehmen.<\/h2>\t\t\t\t<\/div>\n\t\t\t\t<\/div>\n\t\t\t\t\t<\/div>\n\t\t<\/div>\n\t\t\t\t<div class=\" elementor-column elementor-col-50 elementor-inner-column elementor-element elementor-element-5a48169\" data-fullscreen-column-settings=\"{&quot;fullscreen&quot;:&quot;&quot;}\" data-id=\"5a48169\" data-element_type=\"column\" data-e-type=\"column\">\n\t\t\t<div class=\"elementor-widget-wrap elementor-element-populated\">\n\t\t\t\t\t\t<div class=\"elementor-element elementor-element-96a7fe2 elementor-mobile-align-center elementor-widget elementor-widget-litho-button-gradient\" data-id=\"96a7fe2\" data-element_type=\"widget\" data-e-type=\"widget\" data-widget_type=\"litho-button-gradient.default\">\n\t\t\t\t<div class=\"elementor-widget-container\">\n\t\t\t\t\t\t\t\t\t<div class=\"elementor-gradient-button-wrapper\">\n\t\t\t\t\t<a href=\"#elementor-action%3Aaction%3Dpopup%3Aopen%26settings%3DeyJpZCI6IjEwODg5IiwidG9nZ2xlIjpmYWxzZX0%3D\" class=\"elementor-gradient-button-link elementor-gradient-button elementor-size-md \" role=\"button\">\n\t\t\t\t\t\t\t\t\t<span class=\"elementor-gradient-button-content-wrapper\">\n\t\t\t\t\t\t\t\t\t\t\t\t\t<span class=\"elementor-gradient-button-text\">Zum Kontakt<\/span>\n\t\t\t\t\t\t\t<\/span>\n\t\t\t\t\t\t\t\t<\/a>\n\t\t\t\t<\/div>\n\t\t\t\t\t\t\t<\/div>\n\t\t\t\t<\/div>\n\t\t\t\t\t<\/div>\n\t\t<\/div>\n\t\t\t\t\t<\/div>\n\t\t<\/section>\n\t\t\t\t<div class=\"elementor-element elementor-element-5dc7fef elementor-widget elementor-widget-spacer\" data-id=\"5dc7fef\" data-element_type=\"widget\" data-e-type=\"widget\" data-widget_type=\"spacer.default\">\n\t\t\t\t<div class=\"elementor-widget-container\">\n\t\t\t\t\t\t\t<div class=\"elementor-spacer\">\n\t\t\t<div class=\"elementor-spacer-inner\"><\/div>\n\t\t<\/div>\n\t\t\t\t\t\t<\/div>\n\t\t\t\t<\/div>\n\t\t\t\t\t<\/div>\n\t\t<\/div>\n\t\t\t\t\t<\/div>\n\t\t<\/section>\n\t\t\t\t<\/div>\n\t\t","protected":false},"excerpt":{"rendered":"<p>Fr\u00fcher riet man Patienten mit Schmerzen zur Ruhe und Schonung. Doch l\u00e4ngst hat sich das Verst\u00e4ndnis der Wissenschaft gewandelt: F\u00fcr die St\u00e4rkung und Lockerung der Muskulatur, und damit die langfristige Schmerzlinderung, ist Bewegung von entscheidender Bedeutung.\u00a0 Physiotherapie: Bewegung statt Bettruhe Fr\u00fcher riet man Patienten mit Schmerzen zur Ruhe und Schonung. Doch l\u00e4ngst hat sich das [&hellip;]<\/p>\n","protected":false},"author":2,"featured_media":2117,"parent":38,"menu_order":0,"comment_status":"closed","ping_status":"closed","template":"elementor_header_footer","meta":{"iawp_total_views":216,"footnotes":""},"class_list":["post-181","page","type-page","status-publish","has-post-thumbnail","hentry"],"_links":{"self":[{"href":"https:\/\/www.schmerzwerkstatt.com\/ru\/wp-json\/wp\/v2\/pages\/181","targetHints":{"allow":["GET"]}}],"collection":[{"href":"https:\/\/www.schmerzwerkstatt.com\/ru\/wp-json\/wp\/v2\/pages"}],"about":[{"href":"https:\/\/www.schmerzwerkstatt.com\/ru\/wp-json\/wp\/v2\/types\/page"}],"author":[{"embeddable":true,"href":"https:\/\/www.schmerzwerkstatt.com\/ru\/wp-json\/wp\/v2\/users\/2"}],"replies":[{"embeddable":true,"href":"https:\/\/www.schmerzwerkstatt.com\/ru\/wp-json\/wp\/v2\/comments?post=181"}],"version-history":[{"count":72,"href":"https:\/\/www.schmerzwerkstatt.com\/ru\/wp-json\/wp\/v2\/pages\/181\/revisions"}],"predecessor-version":[{"id":15323,"href":"https:\/\/www.schmerzwerkstatt.com\/ru\/wp-json\/wp\/v2\/pages\/181\/revisions\/15323"}],"up":[{"embeddable":true,"href":"https:\/\/www.schmerzwerkstatt.com\/ru\/wp-json\/wp\/v2\/pages\/38"}],"wp:featuredmedia":[{"embeddable":true,"href":"https:\/\/www.schmerzwerkstatt.com\/ru\/wp-json\/wp\/v2\/media\/2117"}],"wp:attachment":[{"href":"https:\/\/www.schmerzwerkstatt.com\/ru\/wp-json\/wp\/v2\/media?parent=181"}],"curies":[{"name":"wp","href":"https:\/\/api.w.org\/{rel}","templated":true}]}}