{"id":16499,"date":"2025-04-11T03:20:34","date_gmt":"2025-04-11T03:20:34","guid":{"rendered":"https:\/\/schmerzwerkstatt.com\/?page_id=16499"},"modified":"2025-04-11T04:54:19","modified_gmt":"2025-04-11T04:54:19","slug":"medien-presse","status":"publish","type":"page","link":"https:\/\/www.schmerzwerkstatt.com\/ru\/medien-presse\/","title":{"rendered":"\u0421\u041c\u0418 \u0438 \u043f\u0440\u0435\u0441\u0441\u0430"},"content":{"rendered":"\t\t<div data-elementor-type=\"wp-page\" data-elementor-id=\"16499\" class=\"elementor elementor-16499\" data-elementor-post-type=\"page\">\n\t\t\t\t\t\t<section class=\"elementor-section elementor-top-section elementor-element elementor-element-6e8192e elementor-section-boxed elementor-section-height-default elementor-section-height-default\" data-id=\"6e8192e\" data-element_type=\"section\" data-e-type=\"section\" data-settings=\"{&quot;jet_parallax_layout_list&quot;:[]}\">\n\t\t\t\t\t\t<div class=\"elementor-container elementor-column-gap-default\">\n\t\t\t\t\t<div class=\" elementor-column elementor-col-50 elementor-top-column elementor-element elementor-element-ef0cd4f\" data-fullscreen-column-settings=\"{&quot;fullscreen&quot;:&quot;&quot;}\" data-id=\"ef0cd4f\" data-element_type=\"column\" data-e-type=\"column\" data-settings=\"{&quot;background_background&quot;:&quot;slideshow&quot;,&quot;background_slideshow_gallery&quot;:[{&quot;id&quot;:4732,&quot;url&quot;:&quot;https:\\\/\\\/schmerzwerkstatt.com\\\/wp-content\\\/uploads\\\/2023\\\/02\\\/Praxis_Dr_Gall_Interaktion_6214.jpg&quot;},{&quot;id&quot;:4731,&quot;url&quot;:&quot;https:\\\/\\\/schmerzwerkstatt.com\\\/wp-content\\\/uploads\\\/2023\\\/02\\\/Praxis_Dr_Gall_Interaktion_6209.jpg&quot;},{&quot;id&quot;:4734,&quot;url&quot;:&quot;https:\\\/\\\/schmerzwerkstatt.com\\\/wp-content\\\/uploads\\\/2023\\\/02\\\/Praxis_Dr_Gall_Interaktion_6224.jpg&quot;}],&quot;background_slideshow_loop&quot;:&quot;yes&quot;,&quot;background_slideshow_slide_duration&quot;:5000,&quot;background_slideshow_slide_transition&quot;:&quot;fade&quot;,&quot;background_slideshow_transition_duration&quot;:500}\">\n\t\t\t<div class=\"elementor-widget-wrap\">\n\t\t\t\t\t\t\t<\/div>\n\t\t<\/div>\n\t\t\t\t<div class=\" elementor-column elementor-col-50 elementor-top-column elementor-element elementor-element-20a243f\" data-fullscreen-column-settings=\"{&quot;fullscreen&quot;:&quot;&quot;}\" data-id=\"20a243f\" data-element_type=\"column\" data-e-type=\"column\" data-settings=\"{&quot;background_background&quot;:&quot;gradient&quot;}\">\n\t\t\t<div class=\"elementor-widget-wrap elementor-element-populated\">\n\t\t\t\t\t\t<div class=\"elementor-element elementor-element-eafc12b elementor-widget elementor-widget-heading\" data-id=\"eafc12b\" data-element_type=\"widget\" data-e-type=\"widget\" data-widget_type=\"heading.default\">\n\t\t\t\t<div class=\"elementor-widget-container\">\n\t\t\t\t\t<h2 class=\"elementor-heading-title elementor-size-default\">Medien &amp; Presse<\/h2>\t\t\t\t<\/div>\n\t\t\t\t<\/div>\n\t\t\t\t<div class=\"elementor-element elementor-element-60e0815 elementor-widget elementor-widget-heading\" data-id=\"60e0815\" data-element_type=\"widget\" data-e-type=\"widget\" data-widget_type=\"heading.default\">\n\t\t\t\t<div class=\"elementor-widget-container\">\n\t\t\t\t\t<h2 class=\"elementor-heading-title elementor-size-default\">Die SchmerzWerkstatt steht f\u00fcr individuelle Diagnostik, moderne Technologie und ein vertrauensvolles Arzt-Patienten-Verh\u00e4ltnis auf Augenh\u00f6he.<\/h2>\t\t\t\t<\/div>\n\t\t\t\t<\/div>\n\t\t\t\t<div class=\"elementor-element elementor-element-c4efc49 elementor-hidden-tablet elementor-hidden-mobile elementor-widget elementor-widget-text-editor\" data-id=\"c4efc49\" data-element_type=\"widget\" data-e-type=\"widget\" data-widget_type=\"text-editor.default\">\n\t\t\t\t<div class=\"elementor-widget-container\">\n\t\t\t\t\t\t\t\t\t<p class=\"\" data-start=\"200\" data-end=\"723\">Mit \u00fcber 25 Jahren Erfahrung in der Schmerztherapie und einem tiefen Verst\u00e4ndnis f\u00fcr pers\u00f6nliche Schmerzausl\u00f6ser setzen wir neue Ma\u00dfst\u00e4be in der Behandlung chronischer Schmerzen. In unserem Pressebereich finden Sie aktuelle Informationen, Fachbeitr\u00e4ge und Medienmaterialien rund um unsere Arbeit, unser medizinisches Konzept und innovative Ans\u00e4tze wie den \u201eSchmerzschrittmacher\u201c.<\/p><p class=\"\" data-start=\"725\" data-end=\"867\">Wir freuen uns, wenn Sie \u00fcber uns berichten und unsere Mission teilen: exzellente Schmerzmedizin mit Menschlichkeit, Diskretion und Pr\u00e4zision.<\/p>\t\t\t\t\t\t\t\t<\/div>\n\t\t\t\t<\/div>\n\t\t\t\t\t<\/div>\n\t\t<\/div>\n\t\t\t\t\t<\/div>\n\t\t<\/section>\n\t\t\t\t<section class=\"elementor-section elementor-top-section elementor-element elementor-element-d2a1ec0 elementor-section-boxed elementor-section-height-default elementor-section-height-default\" data-id=\"d2a1ec0\" data-element_type=\"section\" data-e-type=\"section\" data-settings=\"{&quot;jet_parallax_layout_list&quot;:[]}\">\n\t\t\t\t\t\t<div class=\"elementor-container elementor-column-gap-default\">\n\t\t\t\t\t<div class=\" elementor-column elementor-col-50 elementor-top-column elementor-element elementor-element-1b78297\" data-fullscreen-column-settings=\"{&quot;fullscreen&quot;:&quot;&quot;}\" data-id=\"1b78297\" data-element_type=\"column\" data-e-type=\"column\">\n\t\t\t<div class=\"elementor-widget-wrap elementor-element-populated\">\n\t\t\t\t\t\t<div class=\"elementor-element elementor-element-a3e4f07 elementor-widget elementor-widget-shortcode\" data-id=\"a3e4f07\" data-element_type=\"widget\" data-e-type=\"widget\" data-widget_type=\"shortcode.default\">\n\t\t\t\t<div class=\"elementor-widget-container\">\n\t\t\t\t\t\t\t<div class=\"elementor-shortcode\">\n            <div \n                class=\"elfsight-widget-file-embed elfsight-widget\" \n                data-elfsight-file-embed-options=\"%7B%22files%22%3A%5B%7B%22link%22%3A%22https%3A%5C%2F%5C%2Fschmerzwerkstatt.com%5C%2Fwp-content%5C%2Fuploads%5C%2F2025%5C%2F04%5C%2FSchmerzwerkstatt-Flyer.pdf%22%2C%22name%22%3A%22Schmerzwerkstatt%20Flyer%22%2C%22previewImage%22%3A%22https%3A%5C%2F%5C%2Fschmerzwerkstatt.com%5C%2Fwp-content%5C%2Fuploads%5C%2F2025%5C%2F04%5C%2F104818_pdf_icon.png%22%7D%5D%2C%22widgetTitle%22%3A%22Schmerzwerkstatt%20Flyer%22%2C%22layout%22%3A%22viewer%22%2C%22showIcon%22%3Atrue%2C%22previewImageSize%22%3A70%2C%22showDownloadLink%22%3Atrue%2C%22downloadLinkText%22%3A%22Herunterladen%22%2C%22width%22%3A800%2C%22nameColor%22%3A%22rgb%280%2C%2085%2C%20126%29%22%2C%22downloadColor%22%3A%22rgb%280%2C%2085%2C%20126%29%22%2C%22backgroundColor%22%3A%22rgb%28248%2C%20248%2C%20248%29%22%2C%22fileBackgroundColor%22%3A%22rgb%28240%2C%20240%2C%20240%29%22%2C%22widgetTitleColor%22%3A%22rgb%280%2C%2085%2C%20126%29%22%2C%22iconColor%22%3A%22%22%2C%22nameFontSize%22%3A16%2C%22downloadFontSize%22%3A15%2C%22widgetTitleFontSize%22%3A23%2C%22widgetId%22%3A%227%22%7D\" \n                data-elfsight-file-embed-version=\"1.1.1\"\n                data-elfsight-widget-id=\"elfsight-file-embed-7\">\n            <\/div>\n            <\/div>\n\t\t\t\t\t\t<\/div>\n\t\t\t\t<\/div>\n\t\t\t\t\t<\/div>\n\t\t<\/div>\n\t\t\t\t<div class=\" elementor-column elementor-col-50 elementor-top-column elementor-element elementor-element-793f7b5\" data-fullscreen-column-settings=\"{&quot;fullscreen&quot;:&quot;&quot;}\" data-id=\"793f7b5\" data-element_type=\"column\" data-e-type=\"column\">\n\t\t\t<div class=\"elementor-widget-wrap elementor-element-populated\">\n\t\t\t\t\t\t<div class=\"elementor-element elementor-element-2ec23b3 elementor-widget elementor-widget-shortcode\" data-id=\"2ec23b3\" data-element_type=\"widget\" data-e-type=\"widget\" data-widget_type=\"shortcode.default\">\n\t\t\t\t<div class=\"elementor-widget-container\">\n\t\t\t\t\t\t\t<div class=\"elementor-shortcode\">\n            <div \n                class=\"elfsight-widget-file-embed elfsight-widget\" \n                data-elfsight-file-embed-options=\"%7B%22files%22%3A%5B%7B%22link%22%3A%22https%3A%5C%2F%5C%2Fschmerzwerkstatt.com%5C%2Fwp-content%5C%2Fuploads%5C%2F2025%5C%2F04%5C%2FSchmerzwerkstatt-Flyer-Neuromodulation.pdf%22%2C%22name%22%3A%22Neuromodulation%22%2C%22previewImage%22%3A%22https%3A%5C%2F%5C%2Fschmerzwerkstatt.com%5C%2Fwp-content%5C%2Fuploads%5C%2F2025%5C%2F04%5C%2F104818_pdf_icon.png%22%7D%5D%2C%22widgetTitle%22%3A%22Neuromodulation%20Flyer%22%2C%22layout%22%3A%22viewer%22%2C%22showIcon%22%3Atrue%2C%22previewImageSize%22%3A70%2C%22showDownloadLink%22%3Atrue%2C%22downloadLinkText%22%3A%22Herunterladen%22%2C%22width%22%3A800%2C%22nameColor%22%3A%22rgb%280%2C%2085%2C%20126%29%22%2C%22downloadColor%22%3A%22rgb%280%2C%2085%2C%20126%29%22%2C%22backgroundColor%22%3A%22rgb%28248%2C%20248%2C%20248%29%22%2C%22fileBackgroundColor%22%3A%22rgb%28240%2C%20240%2C%20240%29%22%2C%22widgetTitleColor%22%3A%22rgb%280%2C%2085%2C%20126%29%22%2C%22iconColor%22%3A%22%22%2C%22nameFontSize%22%3A16%2C%22downloadFontSize%22%3A15%2C%22widgetTitleFontSize%22%3A23%2C%22widgetId%22%3A%223%22%7D\" \n                data-elfsight-file-embed-version=\"1.1.1\"\n                data-elfsight-widget-id=\"elfsight-file-embed-3\">\n            <\/div>\n            <\/div>\n\t\t\t\t\t\t<\/div>\n\t\t\t\t<\/div>\n\t\t\t\t\t<\/div>\n\t\t<\/div>\n\t\t\t\t\t<\/div>\n\t\t<\/section>\n\t\t\t\t<section class=\"elementor-section elementor-top-section elementor-element elementor-element-0f10045 elementor-section-boxed elementor-section-height-default elementor-section-height-default\" data-id=\"0f10045\" data-element_type=\"section\" data-e-type=\"section\" data-settings=\"{&quot;jet_parallax_layout_list&quot;:[]}\">\n\t\t\t\t\t\t<div class=\"elementor-container elementor-column-gap-default\">\n\t\t\t\t\t<div class=\" elementor-column elementor-col-50 elementor-top-column elementor-element elementor-element-8fb5176\" data-fullscreen-column-settings=\"{&quot;fullscreen&quot;:&quot;&quot;}\" data-id=\"8fb5176\" data-element_type=\"column\" data-e-type=\"column\">\n\t\t\t<div class=\"elementor-widget-wrap elementor-element-populated\">\n\t\t\t\t\t\t<div class=\"elementor-element elementor-element-5ade9db elementor-widget elementor-widget-shortcode\" data-id=\"5ade9db\" data-element_type=\"widget\" data-e-type=\"widget\" data-widget_type=\"shortcode.default\">\n\t\t\t\t<div class=\"elementor-widget-container\">\n\t\t\t\t\t\t\t<div class=\"elementor-shortcode\">\n            <div \n                class=\"elfsight-widget-file-embed elfsight-widget\" \n                data-elfsight-file-embed-options=\"%7B%22files%22%3A%5B%7B%22link%22%3A%22https%3A%5C%2F%5C%2Fschmerzwerkstatt.com%5C%2Fwp-content%5C%2Fuploads%5C%2F2025%5C%2F04%5C%2FSchmerzwerkstatt-Flyer-Kopfschmerzen.pdf%22%2C%22name%22%3A%22Kopfschmerzen%22%2C%22previewImage%22%3A%22https%3A%5C%2F%5C%2Fschmerzwerkstatt.com%5C%2Fwp-content%5C%2Fuploads%5C%2F2025%5C%2F04%5C%2F104818_pdf_icon.png%22%7D%5D%2C%22widgetTitle%22%3A%22Kopfschmerzen%20Flyer%22%2C%22layout%22%3A%22viewer%22%2C%22showIcon%22%3Atrue%2C%22previewImageSize%22%3A70%2C%22showDownloadLink%22%3Atrue%2C%22downloadLinkText%22%3A%22Herunterladen%22%2C%22width%22%3A800%2C%22nameColor%22%3A%22rgb%280%2C%2085%2C%20126%29%22%2C%22downloadColor%22%3A%22rgb%280%2C%2085%2C%20126%29%22%2C%22backgroundColor%22%3A%22rgb%28248%2C%20248%2C%20248%29%22%2C%22fileBackgroundColor%22%3A%22rgb%28240%2C%20240%2C%20240%29%22%2C%22widgetTitleColor%22%3A%22rgb%280%2C%2085%2C%20126%29%22%2C%22iconColor%22%3A%22%22%2C%22nameFontSize%22%3A16%2C%22downloadFontSize%22%3A15%2C%22widgetTitleFontSize%22%3A23%2C%22widgetId%22%3A%224%22%7D\" \n                data-elfsight-file-embed-version=\"1.1.1\"\n                data-elfsight-widget-id=\"elfsight-file-embed-4\">\n            <\/div>\n            <\/div>\n\t\t\t\t\t\t<\/div>\n\t\t\t\t<\/div>\n\t\t\t\t\t<\/div>\n\t\t<\/div>\n\t\t\t\t<div class=\" elementor-column elementor-col-50 elementor-top-column elementor-element elementor-element-c234922\" data-fullscreen-column-settings=\"{&quot;fullscreen&quot;:&quot;&quot;}\" data-id=\"c234922\" data-element_type=\"column\" data-e-type=\"column\">\n\t\t\t<div class=\"elementor-widget-wrap elementor-element-populated\">\n\t\t\t\t\t\t<div class=\"elementor-element elementor-element-fc5b9ac elementor-widget elementor-widget-shortcode\" data-id=\"fc5b9ac\" data-element_type=\"widget\" data-e-type=\"widget\" data-widget_type=\"shortcode.default\">\n\t\t\t\t<div class=\"elementor-widget-container\">\n\t\t\t\t\t\t\t<div class=\"elementor-shortcode\">\n            <div \n                class=\"elfsight-widget-file-embed elfsight-widget\" \n                data-elfsight-file-embed-options=\"%7B%22files%22%3A%5B%7B%22link%22%3A%22https%3A%5C%2F%5C%2Fschmerzwerkstatt.com%5C%2Fwp-content%5C%2Fuploads%5C%2F2025%5C%2F04%5C%2FSchmerzwerkstatt-Flyer-Rueckenschmerzen.pdf%22%2C%22name%22%3A%22R%5Cu00fcckenschmerzen%22%2C%22previewImage%22%3A%22https%3A%5C%2F%5C%2Fschmerzwerkstatt.com%5C%2Fwp-content%5C%2Fuploads%5C%2F2025%5C%2F04%5C%2F104818_pdf_icon.png%22%7D%5D%2C%22widgetTitle%22%3A%22R%5Cu00fcckenschmerzen%20Flyer%22%2C%22layout%22%3A%22viewer%22%2C%22showIcon%22%3Atrue%2C%22previewImageSize%22%3A70%2C%22showDownloadLink%22%3Atrue%2C%22downloadLinkText%22%3A%22Herunterladen%22%2C%22width%22%3A800%2C%22nameColor%22%3A%22rgb%280%2C%2085%2C%20126%29%22%2C%22downloadColor%22%3A%22rgb%280%2C%2085%2C%20126%29%22%2C%22backgroundColor%22%3A%22rgb%28248%2C%20248%2C%20248%29%22%2C%22fileBackgroundColor%22%3A%22rgb%28240%2C%20240%2C%20240%29%22%2C%22widgetTitleColor%22%3A%22rgb%280%2C%2085%2C%20126%29%22%2C%22iconColor%22%3A%22%22%2C%22nameFontSize%22%3A16%2C%22downloadFontSize%22%3A15%2C%22widgetTitleFontSize%22%3A23%2C%22widgetId%22%3A%225%22%7D\" \n                data-elfsight-file-embed-version=\"1.1.1\"\n                data-elfsight-widget-id=\"elfsight-file-embed-5\">\n            <\/div>\n            <\/div>\n\t\t\t\t\t\t<\/div>\n\t\t\t\t<\/div>\n\t\t\t\t\t<\/div>\n\t\t<\/div>\n\t\t\t\t\t<\/div>\n\t\t<\/section>\n\t\t\t\t<\/div>\n\t\t","protected":false},"excerpt":{"rendered":"<p>Medien &#038; Presse Die SchmerzWerkstatt steht f\u00fcr individuelle Diagnostik, moderne Technologie und ein vertrauensvolles Arzt-Patienten-Verh\u00e4ltnis auf Augenh\u00f6he. Mit \u00fcber 25 Jahren Erfahrung in der Schmerztherapie und einem tiefen Verst\u00e4ndnis f\u00fcr pers\u00f6nliche Schmerzausl\u00f6ser setzen wir neue Ma\u00dfst\u00e4be in der Behandlung chronischer Schmerzen. In unserem Pressebereich finden Sie aktuelle Informationen, Fachbeitr\u00e4ge und Medienmaterialien rund um unsere Arbeit, [&hellip;]<\/p>\n","protected":false},"author":2,"featured_media":0,"parent":0,"menu_order":0,"comment_status":"closed","ping_status":"closed","template":"elementor_header_footer","meta":{"iawp_total_views":169,"footnotes":""},"class_list":["post-16499","page","type-page","status-publish","hentry"],"_links":{"self":[{"href":"https:\/\/www.schmerzwerkstatt.com\/ru\/wp-json\/wp\/v2\/pages\/16499","targetHints":{"allow":["GET"]}}],"collection":[{"href":"https:\/\/www.schmerzwerkstatt.com\/ru\/wp-json\/wp\/v2\/pages"}],"about":[{"href":"https:\/\/www.schmerzwerkstatt.com\/ru\/wp-json\/wp\/v2\/types\/page"}],"author":[{"embeddable":true,"href":"https:\/\/www.schmerzwerkstatt.com\/ru\/wp-json\/wp\/v2\/users\/2"}],"replies":[{"embeddable":true,"href":"https:\/\/www.schmerzwerkstatt.com\/ru\/wp-json\/wp\/v2\/comments?post=16499"}],"version-history":[{"count":16,"href":"https:\/\/www.schmerzwerkstatt.com\/ru\/wp-json\/wp\/v2\/pages\/16499\/revisions"}],"predecessor-version":[{"id":16525,"href":"https:\/\/www.schmerzwerkstatt.com\/ru\/wp-json\/wp\/v2\/pages\/16499\/revisions\/16525"}],"wp:attachment":[{"href":"https:\/\/www.schmerzwerkstatt.com\/ru\/wp-json\/wp\/v2\/media?parent=16499"}],"curies":[{"name":"wp","href":"https:\/\/api.w.org\/{rel}","templated":true}]}}