{"id":12395,"date":"2023-06-30T07:13:42","date_gmt":"2023-06-30T07:13:42","guid":{"rendered":"http:\/\/schmerzwerkstatt.com\/?page_id=12395"},"modified":"2025-11-11T14:06:30","modified_gmt":"2025-11-11T14:06:30","slug":"impressum","status":"publish","type":"page","link":"https:\/\/www.schmerzwerkstatt.com\/ru\/impressum\/","title":{"rendered":"\u041e\u0442\u0442\u0438\u0441\u043a"},"content":{"rendered":"\t\t<div data-elementor-type=\"wp-page\" data-elementor-id=\"12395\" class=\"elementor elementor-12395\" data-elementor-post-type=\"page\">\n\t\t\t\t\t\t<section class=\"elementor-section elementor-top-section elementor-element elementor-element-bf4cd98 elementor-section-boxed elementor-section-height-default elementor-section-height-default\" data-id=\"bf4cd98\" data-element_type=\"section\" data-e-type=\"section\" data-settings=\"{&quot;jet_parallax_layout_list&quot;:[]}\">\n\t\t\t\t\t\t<div class=\"elementor-container elementor-column-gap-default\">\n\t\t\t\t\t<div class=\" elementor-column elementor-col-100 elementor-top-column elementor-element elementor-element-de05a64\" data-fullscreen-column-settings=\"{&quot;fullscreen&quot;:&quot;&quot;}\" data-id=\"de05a64\" data-element_type=\"column\" data-e-type=\"column\">\n\t\t\t<div class=\"elementor-widget-wrap\">\n\t\t\t\t\t\t\t<\/div>\n\t\t<\/div>\n\t\t\t\t\t<\/div>\n\t\t<\/section>\n\t\t\t\t<section class=\"elementor-section elementor-top-section elementor-element elementor-element-33193d3 elementor-section-height-min-height boxed_banner elementor-section-boxed elementor-section-height-default elementor-section-items-middle\" data-id=\"33193d3\" data-element_type=\"section\" data-e-type=\"section\" data-settings=\"{&quot;background_background&quot;:&quot;slideshow&quot;,&quot;background_slideshow_gallery&quot;:[{&quot;id&quot;:4949,&quot;url&quot;:&quot;http:\\\/\\\/schmerzwerkstatt.com\\\/wp-content\\\/uploads\\\/2023\\\/02\\\/Praxis_Dr_Gall__311.jpg&quot;}],&quot;jet_parallax_layout_list&quot;:[],&quot;background_slideshow_loop&quot;:&quot;yes&quot;,&quot;background_slideshow_slide_duration&quot;:5000,&quot;background_slideshow_slide_transition&quot;:&quot;fade&quot;,&quot;background_slideshow_transition_duration&quot;:500}\">\n\t\t\t\t\t\t\t<div class=\"elementor-background-overlay\"><\/div>\n\t\t\t\t\t\t\t<div class=\"elementor-container elementor-column-gap-default\">\n\t\t\t\t\t<div class=\" elementor-column elementor-col-50 elementor-top-column elementor-element elementor-element-3e443d6\" data-fullscreen-column-settings=\"{&quot;fullscreen&quot;:&quot;&quot;}\" data-id=\"3e443d6\" data-element_type=\"column\" data-e-type=\"column\" data-settings=\"{&quot;background_background&quot;:&quot;classic&quot;}\">\n\t\t\t<div class=\"elementor-widget-wrap\">\n\t\t\t\t\t\t\t<\/div>\n\t\t<\/div>\n\t\t\t\t<div class=\" elementor-column elementor-col-50 elementor-top-column elementor-element elementor-element-0240c61\" data-fullscreen-column-settings=\"{&quot;fullscreen&quot;:&quot;&quot;}\" data-id=\"0240c61\" data-element_type=\"column\" data-e-type=\"column\" data-settings=\"{&quot;background_background&quot;:&quot;classic&quot;}\">\n\t\t\t<div class=\"elementor-widget-wrap\">\n\t\t\t\t\t\t\t<\/div>\n\t\t<\/div>\n\t\t\t\t\t<\/div>\n\t\t<\/section>\n\t\t\t\t<section class=\"elementor-section elementor-top-section elementor-element elementor-element-d80aefe elementor-section-boxed elementor-section-height-default elementor-section-height-default\" data-id=\"d80aefe\" data-element_type=\"section\" data-e-type=\"section\" data-settings=\"{&quot;jet_parallax_layout_list&quot;:[]}\">\n\t\t\t\t\t\t<div class=\"elementor-container elementor-column-gap-default\">\n\t\t\t\t\t<div class=\" elementor-column elementor-col-33 elementor-top-column elementor-element elementor-element-5e3967c animated-slow elementor-invisible\" data-fullscreen-column-settings=\"{&quot;fullscreen&quot;:&quot;&quot;}\" data-id=\"5e3967c\" data-element_type=\"column\" data-e-type=\"column\" data-settings=\"{&quot;background_background&quot;:&quot;classic&quot;,&quot;animation&quot;:&quot;fadeIn&quot;}\">\n\t\t\t<div class=\"elementor-widget-wrap elementor-element-populated\">\n\t\t\t\t\t\t<div class=\"elementor-element elementor-element-9785fd4 elementor-widget elementor-widget-heading\" data-id=\"9785fd4\" data-element_type=\"widget\" data-e-type=\"widget\" data-widget_type=\"heading.default\">\n\t\t\t\t<div class=\"elementor-widget-container\">\n\t\t\t\t\t<h2 class=\"elementor-heading-title elementor-size-default\"><b>Praxis<\/b><\/h2>\t\t\t\t<\/div>\n\t\t\t\t<\/div>\n\t\t\t\t<div class=\"elementor-element elementor-element-e2c62a5 elementor-widget elementor-widget-text-editor\" data-id=\"e2c62a5\" data-element_type=\"widget\" data-e-type=\"widget\" data-widget_type=\"text-editor.default\">\n\t\t\t\t<div class=\"elementor-widget-container\">\n\t\t\t\t\t\t\t\t\t<p><b>Schmerzwerkstatt M\u00fcnchen<\/b><br \/>Praxis f\u00fcr Neurochirurgie, An\u00e4sthesiologie und Spezielle Schmerztherapie<br \/><br \/>Dr. med. Claudius Gall, Bac. phil. MBA und Kollegen<br \/>Z\u00fcricher Stra\u00dfe 92<br \/>81476 M\u00fcnchen<\/p><p>Z\u00fcricher Str. 92, 81476 M\u00fcnchen<br \/>Tel:\u00a0\u00a0<a href=\"tel:08990932030\">089.90 93 20 30<\/a><br \/>Fax: 089.90 93 20 29<br \/>Mail:\u00a0<a href=\"mailto:empfang@schmerzwerkstatt.de\">empfang[at]schmerzwerkstatt[dot]de<\/a><\/p>\t\t\t\t\t\t\t\t<\/div>\n\t\t\t\t<\/div>\n\t\t\t\t<div class=\"elementor-element elementor-element-bc80aca elementor-widget-divider--view-line elementor-widget elementor-widget-divider\" data-id=\"bc80aca\" data-element_type=\"widget\" data-e-type=\"widget\" data-widget_type=\"divider.default\">\n\t\t\t\t<div class=\"elementor-widget-container\">\n\t\t\t\t\t\t\t<div class=\"elementor-divider\">\n\t\t\t<span class=\"elementor-divider-separator\">\n\t\t\t\t\t\t<\/span>\n\t\t<\/div>\n\t\t\t\t\t\t<\/div>\n\t\t\t\t<\/div>\n\t\t\t\t<div class=\"elementor-element elementor-element-1d62826 elementor-widget elementor-widget-text-editor\" data-id=\"1d62826\" data-element_type=\"widget\" data-e-type=\"widget\" data-widget_type=\"text-editor.default\">\n\t\t\t\t<div class=\"elementor-widget-container\">\n\t\t\t\t\t\t\t\t\t<p><b>Berufsbezeichnung<br \/><\/b><br \/>Dr. Gall und Dr. Schnieber: Arzt (verliehen in der Bundesrepublik Deutschland)<\/p>\t\t\t\t\t\t\t\t<\/div>\n\t\t\t\t<\/div>\n\t\t\t\t<div class=\"elementor-element elementor-element-e991c13 elementor-widget elementor-widget-text-editor\" data-id=\"e991c13\" data-element_type=\"widget\" data-e-type=\"widget\" data-widget_type=\"text-editor.default\">\n\t\t\t\t<div class=\"elementor-widget-container\">\n\t\t\t\t\t\t\t\t\t<p>Sie finden uns im Gesundheitszentrum F\u00fcrstenried im M\u00fcnchner S\u00fcden, in unmittelbarer N\u00e4he zur U-Bahn-Station Forstenrieder Allee.<\/p>\t\t\t\t\t\t\t\t<\/div>\n\t\t\t\t<\/div>\n\t\t\t\t<div class=\"elementor-element elementor-element-3cd44b7 elementor-widget-divider--view-line elementor-widget elementor-widget-divider\" data-id=\"3cd44b7\" data-element_type=\"widget\" data-e-type=\"widget\" data-widget_type=\"divider.default\">\n\t\t\t\t<div class=\"elementor-widget-container\">\n\t\t\t\t\t\t\t<div class=\"elementor-divider\">\n\t\t\t<span class=\"elementor-divider-separator\">\n\t\t\t\t\t\t<\/span>\n\t\t<\/div>\n\t\t\t\t\t\t<\/div>\n\t\t\t\t<\/div>\n\t\t\t\t<div class=\"elementor-element elementor-element-e332bbe elementor-widget elementor-widget-text-editor\" data-id=\"e332bbe\" data-element_type=\"widget\" data-e-type=\"widget\" data-widget_type=\"text-editor.default\">\n\t\t\t\t<div class=\"elementor-widget-container\">\n\t\t\t\t\t\t\t\t\t<p><strong>Berufsrechtliche Regelungen<\/strong><\/p><p>Berufsordnung f\u00fcr die \u00c4rzte Bayerns (<a href=\"http:\/\/www.blaek.de\/\">www.blaek.de<\/a>)<br \/>Heilberufe \u2013 Kammergesetz (<a href=\"file:\/\/\/C:\/Users\/Irene.Gall\/AppData\/Local\/Temp\/www.blaek.de\">www.blaek.de<\/a>)<br \/>Geb\u00fchrenordnung f\u00fcr \u00c4rzte (<a href=\"http:\/\/www.blaek.de\/\">www.blaek.de<\/a>)<\/p>\t\t\t\t\t\t\t\t<\/div>\n\t\t\t\t<\/div>\n\t\t\t\t<div class=\"elementor-element elementor-element-77391a7 elementor-widget elementor-widget-text-editor\" data-id=\"77391a7\" data-element_type=\"widget\" data-e-type=\"widget\" data-widget_type=\"text-editor.default\">\n\t\t\t\t<div class=\"elementor-widget-container\">\n\t\t\t\t\t\t\t\t\t<p><b>Bilder<\/b><\/p><p><br \/>Copyright Fotos Praxis:\u00a0<a href=\"https:\/\/www.astridobert.com\/\" target=\"_blank\" rel=\"noreferrer noopener\" aria-label=\" (\u00f6ffnet in neuem Tab)\">www.astridobert.com<\/a><br \/><br \/>Copyright weitere Bilder:<br \/>\u00a9<a href=\"https:\/\/number7even.com\">number7even<\/a>, \u00a9South_agency, \u00a9AleksandarNakic, \u00a9michellegibson, \u00a9kokouu, \u00a9mitja2<\/p>\t\t\t\t\t\t\t\t<\/div>\n\t\t\t\t<\/div>\n\t\t\t\t<div class=\"elementor-element elementor-element-5915c20 elementor-widget elementor-widget-text-editor\" data-id=\"5915c20\" data-element_type=\"widget\" data-e-type=\"widget\" data-widget_type=\"text-editor.default\">\n\t\t\t\t<div class=\"elementor-widget-container\">\n\t\t\t\t\t\t\t\t\t<p><b>Konzeption und Entwickklung<\/b><\/p><p>Copyright &#8211; Riaan Kleynhans c\/o<br \/><a href=\"https:\/\/number7even.com\">number7even<\/a><\/p>\t\t\t\t\t\t\t\t<\/div>\n\t\t\t\t<\/div>\n\t\t\t\t\t<\/div>\n\t\t<\/div>\n\t\t\t\t<div class=\" elementor-column elementor-col-33 elementor-top-column elementor-element elementor-element-6ed5891\" data-fullscreen-column-settings=\"{&quot;fullscreen&quot;:&quot;&quot;}\" data-id=\"6ed5891\" data-element_type=\"column\" data-e-type=\"column\">\n\t\t\t<div class=\"elementor-widget-wrap\">\n\t\t\t\t\t\t\t<\/div>\n\t\t<\/div>\n\t\t\t\t<div class=\" elementor-column elementor-col-33 elementor-top-column elementor-element elementor-element-9912c62 animated-slow elementor-invisible\" data-fullscreen-column-settings=\"{&quot;fullscreen&quot;:&quot;&quot;}\" data-id=\"9912c62\" data-element_type=\"column\" data-e-type=\"column\" data-settings=\"{&quot;background_background&quot;:&quot;classic&quot;,&quot;animation&quot;:&quot;fadeIn&quot;,&quot;animation_delay&quot;:300}\">\n\t\t\t<div class=\"elementor-widget-wrap elementor-element-populated\">\n\t\t\t\t\t\t<div class=\"elementor-element elementor-element-315580e elementor-widget elementor-widget-heading\" data-id=\"315580e\" data-element_type=\"widget\" data-e-type=\"widget\" data-widget_type=\"heading.default\">\n\t\t\t\t<div class=\"elementor-widget-container\">\n\t\t\t\t\t<h2 class=\"elementor-heading-title elementor-size-default\"><b>Pflichtangaben (\u00a7 5 TMG und \u00a7 2 DL-InfoV)<\/h2>\t\t\t\t<\/div>\n\t\t\t\t<\/div>\n\t\t\t\t<div class=\"elementor-element elementor-element-d6020cf elementor-widget elementor-widget-text-editor\" data-id=\"d6020cf\" data-element_type=\"widget\" data-e-type=\"widget\" data-widget_type=\"text-editor.default\">\n\t\t\t\t<div class=\"elementor-widget-container\">\n\t\t\t\t\t\t\t\t\t<p><strong>Zust\u00e4ndige Kammer<\/strong><\/p><p>Bayerische Landes\u00e4rztekammer<br \/>M\u00fchlbaurstra\u00dfe 16<br \/>81677 M\u00fcnchen<\/p><p>Tel + 49 (0) 89 \/ 41 47-0<br \/>Fax + 49 (0) 89 \/ 41 47-280<br \/><a href=\"http:\/\/www.blaek.de\/\" target=\"_blank\" rel=\"noreferrer noopener\" aria-label=\" (\u00f6ffnet in neuem Tab)\">www.blaek.de<\/a><br \/><br \/><\/p><p><strong>Zust\u00e4ndige Aufsichtsbeh\u00f6rde<\/strong><\/p><p>Regierung von Oberbayern<br \/>Maximilianstra\u00dfe 39<br \/>80538 M\u00fcnchen<\/p><p><strong>Zust\u00e4ndige vertrags\u00e4rztliche Aufsichtsbeh\u00f6rde<\/strong><\/p><p>Kassen\u00e4rztliche Vereinigung Bayerns<br \/>Bezirkstelle Oberbayern<br \/>Elsenheimerstrasse 39<br \/>DE-80539 M\u00fcnchen<br \/><a href=\"https:\/\/www.kvb.de\/\" target=\"_blank\" rel=\"noreferrer noopener\" aria-label=\" (\u00f6ffnet in neuem Tab)\">www.kvb.de<\/a><\/p>\t\t\t\t\t\t\t\t<\/div>\n\t\t\t\t<\/div>\n\t\t\t\t\t<\/div>\n\t\t<\/div>\n\t\t\t\t\t<\/div>\n\t\t<\/section>\n\t\t\t\t<section class=\"elementor-section elementor-top-section elementor-element elementor-element-89ef813 elementor-section-boxed elementor-section-height-default elementor-section-height-default\" data-id=\"89ef813\" data-element_type=\"section\" data-e-type=\"section\" data-settings=\"{&quot;jet_parallax_layout_list&quot;:[]}\">\n\t\t\t\t\t\t<div class=\"elementor-container elementor-column-gap-default\">\n\t\t\t\t\t<div class=\" elementor-column elementor-col-100 elementor-top-column elementor-element elementor-element-a307bc6\" data-fullscreen-column-settings=\"{&quot;fullscreen&quot;:&quot;&quot;}\" data-id=\"a307bc6\" data-element_type=\"column\" data-e-type=\"column\">\n\t\t\t<div class=\"elementor-widget-wrap elementor-element-populated\">\n\t\t\t\t\t\t<div class=\"elementor-element elementor-element-0aa9cf8 elementor-widget elementor-widget-text-editor\" data-id=\"0aa9cf8\" data-element_type=\"widget\" data-e-type=\"widget\" data-widget_type=\"text-editor.default\">\n\t\t\t\t<div class=\"elementor-widget-container\">\n\t\t\t\t\t\t\t\t\t<p><strong>Haftungsausschluss<\/strong><\/p><p><strong>Haftung f\u00fcr Inhalte<\/strong><\/p><p>Die Inhalte unserer Seiten wurden mit gr\u00f6\u00dfter Sorgfalt erstellt. F\u00fcr die Richtigkeit, Vollst\u00e4ndigkeit und Aktualit\u00e4t der Inhalte k\u00f6nnen wir jedoch keine Gew\u00e4hr \u00fcbernehmen. Als Diensteanbieter sind wir gem\u00e4\u00df \u00a7 7 Abs.1 TMG f\u00fcr eigene Inhalte auf diesen Seiten nach den allgemeinen Gesetzen verantwortlich. Nach \u00a7\u00a7 8 bis 10 TMG sind wir als Diensteanbieter jedoch nicht verpflichtet, \u00fcbermittelte oder gespeicherte fremde Informationen zu \u00fcberwachen oder nach Umst\u00e4nden zu forschen, die auf eine rechtswidrige T\u00e4tigkeit hinweisen. Verpflichtungen zur Entfernung oder Sperrung der Nutzung von Informationen nach den allgemeinen Gesetzen bleiben hiervon unber\u00fchrt. Eine diesbez\u00fcgliche Haftung ist jedoch erst ab dem Zeitpunkt der Kenntnis einer konkreten Rechtsverletzung m\u00f6glich. Bei Bekanntwerden von entsprechenden Rechtsverletzungen werden wir diese Inhalte umgehend entfernen.<\/p><p><strong>Haftung f\u00fcr Links<\/strong><\/p><p>Unser Angebot enth\u00e4lt Links zu externen Webseiten Dritter, auf deren Inhalte wir keinen Einfluss haben. Deshalb k\u00f6nnen wir f\u00fcr diese fremden Inhalte auch keine Gew\u00e4hr \u00fcbernehmen. F\u00fcr die Inhalte der verlinkten Seiten ist stets der jeweilige Anbieter oder Betreiber der Seiten verantwortlich. Die verlinkten Seiten wurden zum Zeitpunkt der Verlinkung auf m\u00f6gliche Rechtsverst\u00f6\u00dfe \u00fcberpr\u00fcft. Rechtswidrige Inhalte waren zum Zeitpunkt der Verlinkung nicht erkennbar. Eine permanente inhaltliche Kontrolle der verlinkten Seiten ist jedoch ohne konkrete Anhaltspunkte einer Rechtsverletzung nicht zumutbar. Bei Bekanntwerden von Rechtsverletzungen werden wir derartige Links umgehend entfernen.<\/p><p><strong>Urheberrecht<\/strong><\/p><p>Die durch die Seitenbetreiber erstellten Inhalte und Werke auf diesen Seiten unterliegen dem deutschen Urheberrecht. Die Vervielf\u00e4ltigung, Bearbeitung, Verbreitung und jede Art der Verwertung au\u00dferhalb der Grenzen des Urheberrechtes bed\u00fcrfen der schriftlichen Zustimmung des jeweiligen Autors bzw. Erstellers. Downloads und Kopien dieser Seite sind nur f\u00fcr den privaten, nicht kommerziellen Gebrauch gestattet. Soweit die Inhalte auf dieser Seite nicht vom Betreiber erstellt wurden, werden die Urheberrechte Dritter beachtet. Insbesondere werden Inhalte Dritter als solche gekennzeichnet. Sollten Sie trotzdem auf eine Urheberrechtsverletzung aufmerksam werden, bitten wir um einen entsprechenden Hinweis. Bei Bekanntwerden von Rechtsverletzungen werden wir derartige Inhalte umgehend entfernen.<\/p><p>Der Nutzung von im Rahmen der Impressumspflicht ver\u00f6ffentlichten Kontaktdaten durch Dritte zur \u00dcbersendung von nicht ausdr\u00fccklich angeforderter Werbung und Informationsmaterialien wird hiermit ausdr\u00fccklich widersprochen. Die Betreiber der Seiten behalten sich ausdr\u00fccklich rechtliche Schritte im Falle der unverlangten Zusendung von Werbeinformationen, etwa durch Spam-Mails, vor.<\/p>\t\t\t\t\t\t\t\t<\/div>\n\t\t\t\t<\/div>\n\t\t\t\t<div class=\"elementor-element elementor-element-47ac5ad elementor-widget elementor-widget-text-editor\" data-id=\"47ac5ad\" data-element_type=\"widget\" data-e-type=\"widget\" data-widget_type=\"text-editor.default\">\n\t\t\t\t<div class=\"elementor-widget-container\">\n\t\t\t\t\t\t\t\t\t<p><b>Texte und Sprache<\/b><\/p><p>Das was wir in der Schmerzwerkstatt tun, ist keine einfache Sache. Auf unserer Website versuchen wir dennoch, die Dinge so zu erkl\u00e4ren, dass sie f\u00fcr m\u00f6glichst viele schmerzgeplagte Menschen gut verst\u00e4ndlich werden. Neben Bildern und Videos kommt dabei nat\u00fcrlich Sprache zum Einsatz.<\/p><p>Dass Sprache m\u00e4chtig ist, erleben wir t\u00e4glich. Sie kann ab- und ausgrenzen, sie kann einschlie\u00dfen und ausschlie\u00dfen. Dies trifft ganz besonders f\u00fcr Fach- und Amtssprachen zu, in der Wissenschaft und nicht zuletzt eben auch in der Medizin.<\/p><p>Bei den Texten dieser Website haben wir uns einem Balanceakt gestellt. Einerseits wollen wir gut verst\u00e4ndlich sein, andererseits der medizinischen Wissenschaft durch sprachliche Pr\u00e4zision gerecht werden.<\/p><p>Bitte lassen Sie uns wissen, ob uns das gelungen ist.<\/p>\t\t\t\t\t\t\t\t<\/div>\n\t\t\t\t<\/div>\n\t\t\t\t<div class=\"elementor-element elementor-element-4a9f649 elementor-widget elementor-widget-text-editor\" data-id=\"4a9f649\" data-element_type=\"widget\" data-e-type=\"widget\" data-widget_type=\"text-editor.default\">\n\t\t\t\t<div class=\"elementor-widget-container\">\n\t\t\t\t\t\t\t\t\t<p><b>Texte und geschlechtergerechte Sprache<\/b><\/p><p>Selbstverst\u00e4ndlich sprechen wir auf unserer Seite Patienten aller Geschlechter an. Wenn wir in unseren Texten nur das Wort \u201ePatient\u201c oder \u201ePatienten\u201c benutzen, dann erfolgt das einzig aus Gr\u00fcnden der Vereinfachung und besseren Lesbarkeit. Es erscheint uns allzu umst\u00e4ndlich, stets das korrekte \u201ePatientinnen und Patienten\u201c schreiben und vor allem lesen zu m\u00fcssen.<\/p><p><br \/><b>Schutzmarke<\/b><\/p><p>Die Schmerzwerkstatt ist als Wort-\/Bildmarke in das Register des Deutschen Patent- und Markenamts eingetragen.<\/p>\t\t\t\t\t\t\t\t<\/div>\n\t\t\t\t<\/div>\n\t\t\t\t\t<\/div>\n\t\t<\/div>\n\t\t\t\t\t<\/div>\n\t\t<\/section>\n\t\t\t\t<\/div>\n\t\t","protected":false},"excerpt":{"rendered":"<p>Praxis Schmerzwerkstatt M\u00fcnchenPraxis f\u00fcr Neurochirurgie, An\u00e4sthesiologie und Spezielle Schmerztherapie Dr. med. Claudius Gall, Bac. phil. MBA und KollegenZ\u00fcricher Stra\u00dfe 9281476 M\u00fcnchen Z\u00fcricher Str. 92, 81476 M\u00fcnchenTel:\u00a0\u00a0089.90 93 20 30Fax: 089.90 93 20 29Mail:\u00a0empfang[at]schmerzwerkstatt[dot]de BerufsbezeichnungDr. Gall und Dr. Schnieber: Arzt (verliehen in der Bundesrepublik Deutschland) Sie finden uns im Gesundheitszentrum F\u00fcrstenried im M\u00fcnchner S\u00fcden, in unmittelbarer [&hellip;]<\/p>\n","protected":false},"author":2,"featured_media":0,"parent":0,"menu_order":0,"comment_status":"closed","ping_status":"closed","template":"elementor_header_footer","meta":{"iawp_total_views":549,"footnotes":""},"class_list":["post-12395","page","type-page","status-publish","hentry"],"_links":{"self":[{"href":"https:\/\/www.schmerzwerkstatt.com\/ru\/wp-json\/wp\/v2\/pages\/12395","targetHints":{"allow":["GET"]}}],"collection":[{"href":"https:\/\/www.schmerzwerkstatt.com\/ru\/wp-json\/wp\/v2\/pages"}],"about":[{"href":"https:\/\/www.schmerzwerkstatt.com\/ru\/wp-json\/wp\/v2\/types\/page"}],"author":[{"embeddable":true,"href":"https:\/\/www.schmerzwerkstatt.com\/ru\/wp-json\/wp\/v2\/users\/2"}],"replies":[{"embeddable":true,"href":"https:\/\/www.schmerzwerkstatt.com\/ru\/wp-json\/wp\/v2\/comments?post=12395"}],"version-history":[{"count":40,"href":"https:\/\/www.schmerzwerkstatt.com\/ru\/wp-json\/wp\/v2\/pages\/12395\/revisions"}],"predecessor-version":[{"id":16778,"href":"https:\/\/www.schmerzwerkstatt.com\/ru\/wp-json\/wp\/v2\/pages\/12395\/revisions\/16778"}],"wp:attachment":[{"href":"https:\/\/www.schmerzwerkstatt.com\/ru\/wp-json\/wp\/v2\/media?parent=12395"}],"curies":[{"name":"wp","href":"https:\/\/api.w.org\/{rel}","templated":true}]}}