{"id":541,"date":"2019-02-14T09:51:23","date_gmt":"2019-02-14T09:51:23","guid":{"rendered":"http:\/\/schmerzwerkstatt.com\/?page_id=541"},"modified":"2023-11-10T14:13:55","modified_gmt":"2023-11-10T14:13:55","slug":"thermodenervierung","status":"publish","type":"page","link":"https:\/\/www.schmerzwerkstatt.com\/en\/therapie\/thermodenervierung\/","title":{"rendered":"Thermodeervation"},"content":{"rendered":"\t\t<div data-elementor-type=\"wp-page\" data-elementor-id=\"541\" class=\"elementor elementor-541\" data-elementor-post-type=\"page\">\n\t\t\t\t\t\t<section class=\"elementor-section elementor-top-section elementor-element elementor-element-5b269f5 elementor-section-height-min-height boxed_banner elementor-section-boxed elementor-section-height-default elementor-section-items-middle\" data-id=\"5b269f5\" data-element_type=\"section\" data-e-type=\"section\" data-settings=\"{&quot;background_background&quot;:&quot;slideshow&quot;,&quot;background_slideshow_gallery&quot;:[{&quot;id&quot;:4894,&quot;url&quot;:&quot;http:\\\/\\\/schmerzwerkstatt.com\\\/wp-content\\\/uploads\\\/2023\\\/02\\\/Praxis_Dr_Gall_Interaktion_6277-1.jpg&quot;},{&quot;id&quot;:2123,&quot;url&quot;:&quot;http:\\\/\\\/schmerzwerkstatt.com\\\/wp-content\\\/uploads\\\/2019\\\/05\\\/warum-schmerzwerkstatt.jpg&quot;}],&quot;jet_parallax_layout_list&quot;:[],&quot;background_slideshow_loop&quot;:&quot;yes&quot;,&quot;background_slideshow_slide_duration&quot;:5000,&quot;background_slideshow_slide_transition&quot;:&quot;fade&quot;,&quot;background_slideshow_transition_duration&quot;:500}\">\n\t\t\t\t\t\t\t<div class=\"elementor-background-overlay\"><\/div>\n\t\t\t\t\t\t\t<div class=\"elementor-container elementor-column-gap-default\">\n\t\t\t\t\t<div class=\" elementor-column elementor-col-33 elementor-top-column elementor-element elementor-element-951596e\" data-fullscreen-column-settings=\"{&quot;fullscreen&quot;:&quot;&quot;}\" data-id=\"951596e\" data-element_type=\"column\" data-e-type=\"column\" data-settings=\"{&quot;background_background&quot;:&quot;classic&quot;}\">\n\t\t\t<div class=\"elementor-widget-wrap\">\n\t\t\t\t\t\t\t<\/div>\n\t\t<\/div>\n\t\t\t\t<div class=\" elementor-column elementor-col-33 elementor-top-column elementor-element elementor-element-55fc537\" data-fullscreen-column-settings=\"{&quot;fullscreen&quot;:&quot;&quot;}\" data-id=\"55fc537\" data-element_type=\"column\" data-e-type=\"column\" data-settings=\"{&quot;background_background&quot;:&quot;classic&quot;}\">\n\t\t\t<div class=\"elementor-widget-wrap\">\n\t\t\t\t\t\t\t<\/div>\n\t\t<\/div>\n\t\t\t\t<div class=\" elementor-column elementor-col-33 elementor-top-column elementor-element elementor-element-730c1f6\" data-fullscreen-column-settings=\"{&quot;fullscreen&quot;:&quot;&quot;}\" data-id=\"730c1f6\" data-element_type=\"column\" data-e-type=\"column\" data-settings=\"{&quot;background_background&quot;:&quot;classic&quot;}\">\n\t\t\t<div class=\"elementor-widget-wrap elementor-element-populated\">\n\t\t\t\t\t\t<div class=\"elementor-element elementor-element-e469522 elementor-hidden-tablet elementor-hidden-mobile elementor-widget elementor-widget-text-editor\" data-id=\"e469522\" data-element_type=\"widget\" data-e-type=\"widget\" data-widget_type=\"text-editor.default\">\n\t\t\t\t<div class=\"elementor-widget-container\">\n\t\t\t\t\t\t\t\t\t<p>Wenn konservative Verfahren an ihre Grenzen sto\u00dfen, kann die Thermo-Denervierung im Rahmen einer Radiofrequenz-Therapie in geeigneten F\u00e4llen f\u00fcr eine nachhaltige Schmerzminderung sorgen.<\/p>\t\t\t\t\t\t\t\t<\/div>\n\t\t\t\t<\/div>\n\t\t\t\t\t<\/div>\n\t\t<\/div>\n\t\t\t\t\t<\/div>\n\t\t<\/section>\n\t\t\t\t<section class=\"elementor-section elementor-top-section elementor-element elementor-element-415945b elementor-section-boxed elementor-section-height-default elementor-section-height-default\" data-id=\"415945b\" data-element_type=\"section\" data-e-type=\"section\" data-settings=\"{&quot;jet_parallax_layout_list&quot;:[]}\">\n\t\t\t\t\t\t<div class=\"elementor-container elementor-column-gap-default\">\n\t\t\t\t\t<div class=\" elementor-column elementor-col-100 elementor-top-column elementor-element elementor-element-ac78d0d\" data-fullscreen-column-settings=\"{&quot;fullscreen&quot;:&quot;&quot;}\" data-id=\"ac78d0d\" data-element_type=\"column\" data-e-type=\"column\">\n\t\t\t<div class=\"elementor-widget-wrap elementor-element-populated\">\n\t\t\t\t\t\t<div class=\"elementor-element elementor-element-4da3474 elementor-hidden-tablet elementor-hidden-mobile elementor-widget elementor-widget-heading\" data-id=\"4da3474\" data-element_type=\"widget\" data-e-type=\"widget\" data-widget_type=\"heading.default\">\n\t\t\t\t<div class=\"elementor-widget-container\">\n\t\t\t\t\t<h2 class=\"elementor-heading-title elementor-size-default\">Thermo-Denervierung:\n<b>Unterbrechung der Weiterleitung von Schmerzsignalen durch Hitze\n<br><b>\n<\/b><\/h2>\t\t\t\t<\/div>\n\t\t\t\t<\/div>\n\t\t\t\t\t<\/div>\n\t\t<\/div>\n\t\t\t\t\t<\/div>\n\t\t<\/section>\n\t\t\t\t<section class=\"elementor-section elementor-top-section elementor-element elementor-element-643e429 elementor-section-content-middle boxed_banner elementor-section-boxed elementor-section-height-default elementor-section-height-default\" data-id=\"643e429\" data-element_type=\"section\" data-e-type=\"section\" data-settings=\"{&quot;jet_parallax_layout_list&quot;:[],&quot;background_background&quot;:&quot;classic&quot;}\">\n\t\t\t\t\t\t\t<div class=\"elementor-background-overlay\"><\/div>\n\t\t\t\t\t\t\t<div class=\"elementor-container elementor-column-gap-default\">\n\t\t\t\t\t<div class=\" elementor-column elementor-col-50 elementor-top-column elementor-element elementor-element-c537558 elementor-hidden-tablet\" data-fullscreen-column-settings=\"{&quot;fullscreen&quot;:&quot;&quot;}\" data-id=\"c537558\" data-element_type=\"column\" data-e-type=\"column\" data-settings=\"{&quot;background_background&quot;:&quot;gradient&quot;}\">\n\t\t\t<div class=\"elementor-widget-wrap elementor-element-populated\">\n\t\t\t\t\t\t<div class=\"elementor-element elementor-element-3789512 elementor-widget__width-initial elementor-absolute elementor-widget-tablet__width-initial elementor-widget-widescreen__width-initial elementor-widget-laptop__width-initial elementor-hidden-tablet elementor-hidden-mobile elementor-invisible elementor-widget elementor-widget-litho-heading\" data-id=\"3789512\" data-element_type=\"widget\" data-e-type=\"widget\" data-settings=\"{&quot;_position&quot;:&quot;absolute&quot;,&quot;sticky&quot;:&quot;top&quot;,&quot;_animation&quot;:&quot;fadeInDown&quot;,&quot;_animation_delay&quot;:300,&quot;sticky_parent&quot;:&quot;yes&quot;,&quot;sticky_on&quot;:[&quot;widescreen&quot;,&quot;desktop&quot;,&quot;laptop&quot;,&quot;tablet&quot;,&quot;mobile&quot;],&quot;sticky_offset&quot;:0,&quot;sticky_effects_offset&quot;:0,&quot;sticky_anchor_link_offset&quot;:0}\" data-widget_type=\"litho-heading.default\">\n\t\t\t\t<div class=\"elementor-widget-container\">\n\t\t\t\t\t<div class=\"litho-heading elementor-size-default\"><span class=\"litho-primary-title\">Diese minimalinvasive Methode unterbricht punktgenau die Schmerzweiterleitung zum Gehirn<\/span><\/div>\t\t\t\t<\/div>\n\t\t\t\t<\/div>\n\t\t\t\t\t<\/div>\n\t\t<\/div>\n\t\t\t\t<div class=\" elementor-column elementor-col-50 elementor-top-column elementor-element elementor-element-cb93607\" data-fullscreen-column-settings=\"{&quot;fullscreen&quot;:&quot;&quot;}\" data-id=\"cb93607\" data-element_type=\"column\" data-e-type=\"column\">\n\t\t\t<div class=\"elementor-widget-wrap elementor-element-populated\">\n\t\t\t\t\t\t<div class=\"elementor-element elementor-element-9349630 elementor-hidden-tablet elementor-hidden-mobile elementor-widget elementor-widget-litho-heading\" data-id=\"9349630\" data-element_type=\"widget\" data-e-type=\"widget\" data-widget_type=\"litho-heading.default\">\n\t\t\t\t<div class=\"elementor-widget-container\">\n\t\t\t\t\t<h5 class=\"litho-heading elementor-size-default\"><span class=\"litho-primary-title\"><b>Unterbrechung der Weiterleitung von Schmerzsignalen durch Hitze<\/span><\/h5>\t\t\t\t<\/div>\n\t\t\t\t<\/div>\n\t\t\t\t<div class=\"elementor-element elementor-element-48e87a0 elementor-hidden-tablet elementor-hidden-mobile elementor-widget elementor-widget-text-editor\" data-id=\"48e87a0\" data-element_type=\"widget\" data-e-type=\"widget\" data-widget_type=\"text-editor.default\">\n\t\t\t\t<div class=\"elementor-widget-container\">\n\t\t\t\t\t\t\t\t\t<p>Wir setzen diese Methode erfolgreich in der Behandlung des <span style=\"text-decoration: underline;\"><a href=\"https:\/\/www.schmerzwerkstatt.de\/rueckenschmerzen\/facettengelenkssyndrom\">Facettengelenkssyndroms<\/a><\/span>\u00a0ein.<\/p><p>Typische Zielstruktur sind Nerven, die Schmerzimpulse aus den kleinen Wirbelgelenken in Richtung Wirbels\u00e4ule und R\u00fcckenmark leiten. Da nur die Nervenenden behandelt werden, die jenseits der Schmerzleitung keine weiteren Funktionen erf\u00fcllen, treten sp\u00e4ter keine Einbu\u00dfen im Alltag auf. Entscheidend f\u00fcr den Therapie-Erfolg ist die vorausgehende Lokalisation der richtigen Nerven. Neben Erstgespr\u00e4ch und Untersuchungsbefund helfen\u00a0<span style=\"text-decoration: underline;\"><a href=\"https:\/\/www.schmerzwerkstatt.de\/diagnostik\/diagnostische-blockaden\">diagnostische Blockaden<\/a><\/span>, die richtige Zielstrukturen f\u00fcr die Thermo-Denervierung auszuw\u00e4hlen.\u00a0<\/p>\t\t\t\t\t\t\t\t<\/div>\n\t\t\t\t<\/div>\n\t\t\t\t<div class=\"elementor-element elementor-element-8ec36ea elementor-hidden-tablet elementor-hidden-mobile elementor-widget elementor-widget-litho-heading\" data-id=\"8ec36ea\" data-element_type=\"widget\" data-e-type=\"widget\" data-widget_type=\"litho-heading.default\">\n\t\t\t\t<div class=\"elementor-widget-container\">\n\t\t\t\t\t<h5 class=\"litho-heading elementor-size-default\"><span class=\"litho-primary-title\">Wie geht die <b>Thermo-Denervierung vor sich?<\/b><\/span><\/h5>\t\t\t\t<\/div>\n\t\t\t\t<\/div>\n\t\t\t\t<div class=\"elementor-element elementor-element-c0c93db elementor-hidden-tablet elementor-hidden-mobile elementor-widget elementor-widget-text-editor\" data-id=\"c0c93db\" data-element_type=\"widget\" data-e-type=\"widget\" data-widget_type=\"text-editor.default\">\n\t\t\t\t<div class=\"elementor-widget-container\">\n\t\t\t\t\t\t\t\t\t<p>Die Ma\u00dfnahme selbst wird unter \u00f6rtlicher Bet\u00e4ubung durchgef\u00fchrt und ist damit schmerzfrei. Ein Krankenhausaufenthalt ist nicht notwendig. Die ambulante Behandlung ist in der Schmerzwerkstatt M\u00fcnchen die Regel. <br \/><br \/>Eine Besonderheit bei der Durchf\u00fchrung von Thermo-Denervierungen in der Schmerzwerkstatt M\u00fcnchen ist das verbindliche \u201eintraoperative Mapping\u201c. Nach dem Platzieren der Thermonadel unter dem C-Bogen werden minimale Stromimpulse gesetzt. Die so ausgel\u00f6sten Kribbel- oder Druckgef\u00fchle helfen, den Schmerznerv punktgenau zu lokalisieren und damit ein H\u00f6chstma\u00df an Sicherheit zu gew\u00e4hrleisten. Erst dann erfolgt die minimalinvasive Ver\u00f6dung in \u00f6rtlicher Bet\u00e4ubung. W\u00e4hrend der Prozedur werden Herz- und Atemfunktion \u00fcberwacht. Danach schlie\u00dft sich eine kurze \u00dcberwachungsphase in unserem Ruheraum an. Die Abschlussuntersuchung beendet die Behandlung. Die vollst\u00e4ndige k\u00f6rperliche Belastbarkeit ist ab dem Folgetag wiederhergestellt.<\/p>\t\t\t\t\t\t\t\t<\/div>\n\t\t\t\t<\/div>\n\t\t\t\t<div class=\"elementor-element elementor-element-4e13170 elementor-hidden-widescreen elementor-hidden-desktop elementor-hidden-laptop elementor-widget elementor-widget-heading\" data-id=\"4e13170\" data-element_type=\"widget\" data-e-type=\"widget\" data-widget_type=\"heading.default\">\n\t\t\t\t<div class=\"elementor-widget-container\">\n\t\t\t\t\t<h1 class=\"elementor-heading-title elementor-size-default\">Thermo-Denervierung:\nUnterbrechung der Weiterleitung von Schmerzsignalen durch Hitze<\/h1>\t\t\t\t<\/div>\n\t\t\t\t<\/div>\n\t\t\t\t<div class=\"elementor-element elementor-element-7a47d74 elementor-hidden-widescreen elementor-hidden-desktop elementor-hidden-laptop elementor-widget elementor-widget-text-editor\" data-id=\"7a47d74\" data-element_type=\"widget\" data-e-type=\"widget\" data-widget_type=\"text-editor.default\">\n\t\t\t\t<div class=\"elementor-widget-container\">\n\t\t\t\t\t\t\t\t\t<p>Wenn konservative Verfahren an ihre Grenzen sto\u00dfen, kann die Thermo-Denervierung im Rahmen einer Radiofrequenz-Therapie in geeigneten F\u00e4llen f\u00fcr eine nachhaltige Schmerzminderung sorgen. Diese minimalinvasive Methode unterbricht punktgenau die Schmerzweiterleitung zum Gehirn. Wir setzen diese Methode erfolgreich in der Behandlung des\u00a0<a href=\"https:\/\/www.schmerzwerkstatt.de\/rueckenschmerzen\/facettengelenkssyndrom\">Facettengelenkssyndroms<\/a>\u00a0ein.<\/p><p>Typische Zielstruktur sind Nerven, die Schmerzimpulse aus den kleinen Wirbelgelenken in Richtung Wirbels\u00e4ule und R\u00fcckenmark leiten. Da nur die Nervenenden behandelt werden, die jenseits der Schmerzleitung keine weiteren Funktionen erf\u00fcllen, treten sp\u00e4ter keine Einbu\u00dfen im Alltag auf. Entscheidend f\u00fcr den Therapie-Erfolg ist die vorausgehende Lokalisation der richtigen Nerven. Neben Erstgespr\u00e4ch und Untersuchungsbefund helfen\u00a0<a href=\"https:\/\/www.schmerzwerkstatt.de\/diagnostik\/diagnostische-blockaden\">diagnostische Blockaden<\/a>, die richtige Zielstrukturen f\u00fcr die Thermo-Denervierung auszuw\u00e4hlen.\u00a0<\/p>\t\t\t\t\t\t\t\t<\/div>\n\t\t\t\t<\/div>\n\t\t\t\t<div class=\"elementor-element elementor-element-1601767 elementor-hidden-widescreen elementor-hidden-desktop elementor-hidden-laptop elementor-widget elementor-widget-accordion\" data-id=\"1601767\" data-element_type=\"widget\" data-e-type=\"widget\" data-widget_type=\"accordion.default\">\n\t\t\t\t<div class=\"elementor-widget-container\">\n\t\t\t\t\t\t\t<div class=\"elementor-accordion\">\n\t\t\t\t\t\t\t<div class=\"elementor-accordion-item\">\n\t\t\t\t\t<div id=\"elementor-tab-title-2301\" class=\"elementor-tab-title\" data-tab=\"1\" role=\"button\" aria-controls=\"elementor-tab-content-2301\" aria-expanded=\"false\">\n\t\t\t\t\t\t\t\t\t\t\t\t\t<span class=\"elementor-accordion-icon elementor-accordion-icon-left\" aria-hidden=\"true\">\n\t\t\t\t\t\t\t\t\t\t\t\t\t\t\t<span class=\"elementor-accordion-icon-closed\"><i class=\" icon-feather-chevron-right\"><\/i><\/span>\n\t\t\t\t\t\t\t\t<span class=\"elementor-accordion-icon-opened\"><i class=\"ti ti-minus\"><\/i><\/span>\n\t\t\t\t\t\t\t\t\t\t\t\t\t\t<\/span>\n\t\t\t\t\t\t\t\t\t\t\t\t<a class=\"elementor-accordion-title\" tabindex=\"0\">Wie geht die Thermo-Denervierung vor sich?<\/a>\n\t\t\t\t\t<\/div>\n\t\t\t\t\t<div id=\"elementor-tab-content-2301\" class=\"elementor-tab-content elementor-clearfix\" data-tab=\"1\" role=\"region\" aria-labelledby=\"elementor-tab-title-2301\"><p>Die Ma\u00dfnahme selbst wird unter \u00f6rtlicher Bet\u00e4ubung durchgef\u00fchrt und ist damit schmerzfrei. Ein Krankenhausaufenthalt ist nicht notwendig. Die ambulante Behandlung ist in der Schmerzwerkstatt M\u00fcnchen die Regel.<\/p><p>Eine Besonderheit bei der Durchf\u00fchrung von Thermo-Denervierungen in der Schmerzwerkstatt M\u00fcnchen ist das verbindliche \u201eintraoperative Mapping\u201c. Nach dem Platzieren der Thermonadel unter dem C-Bogen werden minimale Stromimpulse gesetzt. Die so ausgel\u00f6sten Kribbel- oder Druckgef\u00fchle helfen, den Schmerznerv punktgenau zu lokalisieren und damit ein H\u00f6chstma\u00df an Sicherheit zu gew\u00e4hrleisten. Erst dann erfolgt die minimalinvasive Ver\u00f6dung in \u00f6rtlicher Bet\u00e4ubung. W\u00e4hrend der Prozedur werden Herz- und Atemfunktion \u00fcberwacht. Danach schlie\u00dft sich eine kurze \u00dcberwachungsphase in unserem Ruheraum an. Die Abschlussuntersuchung beendet die Behandlung. Die vollst\u00e4ndige k\u00f6rperliche Belastbarkeit ist ab dem Folgetag wiederhergestellt.\u00a0<\/p><\/div>\n\t\t\t\t<\/div>\n\t\t\t\t\t\t\t\t<\/div>\n\t\t\t\t\t\t<\/div>\n\t\t\t\t<\/div>\n\t\t\t\t<div class=\"elementor-element elementor-element-0bf8138 elementor-widget elementor-widget-video\" data-id=\"0bf8138\" data-element_type=\"widget\" data-e-type=\"widget\" data-settings=\"{&quot;youtube_url&quot;:&quot;https:\\\/\\\/www.youtube.com\\\/watch?v=dF6_OWUJPhw&quot;,&quot;video_type&quot;:&quot;youtube&quot;,&quot;controls&quot;:&quot;yes&quot;}\" data-widget_type=\"video.default\">\n\t\t\t\t<div class=\"elementor-widget-container\">\n\t\t\t\t\t\t\t<div class=\"elementor-wrapper elementor-open-inline\">\n\t\t\t<div class=\"elementor-video\"><\/div>\t\t<\/div>\n\t\t\t\t\t\t<\/div>\n\t\t\t\t<\/div>\n\t\t\t\t<div class=\"elementor-element elementor-element-f44047e elementor-widget elementor-widget-video\" data-id=\"f44047e\" data-element_type=\"widget\" data-e-type=\"widget\" data-settings=\"{&quot;youtube_url&quot;:&quot;https:\\\/\\\/www.youtube.com\\\/watch?v=i799WIawkG0&quot;,&quot;video_type&quot;:&quot;youtube&quot;,&quot;controls&quot;:&quot;yes&quot;}\" data-widget_type=\"video.default\">\n\t\t\t\t<div class=\"elementor-widget-container\">\n\t\t\t\t\t\t\t<div class=\"elementor-wrapper elementor-open-inline\">\n\t\t\t<div class=\"elementor-video\"><\/div>\t\t<\/div>\n\t\t\t\t\t\t<\/div>\n\t\t\t\t<\/div>\n\t\t\t\t<div class=\"elementor-element elementor-element-2d2a388 elementor-widget elementor-widget-video\" data-id=\"2d2a388\" data-element_type=\"widget\" data-e-type=\"widget\" data-settings=\"{&quot;youtube_url&quot;:&quot;https:\\\/\\\/www.youtube.com\\\/watch?v=bu5pKXRiv44&quot;,&quot;video_type&quot;:&quot;youtube&quot;,&quot;controls&quot;:&quot;yes&quot;}\" data-widget_type=\"video.default\">\n\t\t\t\t<div class=\"elementor-widget-container\">\n\t\t\t\t\t\t\t<div class=\"elementor-wrapper elementor-open-inline\">\n\t\t\t<div class=\"elementor-video\"><\/div>\t\t<\/div>\n\t\t\t\t\t\t<\/div>\n\t\t\t\t<\/div>\n\t\t\t\t<div class=\"elementor-element elementor-element-ab65d1c elementor-widget elementor-widget-video\" data-id=\"ab65d1c\" data-element_type=\"widget\" data-e-type=\"widget\" data-settings=\"{&quot;youtube_url&quot;:&quot;https:\\\/\\\/www.youtube.com\\\/watch?v=Lhwfsk7gMxU&quot;,&quot;video_type&quot;:&quot;youtube&quot;,&quot;controls&quot;:&quot;yes&quot;}\" data-widget_type=\"video.default\">\n\t\t\t\t<div class=\"elementor-widget-container\">\n\t\t\t\t\t\t\t<div class=\"elementor-wrapper elementor-open-inline\">\n\t\t\t<div class=\"elementor-video\"><\/div>\t\t<\/div>\n\t\t\t\t\t\t<\/div>\n\t\t\t\t<\/div>\n\t\t\t\t<section class=\"elementor-section elementor-inner-section elementor-element elementor-element-2311f68 elementor-section-boxed elementor-section-height-default elementor-section-height-default\" data-id=\"2311f68\" data-element_type=\"section\" data-e-type=\"section\" data-settings=\"{&quot;background_background&quot;:&quot;classic&quot;,&quot;jet_parallax_layout_list&quot;:[]}\">\n\t\t\t\t\t\t<div class=\"elementor-container elementor-column-gap-default\">\n\t\t\t\t\t<div class=\" elementor-column elementor-col-50 elementor-inner-column elementor-element elementor-element-5bd4103\" data-fullscreen-column-settings=\"{&quot;fullscreen&quot;:&quot;&quot;}\" data-id=\"5bd4103\" data-element_type=\"column\" data-e-type=\"column\">\n\t\t\t<div class=\"elementor-widget-wrap elementor-element-populated\">\n\t\t\t\t\t\t<div class=\"elementor-element elementor-element-89944de elementor-widget elementor-widget-heading\" data-id=\"89944de\" data-element_type=\"widget\" data-e-type=\"widget\" data-widget_type=\"heading.default\">\n\t\t\t\t<div class=\"elementor-widget-container\">\n\t\t\t\t\t<h2 class=\"elementor-heading-title elementor-size-default\">Gerne erkl\u00e4ren wir Ihnen vor Ort die genauen Abl\u00e4ufe. Hier k\u00f6nnen Sie Kontakt aufnehmen.<\/h2>\t\t\t\t<\/div>\n\t\t\t\t<\/div>\n\t\t\t\t\t<\/div>\n\t\t<\/div>\n\t\t\t\t<div class=\" elementor-column elementor-col-50 elementor-inner-column elementor-element elementor-element-c69f0a2\" data-fullscreen-column-settings=\"{&quot;fullscreen&quot;:&quot;&quot;}\" data-id=\"c69f0a2\" data-element_type=\"column\" data-e-type=\"column\">\n\t\t\t<div class=\"elementor-widget-wrap elementor-element-populated\">\n\t\t\t\t\t\t<div class=\"elementor-element elementor-element-db5e772 elementor-mobile-align-center elementor-widget elementor-widget-litho-button-gradient\" data-id=\"db5e772\" data-element_type=\"widget\" data-e-type=\"widget\" data-widget_type=\"litho-button-gradient.default\">\n\t\t\t\t<div class=\"elementor-widget-container\">\n\t\t\t\t\t\t\t\t\t<div class=\"elementor-gradient-button-wrapper\">\n\t\t\t\t\t<a href=\"#\" class=\"elementor-gradient-button elementor-size-md \" role=\"button\">\n\t\t\t\t\t\t\t\t\t<span class=\"elementor-gradient-button-content-wrapper\">\n\t\t\t\t\t\t\t\t\t\t\t\t\t<span class=\"elementor-gradient-button-text\">Zum Kontakt<\/span>\n\t\t\t\t\t\t\t<\/span>\n\t\t\t\t\t\t\t\t<\/a>\n\t\t\t\t<\/div>\n\t\t\t\t\t\t\t<\/div>\n\t\t\t\t<\/div>\n\t\t\t\t\t<\/div>\n\t\t<\/div>\n\t\t\t\t\t<\/div>\n\t\t<\/section>\n\t\t\t\t<div class=\"elementor-element elementor-element-2cf32a5 elementor-widget elementor-widget-spacer\" data-id=\"2cf32a5\" data-element_type=\"widget\" data-e-type=\"widget\" data-widget_type=\"spacer.default\">\n\t\t\t\t<div class=\"elementor-widget-container\">\n\t\t\t\t\t\t\t<div class=\"elementor-spacer\">\n\t\t\t<div class=\"elementor-spacer-inner\"><\/div>\n\t\t<\/div>\n\t\t\t\t\t\t<\/div>\n\t\t\t\t<\/div>\n\t\t\t\t\t<\/div>\n\t\t<\/div>\n\t\t\t\t\t<\/div>\n\t\t<\/section>\n\t\t\t\t<\/div>\n\t\t","protected":false},"excerpt":{"rendered":"<p>Wenn konservative Verfahren an ihre Grenzen sto\u00dfen, kann die Thermo-Denervierung im Rahmen einer Radiofrequenz-Therapie in geeigneten F\u00e4llen f\u00fcr eine nachhaltige Schmerzminderung sorgen. Thermo-Denervierung: Unterbrechung der Weiterleitung von Schmerzsignalen durch Hitze Diese minimalinvasive Methode unterbricht punktgenau die Schmerzweiterleitung zum Gehirn Unterbrechung der Weiterleitung von Schmerzsignalen durch Hitze Wir setzen diese Methode erfolgreich in der Behandlung des [&hellip;]<\/p>\n","protected":false},"author":2,"featured_media":0,"parent":38,"menu_order":0,"comment_status":"closed","ping_status":"closed","template":"elementor_header_footer","meta":{"iawp_total_views":1008,"footnotes":""},"class_list":["post-541","page","type-page","status-publish","hentry"],"_links":{"self":[{"href":"https:\/\/www.schmerzwerkstatt.com\/en\/wp-json\/wp\/v2\/pages\/541","targetHints":{"allow":["GET"]}}],"collection":[{"href":"https:\/\/www.schmerzwerkstatt.com\/en\/wp-json\/wp\/v2\/pages"}],"about":[{"href":"https:\/\/www.schmerzwerkstatt.com\/en\/wp-json\/wp\/v2\/types\/page"}],"author":[{"embeddable":true,"href":"https:\/\/www.schmerzwerkstatt.com\/en\/wp-json\/wp\/v2\/users\/2"}],"replies":[{"embeddable":true,"href":"https:\/\/www.schmerzwerkstatt.com\/en\/wp-json\/wp\/v2\/comments?post=541"}],"version-history":[{"count":63,"href":"https:\/\/www.schmerzwerkstatt.com\/en\/wp-json\/wp\/v2\/pages\/541\/revisions"}],"predecessor-version":[{"id":15299,"href":"https:\/\/www.schmerzwerkstatt.com\/en\/wp-json\/wp\/v2\/pages\/541\/revisions\/15299"}],"up":[{"embeddable":true,"href":"https:\/\/www.schmerzwerkstatt.com\/en\/wp-json\/wp\/v2\/pages\/38"}],"wp:attachment":[{"href":"https:\/\/www.schmerzwerkstatt.com\/en\/wp-json\/wp\/v2\/media?parent=541"}],"curies":[{"name":"wp","href":"https:\/\/api.w.org\/{rel}","templated":true}]}}