{"id":3287,"date":"2020-04-16T09:35:00","date_gmt":"2020-04-16T09:35:00","guid":{"rendered":"http:\/\/schmerzwerkstatt.com\/?page_id=3287"},"modified":"2025-10-29T18:51:44","modified_gmt":"2025-10-29T18:51:44","slug":"migraene","status":"publish","type":"page","link":"https:\/\/www.schmerzwerkstatt.com\/en\/schmerzen\/migraene\/","title":{"rendered":"Migraine"},"content":{"rendered":"\t\t<div data-elementor-type=\"wp-page\" data-elementor-id=\"3287\" class=\"elementor elementor-3287\" data-elementor-post-type=\"page\">\n\t\t\t\t\t\t<section class=\"elementor-section elementor-top-section elementor-element elementor-element-ededd2a elementor-section-height-min-height boxed_banner elementor-section-boxed elementor-section-height-default elementor-section-items-middle\" data-id=\"ededd2a\" data-element_type=\"section\" data-e-type=\"section\" data-settings=\"{&quot;background_background&quot;:&quot;slideshow&quot;,&quot;background_slideshow_gallery&quot;:[{&quot;id&quot;:14572,&quot;url&quot;:&quot;http:\\\/\\\/schmerzwerkstatt.com\\\/wp-content\\\/uploads\\\/2023\\\/11\\\/Fibromyalgie-res-scaled.jpg&quot;}],&quot;jet_parallax_layout_list&quot;:[],&quot;background_slideshow_loop&quot;:&quot;yes&quot;,&quot;background_slideshow_slide_duration&quot;:5000,&quot;background_slideshow_slide_transition&quot;:&quot;fade&quot;,&quot;background_slideshow_transition_duration&quot;:500}\">\n\t\t\t\t\t\t<div class=\"elementor-container elementor-column-gap-default\">\n\t\t\t\t\t<div class=\" elementor-column elementor-col-50 elementor-top-column elementor-element elementor-element-97f02ca\" data-fullscreen-column-settings=\"{&quot;fullscreen&quot;:&quot;&quot;}\" data-id=\"97f02ca\" data-element_type=\"column\" data-e-type=\"column\">\n\t\t\t<div class=\"elementor-widget-wrap\">\n\t\t\t\t\t\t\t<\/div>\n\t\t<\/div>\n\t\t\t\t<div class=\" elementor-column elementor-col-50 elementor-top-column elementor-element elementor-element-14a4d21\" data-fullscreen-column-settings=\"{&quot;fullscreen&quot;:&quot;&quot;}\" data-id=\"14a4d21\" data-element_type=\"column\" data-e-type=\"column\" data-settings=\"{&quot;background_background&quot;:&quot;classic&quot;}\">\n\t\t\t<div class=\"elementor-widget-wrap elementor-element-populated\">\n\t\t\t\t\t\t<div class=\"elementor-element elementor-element-8bad233 elementor-hidden-mobile elementor-hidden-tablet elementor-widget elementor-widget-text-editor\" data-id=\"8bad233\" data-element_type=\"widget\" data-e-type=\"widget\" data-widget_type=\"text-editor.default\">\n\t\t\t\t<div class=\"elementor-widget-container\">\n\t\t\t\t\t\t\t\t\t<p>Es bestehen neue medikament\u00f6se und nicht-medikament\u00f6se M\u00f6glichkeiten, das Auftreten dieser genetisch mitbedingten, oft durch Stress verst\u00e4rkten Erkrankung so zu reduzieren, dass ein leistungsstarkes und erf\u00fclltes Leben wieder m\u00f6glich wird.<\/p>\t\t\t\t\t\t\t\t<\/div>\n\t\t\t\t<\/div>\n\t\t\t\t\t<\/div>\n\t\t<\/div>\n\t\t\t\t\t<\/div>\n\t\t<\/section>\n\t\t\t\t<section class=\"elementor-section elementor-top-section elementor-element elementor-element-5c1bc2e elementor-section-boxed elementor-section-height-default elementor-section-height-default\" data-id=\"5c1bc2e\" data-element_type=\"section\" data-e-type=\"section\" data-settings=\"{&quot;jet_parallax_layout_list&quot;:[]}\">\n\t\t\t\t\t\t<div class=\"elementor-container elementor-column-gap-default\">\n\t\t\t\t\t<div class=\" elementor-column elementor-col-100 elementor-top-column elementor-element elementor-element-339f0ef\" data-fullscreen-column-settings=\"{&quot;fullscreen&quot;:&quot;&quot;}\" data-id=\"339f0ef\" data-element_type=\"column\" data-e-type=\"column\">\n\t\t\t<div class=\"elementor-widget-wrap elementor-element-populated\">\n\t\t\t\t\t\t<div class=\"elementor-element elementor-element-e54ffb1 elementor-hidden-tablet elementor-hidden-mobile elementor-widget elementor-widget-heading\" data-id=\"e54ffb1\" data-element_type=\"widget\" data-e-type=\"widget\" data-widget_type=\"heading.default\">\n\t\t\t\t<div class=\"elementor-widget-container\">\n\t\t\t\t\t<h2 class=\"elementor-heading-title elementor-size-default\">Kopfschmerzen:<b> Migr\u00e4ne<\/b><\/h2>\t\t\t\t<\/div>\n\t\t\t\t<\/div>\n\t\t\t\t\t<\/div>\n\t\t<\/div>\n\t\t\t\t\t<\/div>\n\t\t<\/section>\n\t\t\t\t<section class=\"elementor-section elementor-top-section elementor-element elementor-element-e589fc6 elementor-section-content-middle boxed_banner elementor-section-boxed elementor-section-height-default elementor-section-height-default\" data-id=\"e589fc6\" data-element_type=\"section\" data-e-type=\"section\" data-settings=\"{&quot;jet_parallax_layout_list&quot;:[],&quot;background_background&quot;:&quot;classic&quot;}\">\n\t\t\t\t\t\t\t<div class=\"elementor-background-overlay\"><\/div>\n\t\t\t\t\t\t\t<div class=\"elementor-container elementor-column-gap-default\">\n\t\t\t\t\t<div class=\" elementor-column elementor-col-50 elementor-top-column elementor-element elementor-element-3bcadc1 elementor-hidden-tablet\" data-fullscreen-column-settings=\"{&quot;fullscreen&quot;:&quot;&quot;}\" data-id=\"3bcadc1\" data-element_type=\"column\" data-e-type=\"column\" data-settings=\"{&quot;background_background&quot;:&quot;gradient&quot;}\">\n\t\t\t<div class=\"elementor-widget-wrap elementor-element-populated\">\n\t\t\t\t\t\t<div class=\"elementor-element elementor-element-0df199a elementor-widget__width-initial elementor-absolute elementor-widget-tablet__width-initial elementor-widget-widescreen__width-initial elementor-widget-laptop__width-initial elementor-hidden-tablet elementor-hidden-mobile elementor-invisible elementor-widget elementor-widget-litho-heading\" data-id=\"0df199a\" data-element_type=\"widget\" data-e-type=\"widget\" data-settings=\"{&quot;_position&quot;:&quot;absolute&quot;,&quot;sticky&quot;:&quot;top&quot;,&quot;_animation&quot;:&quot;fadeInDown&quot;,&quot;_animation_delay&quot;:300,&quot;sticky_parent&quot;:&quot;yes&quot;,&quot;sticky_on&quot;:[&quot;widescreen&quot;,&quot;desktop&quot;,&quot;laptop&quot;,&quot;tablet&quot;,&quot;mobile&quot;],&quot;sticky_offset&quot;:0,&quot;sticky_effects_offset&quot;:0,&quot;sticky_anchor_link_offset&quot;:0}\" data-widget_type=\"litho-heading.default\">\n\t\t\t\t<div class=\"elementor-widget-container\">\n\t\t\t\t\t<div class=\"litho-heading elementor-size-default\"><span class=\"litho-primary-title\"> Sie wollen nichts lieber, als sich zur\u00fcckziehen. Selbst Ger\u00e4usche und Licht, manchmal auch Ger\u00fcche verst\u00e4rken den Schmerz.<\/span><\/div>\t\t\t\t<\/div>\n\t\t\t\t<\/div>\n\t\t\t\t\t<\/div>\n\t\t<\/div>\n\t\t\t\t<div class=\" elementor-column elementor-col-50 elementor-top-column elementor-element elementor-element-5963d4d\" data-fullscreen-column-settings=\"{&quot;fullscreen&quot;:&quot;&quot;}\" data-id=\"5963d4d\" data-element_type=\"column\" data-e-type=\"column\">\n\t\t\t<div class=\"elementor-widget-wrap elementor-element-populated\">\n\t\t\t\t\t\t<div class=\"elementor-element elementor-element-348539e elementor-hidden-tablet elementor-hidden-mobile elementor-widget elementor-widget-litho-heading\" data-id=\"348539e\" data-element_type=\"widget\" data-e-type=\"widget\" data-widget_type=\"litho-heading.default\">\n\t\t\t\t<div class=\"elementor-widget-container\">\n\t\t\t\t\t<h5 class=\"litho-heading elementor-size-default\"><span class=\"litho-primary-title\"><b>Kennen Sie das?<\/b><\/span><\/h5>\t\t\t\t<\/div>\n\t\t\t\t<\/div>\n\t\t\t\t<div class=\"elementor-element elementor-element-61896d0 elementor-hidden-tablet elementor-hidden-mobile elementor-widget elementor-widget-text-editor\" data-id=\"61896d0\" data-element_type=\"widget\" data-e-type=\"widget\" data-widget_type=\"text-editor.default\">\n\t\t\t\t<div class=\"elementor-widget-container\">\n\t\t\t\t\t\t\t\t\tSie wachen auf und das erste, was Sie sp\u00fcren ist Kopfschmerz\u2026 Wenn es ganz schlimm ist, m\u00fcssen Sie sich \u00fcbergeben. Wenn Sie sich im Bett umdrehen, dauert es dann manchmal einen Moment, bis es sich so anf\u00fchlt, als habe das Gehirn endlich mitgezogen. Sie wollen nichts lieber, als sich zur\u00fcckziehen. Selbst Ger\u00e4usche und Licht, manchmal auch Ger\u00fcche verst\u00e4rken den Schmerz.\n\nWenn Sie dennoch aufstehen und zur Arbeit gehen, dann ist ein pulsierender, dumpfer oder stechender Kopfschmerz Ihr st\u00e4ndiger Begleiter: ein Qu\u00e4lgeist, der verhindert, dass Sie zuh\u00f6ren, sprechen, sich konzentrieren k\u00f6nnen\u2026\n\nKurzum: mit Ihrer\u00a0<strong>Migr\u00e4ne\u00a0<\/strong>meldet sich eine Pein, die leider allzu viele Menschen nur allzu gut kennen.\n\nSie ist eine der h\u00e4ufigsten Kopfschmerzformen \u00fcberhaupt. Man geht hierzulande von 8-10 Millionen Betroffenen aus. Dabei besteht die h\u00f6chste Auftrittswahrscheinlichkeit der Migr\u00e4ne zwischen dem 20. und dem 50. Lebensjahr. Dies betrifft also gerade jene Lebensphase, in der die meisten von uns unter Druck stehen, in der wir unser Arbeits- und Familienleben aufbauen und somit einsatzbereit und leistungsstark sein wollen und nat\u00fcrlich auch m\u00fcssen. Frauen, die in der Regel den Spagat zwischen Familie und Job bewerkstelligen, sind bis zu dreimal h\u00e4ufiger betroffen als M\u00e4nner.\n\nVielleicht gerade aufgrund der H\u00e4ufigkeit dieser Erkrankung oder auch weil sie sich fast ausschlie\u00dflich im Verborgenen \u2013 zu Hause, in abgedunkelten R\u00e4umen und m\u00f6glichst in Ruhe \u2013 abspielt, bringt das Umfeld eines Migr\u00e4nekranken nicht immer Verst\u00e4ndnis f\u00fcr den krankheitsbedingten Einschnitt in die pers\u00f6nliche Lebensqualit\u00e4t auf. Und ist die Attacke erst einmal ausgestanden, sieht man den Betroffenen auch gar nichts mehr an \u2013 ein weiterer Grund f\u00fcr oft verst\u00e4ndnislose oder genervte Reaktionen auf wiederkehrende Arbeitsunf\u00e4higkeiten und\/oder Ausf\u00e4lle im Familienleben.\n\nIn den letzten Jahren hat sich rund um das Thema Kopfschmerz und speziell der Migr\u00e4ne viel getan. Es bestehen neue medikament\u00f6se und nicht-medikament\u00f6se M\u00f6glichkeiten, das Auftreten dieser genetisch mitbedingten, oft durch Stress verst\u00e4rkten Erkrankung so zu reduzieren, dass ein leistungsstarkes und erf\u00fclltes Leben wieder m\u00f6glich wird. Unter speziellen Bedingungen k\u00f6nnen auch die neuen Antik\u00f6rper, die in der Presse auch als Migr\u00e4neimpfungen bezeichnet werden, eine segensreiche Erweiterung des Therapiespektrums darstellen. Auch wenn Sie also schon vieles versucht und ausprobiert haben \u2013 es lohnt sich, noch einmal bei Spezialisten, hier bei uns Frau Gece sowie Herrn Fuchs, vorstellig zu werden.\u201c\n\nLassen Sie uns reden!\t\t\t\t\t\t\t\t<\/div>\n\t\t\t\t<\/div>\n\t\t\t\t<div class=\"elementor-element elementor-element-34327f8 elementor-hidden-widescreen elementor-hidden-desktop elementor-hidden-laptop elementor-widget elementor-widget-heading\" data-id=\"34327f8\" data-element_type=\"widget\" data-e-type=\"widget\" data-widget_type=\"heading.default\">\n\t\t\t\t<div class=\"elementor-widget-container\">\n\t\t\t\t\t<h1 class=\"elementor-heading-title elementor-size-default\">Migr\u00e4ne<\/h1>\t\t\t\t<\/div>\n\t\t\t\t<\/div>\n\t\t\t\t<div class=\"elementor-element elementor-element-d7830ff elementor-hidden-widescreen elementor-hidden-desktop elementor-hidden-laptop elementor-widget elementor-widget-text-editor\" data-id=\"d7830ff\" data-element_type=\"widget\" data-e-type=\"widget\" data-widget_type=\"text-editor.default\">\n\t\t\t\t<div class=\"elementor-widget-container\">\n\t\t\t\t\t\t\t\t\t<p><strong>Kennen Sie das?<\/strong><\/p><p>Sie wachen auf und das erste, was Sie sp\u00fcren ist Kopfschmerz\u2026 Wenn es ganz schlimm ist, m\u00fcssen Sie sich \u00fcbergeben. Wenn Sie sich im Bett umdrehen, dauert es dann manchmal einen Moment, bis es sich so anf\u00fchlt, als habe das Gehirn endlich mitgezogen. Sie wollen nichts lieber, als sich zur\u00fcckziehen. Selbst Ger\u00e4usche und Licht, manchmal auch Ger\u00fcche verst\u00e4rken den Schmerz.<\/p><p>Wenn Sie dennoch aufstehen und zur Arbeit gehen, dann ist ein pulsierender, dumpfer oder stechender Kopfschmerz Ihr st\u00e4ndiger Begleiter: ein Qu\u00e4lgeist, der verhindert, dass Sie zuh\u00f6ren, sprechen, sich konzentrieren k\u00f6nnen\u2026<\/p><p>Kurzum: mit Ihrer\u00a0<strong>Migr\u00e4ne\u00a0<\/strong>meldet sich eine Pein, die leider allzu viele Menschen nur allzu gut kennen.<\/p>\t\t\t\t\t\t\t\t<\/div>\n\t\t\t\t<\/div>\n\t\t\t\t<div class=\"elementor-element elementor-element-d3972cf elementor-hidden-widescreen elementor-hidden-desktop elementor-hidden-laptop elementor-widget elementor-widget-accordion\" data-id=\"d3972cf\" data-element_type=\"widget\" data-e-type=\"widget\" data-widget_type=\"accordion.default\">\n\t\t\t\t<div class=\"elementor-widget-container\">\n\t\t\t\t\t\t\t<div class=\"elementor-accordion\">\n\t\t\t\t\t\t\t<div class=\"elementor-accordion-item\">\n\t\t\t\t\t<div id=\"elementor-tab-title-2211\" class=\"elementor-tab-title\" data-tab=\"1\" role=\"button\" aria-controls=\"elementor-tab-content-2211\" aria-expanded=\"false\">\n\t\t\t\t\t\t\t\t\t\t\t\t\t<span class=\"elementor-accordion-icon elementor-accordion-icon-left\" aria-hidden=\"true\">\n\t\t\t\t\t\t\t\t\t\t\t\t\t\t\t<span class=\"elementor-accordion-icon-closed\"><i class=\"fas fa-chevron-right\"><\/i><\/span>\n\t\t\t\t\t\t\t\t<span class=\"elementor-accordion-icon-opened\"><i class=\" icon-feather-minus\"><\/i><\/span>\n\t\t\t\t\t\t\t\t\t\t\t\t\t\t<\/span>\n\t\t\t\t\t\t\t\t\t\t\t\t<a class=\"elementor-accordion-title\" tabindex=\"0\">Millionen betroffen: Migr\u00e4ne in den besten Jahren<\/a>\n\t\t\t\t\t<\/div>\n\t\t\t\t\t<div id=\"elementor-tab-content-2211\" class=\"elementor-tab-content elementor-clearfix\" data-tab=\"1\" role=\"region\" aria-labelledby=\"elementor-tab-title-2211\"><p>Sie ist eine der h\u00e4ufigsten Kopfschmerzformen \u00fcberhaupt. Man geht hierzulande von 8-10 Millionen Betroffenen aus. Dabei besteht die h\u00f6chste Auftrittswahrscheinlichkeit der Migr\u00e4ne zwischen dem 20. und dem 50. Lebensjahr. Dies betrifft also gerade jene Lebensphase, in der die meisten von uns unter Druck stehen, in der wir unser Arbeits- und Familienleben aufbauen und somit einsatzbereit und leistungsstark sein wollen und nat\u00fcrlich auch m\u00fcssen. Frauen, die in der Regel den Spagat zwischen Familie und Job bewerkstelligen, sind bis zu dreimal h\u00e4ufiger betroffen als M\u00e4nner.<\/p><\/div>\n\t\t\t\t<\/div>\n\t\t\t\t\t\t\t<div class=\"elementor-accordion-item\">\n\t\t\t\t\t<div id=\"elementor-tab-title-2212\" class=\"elementor-tab-title\" data-tab=\"2\" role=\"button\" aria-controls=\"elementor-tab-content-2212\" aria-expanded=\"false\">\n\t\t\t\t\t\t\t\t\t\t\t\t\t<span class=\"elementor-accordion-icon elementor-accordion-icon-left\" aria-hidden=\"true\">\n\t\t\t\t\t\t\t\t\t\t\t\t\t\t\t<span class=\"elementor-accordion-icon-closed\"><i class=\"fas fa-chevron-right\"><\/i><\/span>\n\t\t\t\t\t\t\t\t<span class=\"elementor-accordion-icon-opened\"><i class=\" icon-feather-minus\"><\/i><\/span>\n\t\t\t\t\t\t\t\t\t\t\t\t\t\t<\/span>\n\t\t\t\t\t\t\t\t\t\t\t\t<a class=\"elementor-accordion-title\" tabindex=\"0\">Migr\u00e4ne: Unsichtbarer Leidensdruck im Alltag<\/a>\n\t\t\t\t\t<\/div>\n\t\t\t\t\t<div id=\"elementor-tab-content-2212\" class=\"elementor-tab-content elementor-clearfix\" data-tab=\"2\" role=\"region\" aria-labelledby=\"elementor-tab-title-2212\"><p>Vielleicht gerade aufgrund der H\u00e4ufigkeit dieser Erkrankung oder auch weil sie sich fast ausschlie\u00dflich im Verborgenen \u2013 zu Hause, in abgedunkelten R\u00e4umen und m\u00f6glichst in Ruhe \u2013 abspielt, bringt das Umfeld eines Migr\u00e4nekranken nicht immer Verst\u00e4ndnis f\u00fcr den krankheitsbedingten Einschnitt in die pers\u00f6nliche Lebensqualit\u00e4t auf. Und ist die Attacke erst einmal ausgestanden, sieht man den Betroffenen auch gar nichts mehr an \u2013 ein weiterer Grund f\u00fcr oft verst\u00e4ndnislose oder genervte Reaktionen auf wiederkehrende Arbeitsunf\u00e4higkeiten und\/oder Ausf\u00e4lle im Familienleben.<\/p><\/div>\n\t\t\t\t<\/div>\n\t\t\t\t\t\t\t<div class=\"elementor-accordion-item\">\n\t\t\t\t\t<div id=\"elementor-tab-title-2213\" class=\"elementor-tab-title\" data-tab=\"3\" role=\"button\" aria-controls=\"elementor-tab-content-2213\" aria-expanded=\"false\">\n\t\t\t\t\t\t\t\t\t\t\t\t\t<span class=\"elementor-accordion-icon elementor-accordion-icon-left\" aria-hidden=\"true\">\n\t\t\t\t\t\t\t\t\t\t\t\t\t\t\t<span class=\"elementor-accordion-icon-closed\"><i class=\"fas fa-chevron-right\"><\/i><\/span>\n\t\t\t\t\t\t\t\t<span class=\"elementor-accordion-icon-opened\"><i class=\" icon-feather-minus\"><\/i><\/span>\n\t\t\t\t\t\t\t\t\t\t\t\t\t\t<\/span>\n\t\t\t\t\t\t\t\t\t\t\t\t<a class=\"elementor-accordion-title\" tabindex=\"0\">Neue Hoffnung bei Migr\u00e4ne<\/a>\n\t\t\t\t\t<\/div>\n\t\t\t\t\t<div id=\"elementor-tab-content-2213\" class=\"elementor-tab-content elementor-clearfix\" data-tab=\"3\" role=\"region\" aria-labelledby=\"elementor-tab-title-2213\"><p><strong>Innovative Behandlungen f\u00fcr ein aktives Leben<\/strong><br \/><br \/>In den letzten Jahren hat sich rund um das Thema Kopfschmerz und speziell der Migr\u00e4ne viel getan. Es bestehen neue medikament\u00f6se und nicht-medikament\u00f6se M\u00f6glichkeiten, das Auftreten dieser genetisch mitbedingten, oft durch Stress verst\u00e4rkten Erkrankung so zu reduzieren, dass ein leistungsstarkes und erf\u00fclltes Leben wieder m\u00f6glich wird. Unter speziellen Bedingungen k\u00f6nnen auch die neuen Antik\u00f6rper, die in der Presse auch als Migr\u00e4neimpfungen bezeichnet werden, eine segensreiche Erweiterung des Therapiespektrums darstellen. Auch wenn Sie also schon vieles versucht und ausprobiert haben \u2013 es lohnt sich, noch einmal bei der Spezialistin, hier bei uns bei Dr. med. Mirja Schnieber, vorstellig zu werden.<\/p><\/div>\n\t\t\t\t<\/div>\n\t\t\t\t\t\t\t\t<\/div>\n\t\t\t\t\t\t<\/div>\n\t\t\t\t<\/div>\n\t\t\t\t<section class=\"elementor-section elementor-inner-section elementor-element elementor-element-f8e29ee elementor-section-boxed elementor-section-height-default elementor-section-height-default\" data-id=\"f8e29ee\" data-element_type=\"section\" data-e-type=\"section\" data-settings=\"{&quot;background_background&quot;:&quot;classic&quot;,&quot;jet_parallax_layout_list&quot;:[]}\">\n\t\t\t\t\t\t<div class=\"elementor-container elementor-column-gap-default\">\n\t\t\t\t\t<div class=\" elementor-column elementor-col-50 elementor-inner-column elementor-element elementor-element-87b60a9\" data-fullscreen-column-settings=\"{&quot;fullscreen&quot;:&quot;&quot;}\" data-id=\"87b60a9\" data-element_type=\"column\" data-e-type=\"column\">\n\t\t\t<div class=\"elementor-widget-wrap elementor-element-populated\">\n\t\t\t\t\t\t<div class=\"elementor-element elementor-element-cc2fab6 elementor-widget elementor-widget-heading\" data-id=\"cc2fab6\" data-element_type=\"widget\" data-e-type=\"widget\" data-widget_type=\"heading.default\">\n\t\t\t\t<div class=\"elementor-widget-container\">\n\t\t\t\t\t<h2 class=\"elementor-heading-title elementor-size-default\">Haben Sie Fragen? Dann vereinbaren Sie einen Termin.<\/h2>\t\t\t\t<\/div>\n\t\t\t\t<\/div>\n\t\t\t\t\t<\/div>\n\t\t<\/div>\n\t\t\t\t<div class=\" elementor-column elementor-col-50 elementor-inner-column elementor-element elementor-element-ab9355c\" data-fullscreen-column-settings=\"{&quot;fullscreen&quot;:&quot;&quot;}\" data-id=\"ab9355c\" data-element_type=\"column\" data-e-type=\"column\">\n\t\t\t<div class=\"elementor-widget-wrap elementor-element-populated\">\n\t\t\t\t\t\t<div class=\"elementor-element elementor-element-7417e22 elementor-mobile-align-center elementor-widget elementor-widget-litho-button-gradient\" data-id=\"7417e22\" data-element_type=\"widget\" data-e-type=\"widget\" data-widget_type=\"litho-button-gradient.default\">\n\t\t\t\t<div class=\"elementor-widget-container\">\n\t\t\t\t\t\t\t\t\t<div class=\"elementor-gradient-button-wrapper\">\n\t\t\t\t\t<a href=\"#elementor-action%3Aaction%3Dpopup%3Aopen%26settings%3DeyJpZCI6IjEwODg5IiwidG9nZ2xlIjpmYWxzZX0%3D\" class=\"elementor-gradient-button-link elementor-gradient-button elementor-size-md \" role=\"button\">\n\t\t\t\t\t\t\t\t\t<span class=\"elementor-gradient-button-content-wrapper\">\n\t\t\t\t\t\t\t\t\t\t\t\t\t<span class=\"elementor-gradient-button-text\">Zum Kontakt<\/span>\n\t\t\t\t\t\t\t<\/span>\n\t\t\t\t\t\t\t\t<\/a>\n\t\t\t\t<\/div>\n\t\t\t\t\t\t\t<\/div>\n\t\t\t\t<\/div>\n\t\t\t\t\t<\/div>\n\t\t<\/div>\n\t\t\t\t\t<\/div>\n\t\t<\/section>\n\t\t\t\t<div class=\"elementor-element elementor-element-417defd elementor-widget elementor-widget-spacer\" data-id=\"417defd\" data-element_type=\"widget\" data-e-type=\"widget\" data-widget_type=\"spacer.default\">\n\t\t\t\t<div class=\"elementor-widget-container\">\n\t\t\t\t\t\t\t<div class=\"elementor-spacer\">\n\t\t\t<div class=\"elementor-spacer-inner\"><\/div>\n\t\t<\/div>\n\t\t\t\t\t\t<\/div>\n\t\t\t\t<\/div>\n\t\t\t\t\t<\/div>\n\t\t<\/div>\n\t\t\t\t\t<\/div>\n\t\t<\/section>\n\t\t\t\t<\/div>\n\t\t","protected":false},"excerpt":{"rendered":"<p>Es bestehen neue medikament\u00f6se und nicht-medikament\u00f6se M\u00f6glichkeiten, das Auftreten dieser genetisch mitbedingten, oft durch Stress verst\u00e4rkten Erkrankung so zu reduzieren, dass ein leistungsstarkes und erf\u00fclltes Leben wieder m\u00f6glich wird. Kopfschmerzen: Migr\u00e4ne Sie wollen nichts lieber, als sich zur\u00fcckziehen. Selbst Ger\u00e4usche und Licht, manchmal auch Ger\u00fcche verst\u00e4rken den Schmerz. Kennen Sie das? Sie wachen auf und [&hellip;]<\/p>\n","protected":false},"author":2,"featured_media":3288,"parent":3011,"menu_order":0,"comment_status":"closed","ping_status":"closed","template":"elementor_header_footer","meta":{"iawp_total_views":488,"footnotes":""},"class_list":["post-3287","page","type-page","status-publish","has-post-thumbnail","hentry"],"_links":{"self":[{"href":"https:\/\/www.schmerzwerkstatt.com\/en\/wp-json\/wp\/v2\/pages\/3287","targetHints":{"allow":["GET"]}}],"collection":[{"href":"https:\/\/www.schmerzwerkstatt.com\/en\/wp-json\/wp\/v2\/pages"}],"about":[{"href":"https:\/\/www.schmerzwerkstatt.com\/en\/wp-json\/wp\/v2\/types\/page"}],"author":[{"embeddable":true,"href":"https:\/\/www.schmerzwerkstatt.com\/en\/wp-json\/wp\/v2\/users\/2"}],"replies":[{"embeddable":true,"href":"https:\/\/www.schmerzwerkstatt.com\/en\/wp-json\/wp\/v2\/comments?post=3287"}],"version-history":[{"count":111,"href":"https:\/\/www.schmerzwerkstatt.com\/en\/wp-json\/wp\/v2\/pages\/3287\/revisions"}],"predecessor-version":[{"id":16744,"href":"https:\/\/www.schmerzwerkstatt.com\/en\/wp-json\/wp\/v2\/pages\/3287\/revisions\/16744"}],"up":[{"embeddable":true,"href":"https:\/\/www.schmerzwerkstatt.com\/en\/wp-json\/wp\/v2\/pages\/3011"}],"wp:featuredmedia":[{"embeddable":true,"href":"https:\/\/www.schmerzwerkstatt.com\/en\/wp-json\/wp\/v2\/media\/3288"}],"wp:attachment":[{"href":"https:\/\/www.schmerzwerkstatt.com\/en\/wp-json\/wp\/v2\/media?parent=3287"}],"curies":[{"name":"wp","href":"https:\/\/api.w.org\/{rel}","templated":true}]}}