{"id":3016,"date":"2019-11-13T11:27:55","date_gmt":"2019-11-13T11:27:55","guid":{"rendered":"http:\/\/schmerzwerkstatt.com\/?page_id=3016"},"modified":"2025-10-29T18:48:20","modified_gmt":"2025-10-29T18:48:20","slug":"kopfschmerzen","status":"publish","type":"page","link":"https:\/\/www.schmerzwerkstatt.com\/en\/schmerzen\/kopfschmerzen\/","title":{"rendered":"Headache"},"content":{"rendered":"\t\t<div data-elementor-type=\"wp-page\" data-elementor-id=\"3016\" class=\"elementor elementor-3016\" data-elementor-post-type=\"page\">\n\t\t\t\t\t\t<section class=\"elementor-section elementor-top-section elementor-element elementor-element-fabcafc elementor-section-height-min-height elementor-section-content-middle elementor-section-boxed elementor-section-height-default elementor-section-items-middle\" data-id=\"fabcafc\" data-element_type=\"section\" data-e-type=\"section\" data-settings=\"{&quot;background_background&quot;:&quot;classic&quot;,&quot;jet_parallax_layout_list&quot;:[]}\">\n\t\t\t\t\t\t<div class=\"elementor-container elementor-column-gap-no\">\n\t\t\t\t\t<div class=\" elementor-column elementor-col-100 elementor-top-column elementor-element elementor-element-445e077\" data-fullscreen-column-settings=\"{&quot;fullscreen&quot;:&quot;&quot;}\" data-id=\"445e077\" data-element_type=\"column\" data-e-type=\"column\" data-settings=\"{&quot;background_background&quot;:&quot;slideshow&quot;,&quot;background_slideshow_gallery&quot;:[{&quot;id&quot;:4647,&quot;url&quot;:&quot;http:\\\/\\\/schmerzwerkstatt.com\\\/wp-content\\\/uploads\\\/2023\\\/02\\\/Migranebild-von-Verena.jpg&quot;},{&quot;id&quot;:5235,&quot;url&quot;:&quot;http:\\\/\\\/schmerzwerkstatt.com\\\/wp-content\\\/uploads\\\/2023\\\/02\\\/Kopfschmerzen-quer.jpg&quot;}],&quot;background_slideshow_loop&quot;:&quot;yes&quot;,&quot;background_slideshow_slide_duration&quot;:5000,&quot;background_slideshow_slide_transition&quot;:&quot;fade&quot;,&quot;background_slideshow_transition_duration&quot;:500}\">\n\t\t\t<div class=\"elementor-widget-wrap\">\n\t\t\t\t\t<div class=\"elementor-background-overlay\"><\/div>\n\t\t\t\t\t\t\t<\/div>\n\t\t<\/div>\n\t\t\t\t\t<\/div>\n\t\t<\/section>\n\t\t\t\t<section class=\"elementor-section elementor-top-section elementor-element elementor-element-e117bfd elementor-section-boxed elementor-section-height-default elementor-section-height-default\" data-id=\"e117bfd\" data-element_type=\"section\" data-e-type=\"section\" data-settings=\"{&quot;jet_parallax_layout_list&quot;:[]}\">\n\t\t\t\t\t\t<div class=\"elementor-container elementor-column-gap-default\">\n\t\t\t\t\t<div class=\" elementor-column elementor-col-100 elementor-top-column elementor-element elementor-element-ad5bf37\" data-fullscreen-column-settings=\"{&quot;fullscreen&quot;:&quot;&quot;}\" data-id=\"ad5bf37\" data-element_type=\"column\" data-e-type=\"column\">\n\t\t\t<div class=\"elementor-widget-wrap elementor-element-populated\">\n\t\t\t\t\t\t<div class=\"elementor-element elementor-element-e74fb55 elementor-hidden-tablet elementor-hidden-mobile elementor-widget elementor-widget-heading\" data-id=\"e74fb55\" data-element_type=\"widget\" data-e-type=\"widget\" data-widget_type=\"heading.default\">\n\t\t\t\t<div class=\"elementor-widget-container\">\n\t\t\t\t\t<h2 class=\"elementor-heading-title elementor-size-default\">Kopfschmerzen:<b> eine Gei\u00dfel lindern<\/b><\/h2>\t\t\t\t<\/div>\n\t\t\t\t<\/div>\n\t\t\t\t<div class=\"elementor-element elementor-element-e89477c elementor-alert-success elementor-hidden-widescreen elementor-hidden-desktop elementor-hidden-laptop elementor-hidden-tablet elementor-hidden-mobile elementor-widget elementor-widget-alert\" data-id=\"e89477c\" data-element_type=\"widget\" data-e-type=\"widget\" data-widget_type=\"alert.default\">\n\t\t\t\t<div class=\"elementor-widget-container\">\n\t\t\t\t\t\t\t<div class=\"elementor-alert\" role=\"alert\">\n\n\t\t\t\t\t\t<span class=\"elementor-alert-title\">Circa 70% der Bev\u00f6lkerung in Deutschland leidet an gelegentlich auftretenden Kopfschmerzen.<\/span>\n\t\t\t\n\t\t\t\n\t\t\t\n\t\t<\/div>\n\t\t\t\t\t\t<\/div>\n\t\t\t\t<\/div>\n\t\t\t\t\t<\/div>\n\t\t<\/div>\n\t\t\t\t\t<\/div>\n\t\t<\/section>\n\t\t\t\t<section class=\"elementor-section elementor-top-section elementor-element elementor-element-7c68767 elementor-section-content-middle boxed_banner elementor-section-boxed elementor-section-height-default elementor-section-height-default\" data-id=\"7c68767\" data-element_type=\"section\" data-e-type=\"section\" data-settings=\"{&quot;jet_parallax_layout_list&quot;:[],&quot;background_background&quot;:&quot;classic&quot;}\">\n\t\t\t\t\t\t\t<div class=\"elementor-background-overlay\"><\/div>\n\t\t\t\t\t\t\t<div class=\"elementor-container elementor-column-gap-default\">\n\t\t\t\t\t<div class=\" elementor-column elementor-col-50 elementor-top-column elementor-element elementor-element-752eee4 elementor-hidden-tablet\" data-fullscreen-column-settings=\"{&quot;fullscreen&quot;:&quot;&quot;}\" data-id=\"752eee4\" data-element_type=\"column\" data-e-type=\"column\" data-settings=\"{&quot;background_background&quot;:&quot;gradient&quot;}\">\n\t\t\t<div class=\"elementor-widget-wrap\">\n\t\t\t\t\t\t\t<\/div>\n\t\t<\/div>\n\t\t\t\t<div class=\" elementor-column elementor-col-50 elementor-top-column elementor-element elementor-element-5cb430a\" data-fullscreen-column-settings=\"{&quot;fullscreen&quot;:&quot;&quot;}\" data-id=\"5cb430a\" data-element_type=\"column\" data-e-type=\"column\">\n\t\t\t<div class=\"elementor-widget-wrap elementor-element-populated\">\n\t\t\t\t\t\t<div class=\"elementor-element elementor-element-705423d elementor-hidden-tablet elementor-hidden-mobile elementor-widget elementor-widget-text-editor\" data-id=\"705423d\" data-element_type=\"widget\" data-e-type=\"widget\" data-widget_type=\"text-editor.default\">\n\t\t\t\t<div class=\"elementor-widget-container\">\n\t\t\t\t\t\t\t\t\tDamit geh\u00f6ren Kopfschmerzen zu den h\u00e4ufigsten Symptomen und nur selten wird deswegen ein Arzt aufgesucht.\nAnders hingegen bei chronischen Kopfschmerzen, die \u00fcber einen Zeitraum von mehreren Monaten wiederholt auftreten, die Betroffenen qu\u00e4len und so ihre Lebensqualit\u00e4t erheblich einschr\u00e4nken.\n\nDahinter kann sie eine eigenst\u00e4ndige Kopfschmerzerkrankungen verbergen. Dazu geh\u00f6rt die Migr\u00e4ne, aber auch der Spannungskopfschmerz.\nDie verschiedenen Typen von Kopfschmerzen k\u00f6nnen auf Grundlage der\u00a0<a href=\"https:\/\/ichd-3.org\/de\/\" target=\"_blank\" rel=\"noreferrer noopener\" aria-label=\" (\u00f6ffnet in neuem Tab)\"><u>Internationalen Kopfschmerzklassifikation<\/u><\/a>\u00a0diagnostiziert werden. Nur so ist eine wirksame, auf Behandlungsleitlinien beruhende Therapie m\u00f6glich.\n\t\t\t\t\t\t\t\t<\/div>\n\t\t\t\t<\/div>\n\t\t\t\t<div class=\"elementor-element elementor-element-f188875 elementor-hidden-tablet elementor-hidden-mobile elementor-widget elementor-widget-text-editor\" data-id=\"f188875\" data-element_type=\"widget\" data-e-type=\"widget\" data-widget_type=\"text-editor.default\">\n\t\t\t\t<div class=\"elementor-widget-container\">\n\t\t\t\t\t\t\t\t\tAls Spezialisten f\u00fcr Kopfschmerzen stehen Frau Gece und Herr Fuchs in der Schmerzwerkstatt M\u00fcnchen f\u00fcr ein individuelles Mosaik einzelner Therapiebausteine. Ziel ist eine anhaltende Beschwerdelinderung unter Ber\u00fccksichtigung der neuesten Therapieans\u00e4tze aus der Wissenschaft. Hierunter fallen zum Beispiel Botulinus-Toxin-Injektionen bei ausgew\u00e4hlten Kopfschmerzformen oder auch die \u201eMigr\u00e4neimpfung\u201c mittels Immuntherapie.\n\nEin weiterer Behandlungsschwerpunkt liegt in der Anwendung erg\u00e4nzender, nicht medikament\u00f6ser Verfahren, wie TENS (Transkutane Elektrische Nerven-Stimulation) oder progressive Muskelentspannung nach Jakobson.\t\t\t\t\t\t\t\t<\/div>\n\t\t\t\t<\/div>\n\t\t\t\t<div class=\"elementor-element elementor-element-fc95566 elementor-hidden-widescreen elementor-hidden-desktop elementor-hidden-laptop elementor-widget elementor-widget-heading\" data-id=\"fc95566\" data-element_type=\"widget\" data-e-type=\"widget\" data-widget_type=\"heading.default\">\n\t\t\t\t<div class=\"elementor-widget-container\">\n\t\t\t\t\t<h1 class=\"elementor-heading-title elementor-size-default\">Kopfschmerzen: eine Gei\u00dfel lindern<\/h1>\t\t\t\t<\/div>\n\t\t\t\t<\/div>\n\t\t\t\t<div class=\"elementor-element elementor-element-9d79d9b elementor-hidden-widescreen elementor-hidden-desktop elementor-hidden-laptop elementor-widget elementor-widget-text-editor\" data-id=\"9d79d9b\" data-element_type=\"widget\" data-e-type=\"widget\" data-widget_type=\"text-editor.default\">\n\t\t\t\t<div class=\"elementor-widget-container\">\n\t\t\t\t\t\t\t\t\t<p>Circa 70% der Bev\u00f6lkerung in Deutschland leidet an gelegentlich auftretenden Kopfschmerzen. Damit geh\u00f6ren Kopfschmerzen zu den h\u00e4ufigsten Symptomen und nur selten wird deswegen ein Arzt aufgesucht.<br>Anders hingegen bei chronischen Kopfschmerzen, die \u00fcber einen Zeitraum von mehreren Monaten wiederholt auftreten, die Betroffenen qu\u00e4len und so ihre Lebensqualit\u00e4t erheblich einschr\u00e4nken.<\/p>\n<p>Dahinter kann sie eine eigenst\u00e4ndige Kopfschmerzerkrankungen verbergen. Dazu geh\u00f6rt die Migr\u00e4ne, aber auch der Spannungskopfschmerz.<br>Die verschiedenen Typen von Kopfschmerzen k\u00f6nnen auf Grundlage der&nbsp;<a href=\"https:\/\/ichd-3.org\/de\/\" target=\"_blank\" rel=\"noreferrer noopener\" aria-label=\" (\u00f6ffnet in neuem Tab)\">Internationalen Kopfschmerzklassifikation<\/a>&nbsp;diagnostiziert werden. Nur so ist eine wirksame, auf Behandlungsleitlinien beruhende Therapie m\u00f6glich.<\/p>\n<p>Als Spezialistin f\u00fcr Kopfschmerzen steht Frau Dr. Schnieber in der Schmerzwerkstatt M\u00fcnchen f\u00fcr ein individuelles Mosaik einzelner Therapiebausteine. Ziel ist eine anhaltende Beschwerdelinderung unter Ber\u00fccksichtigung der neuesten Therapieans\u00e4tze aus der Wissenschaft. Hierunter fallen zum Beispiel Botulinus-Toxin-Injektionen bei ausgew\u00e4hlten Kopfschmerzformen oder auch die \u201eMigr\u00e4neimpfung\u201c mittels Immuntherapie.<\/p>\n<p>Ein weiterer Behandlungsschwerpunkt liegt in der Anwendung erg\u00e4nzender, nicht medikament\u00f6ser Verfahren, wie TENS (Transkutane Elektrische Nerven-Stimulation) oder progressive Muskelentspannung nach Jakobson.<\/p>\t\t\t\t\t\t\t\t<\/div>\n\t\t\t\t<\/div>\n\t\t\t\t<section class=\"elementor-section elementor-inner-section elementor-element elementor-element-4a5c189 elementor-section-boxed elementor-section-height-default elementor-section-height-default\" data-id=\"4a5c189\" data-element_type=\"section\" data-e-type=\"section\" data-settings=\"{&quot;background_background&quot;:&quot;classic&quot;,&quot;jet_parallax_layout_list&quot;:[]}\">\n\t\t\t\t\t\t<div class=\"elementor-container elementor-column-gap-default\">\n\t\t\t\t\t<div class=\" elementor-column elementor-col-50 elementor-inner-column elementor-element elementor-element-3778bda\" data-fullscreen-column-settings=\"{&quot;fullscreen&quot;:&quot;&quot;}\" data-id=\"3778bda\" data-element_type=\"column\" data-e-type=\"column\">\n\t\t\t<div class=\"elementor-widget-wrap elementor-element-populated\">\n\t\t\t\t\t\t<div class=\"elementor-element elementor-element-8daab9e elementor-widget elementor-widget-heading\" data-id=\"8daab9e\" data-element_type=\"widget\" data-e-type=\"widget\" data-widget_type=\"heading.default\">\n\t\t\t\t<div class=\"elementor-widget-container\">\n\t\t\t\t\t<h2 class=\"elementor-heading-title elementor-size-default\">Haben Sie Fragen? Dann vereinbaren Sie einen Termin.<\/h2>\t\t\t\t<\/div>\n\t\t\t\t<\/div>\n\t\t\t\t\t<\/div>\n\t\t<\/div>\n\t\t\t\t<div class=\" elementor-column elementor-col-50 elementor-inner-column elementor-element elementor-element-8080e87\" data-fullscreen-column-settings=\"{&quot;fullscreen&quot;:&quot;&quot;}\" data-id=\"8080e87\" data-element_type=\"column\" data-e-type=\"column\">\n\t\t\t<div class=\"elementor-widget-wrap elementor-element-populated\">\n\t\t\t\t\t\t<div class=\"elementor-element elementor-element-e8e0f75 elementor-mobile-align-center elementor-widget elementor-widget-litho-button-gradient\" data-id=\"e8e0f75\" data-element_type=\"widget\" data-e-type=\"widget\" data-widget_type=\"litho-button-gradient.default\">\n\t\t\t\t<div class=\"elementor-widget-container\">\n\t\t\t\t\t\t\t\t\t<div class=\"elementor-gradient-button-wrapper\">\n\t\t\t\t\t<a href=\"#elementor-action%3Aaction%3Dpopup%3Aopen%26settings%3DeyJpZCI6IjEwODg5IiwidG9nZ2xlIjpmYWxzZX0%3D\" class=\"elementor-gradient-button-link elementor-gradient-button elementor-size-md \" role=\"button\">\n\t\t\t\t\t\t\t\t\t<span class=\"elementor-gradient-button-content-wrapper\">\n\t\t\t\t\t\t\t\t\t\t\t\t\t<span class=\"elementor-gradient-button-text\">Zum Kontakt<\/span>\n\t\t\t\t\t\t\t<\/span>\n\t\t\t\t\t\t\t\t<\/a>\n\t\t\t\t<\/div>\n\t\t\t\t\t\t\t<\/div>\n\t\t\t\t<\/div>\n\t\t\t\t\t<\/div>\n\t\t<\/div>\n\t\t\t\t\t<\/div>\n\t\t<\/section>\n\t\t\t\t<div class=\"elementor-element elementor-element-2bc96dc elementor-widget elementor-widget-spacer\" data-id=\"2bc96dc\" data-element_type=\"widget\" data-e-type=\"widget\" data-widget_type=\"spacer.default\">\n\t\t\t\t<div class=\"elementor-widget-container\">\n\t\t\t\t\t\t\t<div class=\"elementor-spacer\">\n\t\t\t<div class=\"elementor-spacer-inner\"><\/div>\n\t\t<\/div>\n\t\t\t\t\t\t<\/div>\n\t\t\t\t<\/div>\n\t\t\t\t\t<\/div>\n\t\t<\/div>\n\t\t\t\t\t<\/div>\n\t\t<\/section>\n\t\t\t\t<\/div>\n\t\t","protected":false},"excerpt":{"rendered":"<p>Kopfschmerzen: eine Gei\u00dfel lindern Circa 70% der Bev\u00f6lkerung in Deutschland leidet an gelegentlich auftretenden Kopfschmerzen. Damit geh\u00f6ren Kopfschmerzen zu den h\u00e4ufigsten Symptomen und nur selten wird deswegen ein Arzt aufgesucht. Anders hingegen bei chronischen Kopfschmerzen, die \u00fcber einen Zeitraum von mehreren Monaten wiederholt auftreten, die Betroffenen qu\u00e4len und so ihre Lebensqualit\u00e4t erheblich einschr\u00e4nken. Dahinter kann [&hellip;]<\/p>\n","protected":false},"author":2,"featured_media":0,"parent":3011,"menu_order":0,"comment_status":"closed","ping_status":"closed","template":"elementor_header_footer","meta":{"iawp_total_views":291,"footnotes":""},"class_list":["post-3016","page","type-page","status-publish","hentry"],"_links":{"self":[{"href":"https:\/\/www.schmerzwerkstatt.com\/en\/wp-json\/wp\/v2\/pages\/3016","targetHints":{"allow":["GET"]}}],"collection":[{"href":"https:\/\/www.schmerzwerkstatt.com\/en\/wp-json\/wp\/v2\/pages"}],"about":[{"href":"https:\/\/www.schmerzwerkstatt.com\/en\/wp-json\/wp\/v2\/types\/page"}],"author":[{"embeddable":true,"href":"https:\/\/www.schmerzwerkstatt.com\/en\/wp-json\/wp\/v2\/users\/2"}],"replies":[{"embeddable":true,"href":"https:\/\/www.schmerzwerkstatt.com\/en\/wp-json\/wp\/v2\/comments?post=3016"}],"version-history":[{"count":87,"href":"https:\/\/www.schmerzwerkstatt.com\/en\/wp-json\/wp\/v2\/pages\/3016\/revisions"}],"predecessor-version":[{"id":16738,"href":"https:\/\/www.schmerzwerkstatt.com\/en\/wp-json\/wp\/v2\/pages\/3016\/revisions\/16738"}],"up":[{"embeddable":true,"href":"https:\/\/www.schmerzwerkstatt.com\/en\/wp-json\/wp\/v2\/pages\/3011"}],"wp:attachment":[{"href":"https:\/\/www.schmerzwerkstatt.com\/en\/wp-json\/wp\/v2\/media?parent=3016"}],"curies":[{"name":"wp","href":"https:\/\/api.w.org\/{rel}","templated":true}]}}