{"id":197,"date":"2019-01-23T08:23:47","date_gmt":"2019-01-23T08:23:47","guid":{"rendered":"http:\/\/schmerzwerkstatt.com\/?page_id=197"},"modified":"2023-11-10T14:47:52","modified_gmt":"2023-11-10T14:47:52","slug":"zweitmeinung","status":"publish","type":"page","link":"https:\/\/www.schmerzwerkstatt.com\/en\/zweitmeinung\/","title":{"rendered":"Second opinion"},"content":{"rendered":"\t\t<div data-elementor-type=\"wp-page\" data-elementor-id=\"197\" class=\"elementor elementor-197\" data-elementor-post-type=\"page\">\n\t\t\t\t\t\t<section class=\"elementor-section elementor-top-section elementor-element elementor-element-9a5cf20 elementor-section-height-min-height boxed_banner elementor-section-boxed elementor-section-height-default elementor-section-items-middle\" data-id=\"9a5cf20\" data-element_type=\"section\" data-e-type=\"section\" data-settings=\"{&quot;background_background&quot;:&quot;slideshow&quot;,&quot;background_slideshow_gallery&quot;:[{&quot;id&quot;:6987,&quot;url&quot;:&quot;http:\\\/\\\/schmerzwerkstatt.com\\\/wp-content\\\/uploads\\\/2023\\\/04\\\/Hammer-scaled.jpeg&quot;}],&quot;jet_parallax_layout_list&quot;:[],&quot;background_slideshow_loop&quot;:&quot;yes&quot;,&quot;background_slideshow_slide_duration&quot;:5000,&quot;background_slideshow_slide_transition&quot;:&quot;fade&quot;,&quot;background_slideshow_transition_duration&quot;:500}\">\n\t\t\t\t\t\t\t<div class=\"elementor-background-overlay\"><\/div>\n\t\t\t\t\t\t\t<div class=\"elementor-container elementor-column-gap-default\">\n\t\t\t\t\t<div class=\" elementor-column elementor-col-33 elementor-top-column elementor-element elementor-element-0fb4ca0\" data-fullscreen-column-settings=\"{&quot;fullscreen&quot;:&quot;&quot;}\" data-id=\"0fb4ca0\" data-element_type=\"column\" data-e-type=\"column\" data-settings=\"{&quot;background_background&quot;:&quot;classic&quot;}\">\n\t\t\t<div class=\"elementor-widget-wrap\">\n\t\t\t\t\t\t\t<\/div>\n\t\t<\/div>\n\t\t\t\t<div class=\" elementor-column elementor-col-33 elementor-top-column elementor-element elementor-element-ac459c9\" data-fullscreen-column-settings=\"{&quot;fullscreen&quot;:&quot;&quot;}\" data-id=\"ac459c9\" data-element_type=\"column\" data-e-type=\"column\" data-settings=\"{&quot;background_background&quot;:&quot;classic&quot;}\">\n\t\t\t<div class=\"elementor-widget-wrap\">\n\t\t\t\t\t\t\t<\/div>\n\t\t<\/div>\n\t\t\t\t<div class=\" elementor-column elementor-col-33 elementor-top-column elementor-element elementor-element-4aea713\" data-fullscreen-column-settings=\"{&quot;fullscreen&quot;:&quot;&quot;}\" data-id=\"4aea713\" data-element_type=\"column\" data-e-type=\"column\" data-settings=\"{&quot;background_background&quot;:&quot;classic&quot;}\">\n\t\t\t<div class=\"elementor-widget-wrap elementor-element-populated\">\n\t\t\t\t\t\t<div class=\"elementor-element elementor-element-1895cc1 elementor-hidden-mobile elementor-widget elementor-widget-text-editor\" data-id=\"1895cc1\" data-element_type=\"widget\" data-e-type=\"widget\" data-widget_type=\"text-editor.default\">\n\t\t\t\t<div class=\"elementor-widget-container\">\n\t\t\t\t\t\t\t\t\t<p>In Deutschland werden derzeit rund 100.000 Bandscheibenoperationen pro Jahr durchgef\u00fchrt. Hartn\u00e4ckig h\u00e4lt sich das Ger\u00fccht, dass\u00a0<a href=\"https:\/\/www.schmerzwerkstatt.de\/rueckenschmerzen\/bandscheibenvorfall\">Bandscheibenvorf\u00e4lle<\/a>\u00a0an Lenden- oder Halswirbels\u00e4ule operiert werden m\u00fcssen. Geboten ist eine Operation aber nur bei 1-3% aller nachgewiesenen Bandscheibenvorf\u00e4lle.\u00a0\u00a0<\/p>\t\t\t\t\t\t\t\t<\/div>\n\t\t\t\t<\/div>\n\t\t\t\t\t<\/div>\n\t\t<\/div>\n\t\t\t\t\t<\/div>\n\t\t<\/section>\n\t\t\t\t<section class=\"elementor-section elementor-top-section elementor-element elementor-element-498dc28 elementor-section-content-middle elementor-section-boxed elementor-section-height-default elementor-section-height-default\" data-id=\"498dc28\" data-element_type=\"section\" data-e-type=\"section\" data-settings=\"{&quot;background_background&quot;:&quot;classic&quot;,&quot;jet_parallax_layout_list&quot;:[]}\">\n\t\t\t\t\t\t\t<div class=\"elementor-background-overlay\"><\/div>\n\t\t\t\t\t\t\t<div class=\"elementor-container elementor-column-gap-default\">\n\t\t\t\t\t<div class=\" elementor-column elementor-col-100 elementor-top-column elementor-element elementor-element-43dbc21\" data-fullscreen-column-settings=\"{&quot;fullscreen&quot;:&quot;&quot;}\" data-id=\"43dbc21\" data-element_type=\"column\" data-e-type=\"column\">\n\t\t\t<div class=\"elementor-widget-wrap elementor-element-populated\">\n\t\t\t\t\t\t<div class=\"elementor-element elementor-element-86c2511 elementor-hidden-widescreen elementor-hidden-desktop elementor-hidden-laptop elementor-hidden-tablet elementor-hidden-mobile elementor-widget elementor-widget-heading\" data-id=\"86c2511\" data-element_type=\"widget\" data-e-type=\"widget\" data-widget_type=\"heading.default\">\n\t\t\t\t<div class=\"elementor-widget-container\">\n\t\t\t\t\t<h2 class=\"elementor-heading-title elementor-size-default\">Zweitmeinung zu Bandscheibenvorfall &amp; Co.:<br>\n<b>Rund 8 von 10 R\u00fccken-Operationen sind vermeidbar! <\/b><\/h2>\t\t\t\t<\/div>\n\t\t\t\t<\/div>\n\t\t\t\t<div class=\"elementor-element elementor-element-8cffee9 elementor-alert-success elementor-hidden-widescreen elementor-hidden-desktop elementor-hidden-laptop elementor-hidden-tablet elementor-hidden-mobile elementor-widget elementor-widget-alert\" data-id=\"8cffee9\" data-element_type=\"widget\" data-e-type=\"widget\" data-widget_type=\"alert.default\">\n\t\t\t\t<div class=\"elementor-widget-container\">\n\t\t\t\t\t\t\t<div class=\"elementor-alert\" role=\"alert\">\n\n\t\t\t\t\t\t<span class=\"elementor-alert-title\">In unserer Zweitmeinungssprechstunde k\u00f6nnen wir erfahrungsgem\u00e4\u00df in 8 von 10 F\u00e4llen ein alternatives Vorgehen empfehlen.<\/span>\n\t\t\t\n\t\t\t\n\t\t\t\n\t\t<\/div>\n\t\t\t\t\t\t<\/div>\n\t\t\t\t<\/div>\n\t\t\t\t<div class=\"elementor-element elementor-element-a081fb5 elementor-hidden-widescreen elementor-hidden-desktop elementor-hidden-laptop elementor-hidden-tablet elementor-hidden-mobile elementor-widget elementor-widget-text-editor\" data-id=\"a081fb5\" data-element_type=\"widget\" data-e-type=\"widget\" data-widget_type=\"text-editor.default\">\n\t\t\t\t<div class=\"elementor-widget-container\">\n\t\t\t\t\t\t\t\t\t<p>In Deutschland werden derzeit rund 100.000 Bandscheibenoperationen pro Jahr durchgef\u00fchrt. Hartn\u00e4ckig h\u00e4lt sich das Ger\u00fccht, dass\u00a0<a href=\"https:\/\/www.schmerzwerkstatt.de\/rueckenschmerzen\/bandscheibenvorfall\">Bandscheibenvorf\u00e4lle<\/a>\u00a0an Lenden- oder Halswirbels\u00e4ule operiert werden m\u00fcssen. Geboten ist eine Operation aber nur bei 1-3% aller nachgewiesenen Bandscheibenvorf\u00e4lle.\u00a0In unserer Zweitmeinungssprechstunde k\u00f6nnen wir erfahrungsgem\u00e4\u00df in 8 von 10 F\u00e4llen ein alternatives Vorgehen empfehlen.\u00a0\u00a0<\/p>\t\t\t\t\t\t\t\t<\/div>\n\t\t\t\t<\/div>\n\t\t\t\t\t<\/div>\n\t\t<\/div>\n\t\t\t\t\t<\/div>\n\t\t<\/section>\n\t\t\t\t<section class=\"elementor-section elementor-top-section elementor-element elementor-element-7300f4d elementor-section-content-middle boxed_banner elementor-section-boxed elementor-section-height-default elementor-section-height-default\" data-id=\"7300f4d\" data-element_type=\"section\" data-e-type=\"section\" data-settings=\"{&quot;jet_parallax_layout_list&quot;:[],&quot;background_background&quot;:&quot;gradient&quot;}\">\n\t\t\t\t\t\t\t<div class=\"elementor-background-overlay\"><\/div>\n\t\t\t\t\t\t\t<div class=\"elementor-container elementor-column-gap-default\">\n\t\t\t\t\t<div class=\" elementor-column elementor-col-50 elementor-top-column elementor-element elementor-element-8c98cdb elementor-hidden-tablet\" data-fullscreen-column-settings=\"{&quot;fullscreen&quot;:&quot;&quot;}\" data-id=\"8c98cdb\" data-element_type=\"column\" data-e-type=\"column\" data-settings=\"{&quot;background_background&quot;:&quot;gradient&quot;}\">\n\t\t\t<div class=\"elementor-widget-wrap elementor-element-populated\">\n\t\t\t\t\t\t<div class=\"elementor-element elementor-element-62791f8 elementor-widget__width-initial elementor-absolute elementor-widget-tablet__width-initial elementor-widget-widescreen__width-initial elementor-widget-laptop__width-initial elementor-hidden-tablet elementor-hidden-mobile elementor-invisible elementor-widget elementor-widget-litho-heading\" data-id=\"62791f8\" data-element_type=\"widget\" data-e-type=\"widget\" data-settings=\"{&quot;_position&quot;:&quot;absolute&quot;,&quot;sticky&quot;:&quot;top&quot;,&quot;sticky_parent&quot;:&quot;yes&quot;,&quot;_animation&quot;:&quot;fadeInDown&quot;,&quot;_animation_delay&quot;:300,&quot;sticky_on&quot;:[&quot;widescreen&quot;,&quot;desktop&quot;,&quot;laptop&quot;,&quot;tablet&quot;,&quot;mobile&quot;],&quot;sticky_offset&quot;:0,&quot;sticky_effects_offset&quot;:0,&quot;sticky_anchor_link_offset&quot;:0}\" data-widget_type=\"litho-heading.default\">\n\t\t\t\t<div class=\"elementor-widget-container\">\n\t\t\t\t\t<div class=\"litho-heading elementor-size-default\"><span class=\"litho-primary-title\">In unserer Zweitmeinungssprechstunde k\u00f6nnen wir erfahrungsgem\u00e4\u00df in 8 von 10 F\u00e4llen ein alternatives Vorgehen empfehlen.<\/span><\/div>\t\t\t\t<\/div>\n\t\t\t\t<\/div>\n\t\t\t\t\t<\/div>\n\t\t<\/div>\n\t\t\t\t<div class=\" elementor-column elementor-col-50 elementor-top-column elementor-element elementor-element-2675f09\" data-fullscreen-column-settings=\"{&quot;fullscreen&quot;:&quot;&quot;}\" data-id=\"2675f09\" data-element_type=\"column\" data-e-type=\"column\" data-settings=\"{&quot;background_background&quot;:&quot;classic&quot;}\">\n\t\t\t<div class=\"elementor-widget-wrap elementor-element-populated\">\n\t\t\t\t\t\t<div class=\"elementor-element elementor-element-ed20f30 elementor-hidden-tablet elementor-hidden-mobile elementor-widget elementor-widget-litho-heading\" data-id=\"ed20f30\" data-element_type=\"widget\" data-e-type=\"widget\" data-widget_type=\"litho-heading.default\">\n\t\t\t\t<div class=\"elementor-widget-container\">\n\t\t\t\t\t<h5 class=\"litho-heading elementor-size-default\"><span class=\"litho-primary-title\"><b>Auf die Perspektive kommt es an: Von H\u00e4mmern und N\u00e4geln<\/span><\/h5>\t\t\t\t<\/div>\n\t\t\t\t<\/div>\n\t\t\t\t<div class=\"elementor-element elementor-element-580282a elementor-hidden-tablet elementor-hidden-mobile elementor-widget elementor-widget-text-editor\" data-id=\"580282a\" data-element_type=\"widget\" data-e-type=\"widget\" data-widget_type=\"text-editor.default\">\n\t\t\t\t<div class=\"elementor-widget-container\">\n\t\t\t\t\t\t\t\t\t<p>\u201e<em>Hast du einen Hammer, dann besteht die Welt aus N\u00e4geln.<\/em>\u201c Dieses Sprichwort beschreibt das Ph\u00e4nomen der Betriebsblindheit. Davon sind auch Mediziner nicht verschont und so wird h\u00e4ufig zugunsten des Hammers, hier der Operation, argumentiert.<\/p>\n<p>Die Schmerzwerkstatt M\u00fcnchen verf\u00fcgt mit Dr. Gall \u00fcber einen <u>Neurochirurgen<\/u>, der gleichzeitig auf jahrelange operative wie auch schmerztherapeutische Erfahrung zur\u00fcckblickt. Ihm steht damit ein vollst\u00e4ndiger Werkzeugkasten zur Verf\u00fcgung, was das Risiko der Betriebsblindheit zum Nutzen unserer Patienten verringert. &nbsp;<\/p>\n<p><\/p>\t\t\t\t\t\t\t\t<\/div>\n\t\t\t\t<\/div>\n\t\t\t\t<div class=\"elementor-element elementor-element-2a9e6f2 elementor-hidden-tablet elementor-hidden-mobile elementor-widget elementor-widget-litho-heading\" data-id=\"2a9e6f2\" data-element_type=\"widget\" data-e-type=\"widget\" data-widget_type=\"litho-heading.default\">\n\t\t\t\t<div class=\"elementor-widget-container\">\n\t\t\t\t\t<h5 class=\"litho-heading elementor-size-default\"><span class=\"litho-primary-title\"><b>Wann soll ich mich an der Wirbels\u00e4ule operieren lassen?\n<\/span><\/h5>\t\t\t\t<\/div>\n\t\t\t\t<\/div>\n\t\t\t\t<div class=\"elementor-element elementor-element-854a57f elementor-hidden-tablet elementor-hidden-mobile elementor-widget elementor-widget-text-editor\" data-id=\"854a57f\" data-element_type=\"widget\" data-e-type=\"widget\" data-widget_type=\"text-editor.default\">\n\t\t\t\t<div class=\"elementor-widget-container\">\n\t\t\t\t\t\t\t\t\t<p>Eine Wirbels\u00e4ulenoperation ist buchst\u00e4blich ein einschneidendes Ereignis und sollte immer die letzte Option sein. Zus\u00e4tzlich zum operativen Risiko ist zu bedenken, dass sich auch mit einer Operation h\u00e4ufig keine Schmerzfreiheit erzielen l\u00e4sst. In der Schmerzwerkstatt M\u00fcnchen lautet unser Behandlungsziel daher, eine realistische Schmerzverminderung bei deutlicher Verbesserung der Lebensqualit\u00e4t zu erreichen.\u00a0<\/p><p>Oft l\u00e4sst sich mit der\u00a0<span style=\"text-decoration: underline;\"><a href=\"https:\/\/www.schmerzwerkstatt.de\/therapie\/multimodale-schmerztherapie\">multimodalen Schmerztherapie<\/a>\u00a0<\/span>durch eine individuelle Kombination mehrerer, ineinandergreifender Therapiebausteine eine zufriedenstellende Schmerzlinderung erzielen.\u00a0<\/p><p>Wir legen Wert auf eine pr\u00e4zise\u00a0<span style=\"text-decoration: underline;\"><a href=\"https:\/\/www.schmerzwerkstatt.de\/diagnostik\">Diagnostik<\/a>.<\/span> Sie haben Zeit, um von sich und Ihrer Symptomatik zu berichten. Es sind auch Details von Bedeutung, die bislang im Dunkeln blieben. Neben bildgebenden Verfahren und einer sorgf\u00e4ltigen k\u00f6rperlichen Untersuchung \u00a0arbeiten wir bei Bedarf auch mit\u00a0<span style=\"text-decoration: underline;\"><a href=\"https:\/\/www.schmerzwerkstatt.de\/diagnostik\/diagnostische-blockaden\">diagnostischen Blockaden<\/a><\/span>, um die schmerzverursachenden Strukturen genau \u00a0zu identifizieren. Nur bei Kenntnis der exakten Schmerzursache ist eine wirkungsvolle Therapie m\u00f6glich.\u00a0<\/p>\t\t\t\t\t\t\t\t<\/div>\n\t\t\t\t<\/div>\n\t\t\t\t<div class=\"elementor-element elementor-element-03cf664 elementor-hidden-widescreen elementor-hidden-desktop elementor-hidden-laptop elementor-widget elementor-widget-heading\" data-id=\"03cf664\" data-element_type=\"widget\" data-e-type=\"widget\" data-widget_type=\"heading.default\">\n\t\t\t\t<div class=\"elementor-widget-container\">\n\t\t\t\t\t<h1 class=\"elementor-heading-title elementor-size-default\">Zweitmeinung zu Bandscheibenvorfall &amp; Co.:\nRund 8 von 10 R\u00fccken-Operationen sind vermeidbar!  <\/h1>\t\t\t\t<\/div>\n\t\t\t\t<\/div>\n\t\t\t\t<div class=\"elementor-element elementor-element-389c534 elementor-hidden-widescreen elementor-hidden-desktop elementor-hidden-laptop elementor-widget elementor-widget-text-editor\" data-id=\"389c534\" data-element_type=\"widget\" data-e-type=\"widget\" data-widget_type=\"text-editor.default\">\n\t\t\t\t<div class=\"elementor-widget-container\">\n\t\t\t\t\t\t\t\t\t<p>In Deutschland werden derzeit rund 100.000 Bandscheibenoperationen pro Jahr durchgef\u00fchrt. Hartn\u00e4ckig h\u00e4lt sich das Ger\u00fccht, dass\u00a0<span style=\"text-decoration: underline;\"><a href=\"https:\/\/www.schmerzwerkstatt.de\/rueckenschmerzen\/bandscheibenvorfall\">Bandscheibenvorf\u00e4lle<\/a><\/span>\u00a0an Lenden- oder Halswirbels\u00e4ule operiert werden m\u00fcssen. Geboten ist eine Operation aber nur bei 1-3% aller nachgewiesenen Bandscheibenvorf\u00e4lle.\u00a0<\/p><p>In unserer Zweitmeinungssprechstunde k\u00f6nnen wir erfahrungsgem\u00e4\u00df in 8 von 10 F\u00e4llen ein alternatives Vorgehen empfehlen.\u00a0\u00a0<\/p>\t\t\t\t\t\t\t\t<\/div>\n\t\t\t\t<\/div>\n\t\t\t\t<div class=\"elementor-element elementor-element-985d6a2 elementor-widget elementor-widget-video\" data-id=\"985d6a2\" data-element_type=\"widget\" data-e-type=\"widget\" data-settings=\"{&quot;youtube_url&quot;:&quot;https:\\\/\\\/www.youtube.com\\\/watch?v=A340xLy6z10&quot;,&quot;video_type&quot;:&quot;youtube&quot;,&quot;controls&quot;:&quot;yes&quot;}\" data-widget_type=\"video.default\">\n\t\t\t\t<div class=\"elementor-widget-container\">\n\t\t\t\t\t\t\t<div class=\"elementor-wrapper elementor-open-inline\">\n\t\t\t<div class=\"elementor-video\"><\/div>\t\t<\/div>\n\t\t\t\t\t\t<\/div>\n\t\t\t\t<\/div>\n\t\t\t\t<div class=\"elementor-element elementor-element-2001e31 elementor-hidden-widescreen elementor-hidden-desktop elementor-hidden-laptop elementor-widget elementor-widget-heading\" data-id=\"2001e31\" data-element_type=\"widget\" data-e-type=\"widget\" data-widget_type=\"heading.default\">\n\t\t\t\t<div class=\"elementor-widget-container\">\n\t\t\t\t\t<h1 class=\"elementor-heading-title elementor-size-default\">Auf die Perspektive kommt es an: Von H\u00e4mmern und N\u00e4geln<\/h1>\t\t\t\t<\/div>\n\t\t\t\t<\/div>\n\t\t\t\t<div class=\"elementor-element elementor-element-0a9d5f8 elementor-hidden-widescreen elementor-hidden-desktop elementor-hidden-laptop elementor-widget elementor-widget-text-editor\" data-id=\"0a9d5f8\" data-element_type=\"widget\" data-e-type=\"widget\" data-widget_type=\"text-editor.default\">\n\t\t\t\t<div class=\"elementor-widget-container\">\n\t\t\t\t\t\t\t\t\t<p>\u201e<em>Hast du einen Hammer, dann besteht die Welt aus N\u00e4geln.<\/em>\u201c Dieses Sprichwort beschreibt das Ph\u00e4nomen der Betriebsblindheit. Davon sind auch Mediziner nicht verschont und so wird h\u00e4ufig zugunsten des Hammers, hier der Operation, argumentiert.<\/p><p>Die Schmerzwerkstatt M\u00fcnchen verf\u00fcgt mit Dr. Gall \u00fcber einen Neurochirurgen, der gleichzeitig auf jahrelange operative wie auch schmerztherapeutische Erfahrung zur\u00fcckblickt. Ihm steht damit ein vollst\u00e4ndiger Werkzeugkasten zur Verf\u00fcgung, was das Risiko der Betriebsblindheit zum Nutzen unserer Patienten verringert. \u00a0<\/p>\t\t\t\t\t\t\t\t<\/div>\n\t\t\t\t<\/div>\n\t\t\t\t<div class=\"elementor-element elementor-element-f002d36 elementor-hidden-widescreen elementor-hidden-desktop elementor-hidden-laptop elementor-widget elementor-widget-accordion\" data-id=\"f002d36\" data-element_type=\"widget\" data-e-type=\"widget\" data-widget_type=\"accordion.default\">\n\t\t\t\t<div class=\"elementor-widget-container\">\n\t\t\t\t\t\t\t<div class=\"elementor-accordion\">\n\t\t\t\t\t\t\t<div class=\"elementor-accordion-item\">\n\t\t\t\t\t<div id=\"elementor-tab-title-2511\" class=\"elementor-tab-title\" data-tab=\"1\" role=\"button\" aria-controls=\"elementor-tab-content-2511\" aria-expanded=\"false\">\n\t\t\t\t\t\t\t\t\t\t\t\t\t<span class=\"elementor-accordion-icon elementor-accordion-icon-left\" aria-hidden=\"true\">\n\t\t\t\t\t\t\t\t\t\t\t\t\t\t\t<span class=\"elementor-accordion-icon-closed\"><i class=\" icon-feather-chevron-right\"><\/i><\/span>\n\t\t\t\t\t\t\t\t<span class=\"elementor-accordion-icon-opened\"><i class=\"ti ti-minus\"><\/i><\/span>\n\t\t\t\t\t\t\t\t\t\t\t\t\t\t<\/span>\n\t\t\t\t\t\t\t\t\t\t\t\t<a class=\"elementor-accordion-title\" tabindex=\"0\">Wann soll ich mich an der Wirbels\u00e4ule operieren lassen?<\/a>\n\t\t\t\t\t<\/div>\n\t\t\t\t\t<div id=\"elementor-tab-content-2511\" class=\"elementor-tab-content elementor-clearfix\" data-tab=\"1\" role=\"region\" aria-labelledby=\"elementor-tab-title-2511\"><p>Eine Wirbels\u00e4ulenoperation ist buchst\u00e4blich ein einschneidendes Ereignis und sollte immer die letzte Option sein. Zus\u00e4tzlich zum operativen Risiko ist zu bedenken, dass sich auch mit einer Operation h\u00e4ufig keine Schmerzfreiheit erzielen l\u00e4sst. In der Schmerzwerkstatt M\u00fcnchen lautet unser Behandlungsziel daher, eine realistische Schmerzverminderung bei deutlicher Verbesserung der Lebensqualit\u00e4t zu erreichen.<\/p><p>Oft l\u00e4sst sich mit der\u00a0<span style=\"text-decoration: underline;\"><a href=\"https:\/\/www.schmerzwerkstatt.de\/therapie\/multimodale-schmerztherapie\">multimodalen Schmerztherapie<\/a>\u00a0<\/span>durch eine individuelle Kombination mehrerer, ineinandergreifender Therapiebausteine eine zufriedenstellende Schmerzlinderung erzielen.<\/p><p>Wir legen Wert auf eine pr\u00e4zise\u00a0<span style=\"text-decoration: underline;\"><a href=\"https:\/\/www.schmerzwerkstatt.de\/diagnostik\">Diagnostik<\/a><\/span>. Sie haben Zeit, um von sich und Ihrer Symptomatik zu berichten. Es sind auch Details von Bedeutung, die bislang im Dunkeln blieben. Neben bildgebenden Verfahren und einer sorgf\u00e4ltigen k\u00f6rperlichen Untersuchung \u00a0arbeiten wir bei Bedarf auch mit\u00a0<span style=\"text-decoration: underline;\"><a href=\"https:\/\/www.schmerzwerkstatt.de\/diagnostik\/diagnostische-blockaden\">diagnostischen Blockaden<\/a><\/span>, um die schmerzverursachenden Strukturen genau \u00a0zu identifizieren. Nur bei Kenntnis der exakten Schmerzursache ist eine wirkungsvolle Therapie m\u00f6glich.<\/p><\/div>\n\t\t\t\t<\/div>\n\t\t\t\t\t\t\t\t<\/div>\n\t\t\t\t\t\t<\/div>\n\t\t\t\t<\/div>\n\t\t\t\t<div class=\"elementor-element elementor-element-b5a6a43 elementor-widget elementor-widget-spacer\" data-id=\"b5a6a43\" data-element_type=\"widget\" data-e-type=\"widget\" data-widget_type=\"spacer.default\">\n\t\t\t\t<div class=\"elementor-widget-container\">\n\t\t\t\t\t\t\t<div class=\"elementor-spacer\">\n\t\t\t<div class=\"elementor-spacer-inner\"><\/div>\n\t\t<\/div>\n\t\t\t\t\t\t<\/div>\n\t\t\t\t<\/div>\n\t\t\t\t<section class=\"elementor-section elementor-inner-section elementor-element elementor-element-ffacaad elementor-section-boxed elementor-section-height-default elementor-section-height-default\" data-id=\"ffacaad\" data-element_type=\"section\" data-e-type=\"section\" data-settings=\"{&quot;background_background&quot;:&quot;classic&quot;,&quot;jet_parallax_layout_list&quot;:[]}\">\n\t\t\t\t\t\t<div class=\"elementor-container elementor-column-gap-default\">\n\t\t\t\t\t<div class=\" elementor-column elementor-col-50 elementor-inner-column elementor-element elementor-element-0f99a00\" data-fullscreen-column-settings=\"{&quot;fullscreen&quot;:&quot;&quot;}\" data-id=\"0f99a00\" data-element_type=\"column\" data-e-type=\"column\">\n\t\t\t<div class=\"elementor-widget-wrap elementor-element-populated\">\n\t\t\t\t\t\t<div class=\"elementor-element elementor-element-a296cca elementor-widget elementor-widget-heading\" data-id=\"a296cca\" data-element_type=\"widget\" data-e-type=\"widget\" data-widget_type=\"heading.default\">\n\t\t\t\t<div class=\"elementor-widget-container\">\n\t\t\t\t\t<h2 class=\"elementor-heading-title elementor-size-default\">Sie m\u00f6chten eine Zweitmeinung zu einer geplanten R\u00fccken-OP einholen? Hier k\u00f6nnen Sie mit uns Kontakt aufnehmen.<\/h2>\t\t\t\t<\/div>\n\t\t\t\t<\/div>\n\t\t\t\t\t<\/div>\n\t\t<\/div>\n\t\t\t\t<div class=\" elementor-column elementor-col-50 elementor-inner-column elementor-element elementor-element-c393849\" data-fullscreen-column-settings=\"{&quot;fullscreen&quot;:&quot;&quot;}\" data-id=\"c393849\" data-element_type=\"column\" data-e-type=\"column\">\n\t\t\t<div class=\"elementor-widget-wrap elementor-element-populated\">\n\t\t\t\t\t\t<div class=\"elementor-element elementor-element-53a8379 elementor-mobile-align-center elementor-widget elementor-widget-litho-button-gradient\" data-id=\"53a8379\" data-element_type=\"widget\" data-e-type=\"widget\" data-widget_type=\"litho-button-gradient.default\">\n\t\t\t\t<div class=\"elementor-widget-container\">\n\t\t\t\t\t\t\t\t\t<div class=\"elementor-gradient-button-wrapper\">\n\t\t\t\t\t<a href=\"#elementor-action%3Aaction%3Dpopup%3Aopen%26settings%3DeyJpZCI6IjEwODg5IiwidG9nZ2xlIjpmYWxzZX0%3D\" class=\"elementor-gradient-button-link elementor-gradient-button elementor-size-md \" role=\"button\">\n\t\t\t\t\t\t\t\t\t<span class=\"elementor-gradient-button-content-wrapper\">\n\t\t\t\t\t\t\t\t\t\t\t\t\t<span class=\"elementor-gradient-button-text\">Zum Kontakt<\/span>\n\t\t\t\t\t\t\t<\/span>\n\t\t\t\t\t\t\t\t<\/a>\n\t\t\t\t<\/div>\n\t\t\t\t\t\t\t<\/div>\n\t\t\t\t<\/div>\n\t\t\t\t\t<\/div>\n\t\t<\/div>\n\t\t\t\t\t<\/div>\n\t\t<\/section>\n\t\t\t\t<div class=\"elementor-element elementor-element-74ef008 elementor-hidden-tablet elementor-hidden-mobile elementor-widget elementor-widget-spacer\" data-id=\"74ef008\" data-element_type=\"widget\" data-e-type=\"widget\" data-widget_type=\"spacer.default\">\n\t\t\t\t<div class=\"elementor-widget-container\">\n\t\t\t\t\t\t\t<div class=\"elementor-spacer\">\n\t\t\t<div class=\"elementor-spacer-inner\"><\/div>\n\t\t<\/div>\n\t\t\t\t\t\t<\/div>\n\t\t\t\t<\/div>\n\t\t\t\t\t<\/div>\n\t\t<\/div>\n\t\t\t\t\t<\/div>\n\t\t<\/section>\n\t\t\t\t<\/div>\n\t\t","protected":false},"excerpt":{"rendered":"<p>In Deutschland werden derzeit rund 100.000 Bandscheibenoperationen pro Jahr durchgef\u00fchrt. Hartn\u00e4ckig h\u00e4lt sich das Ger\u00fccht, dass\u00a0Bandscheibenvorf\u00e4lle\u00a0an Lenden- oder Halswirbels\u00e4ule operiert werden m\u00fcssen. Geboten ist eine Operation aber nur bei 1-3% aller nachgewiesenen Bandscheibenvorf\u00e4lle.\u00a0\u00a0 Zweitmeinung zu Bandscheibenvorfall &#038; Co.: Rund 8 von 10 R\u00fccken-Operationen sind vermeidbar! In unserer Zweitmeinungssprechstunde k\u00f6nnen wir erfahrungsgem\u00e4\u00df in 8 von 10 [&hellip;]<\/p>\n","protected":false},"author":2,"featured_media":2121,"parent":0,"menu_order":0,"comment_status":"closed","ping_status":"closed","template":"elementor_header_footer","meta":{"iawp_total_views":403,"footnotes":""},"class_list":["post-197","page","type-page","status-publish","has-post-thumbnail","hentry"],"_links":{"self":[{"href":"https:\/\/www.schmerzwerkstatt.com\/en\/wp-json\/wp\/v2\/pages\/197","targetHints":{"allow":["GET"]}}],"collection":[{"href":"https:\/\/www.schmerzwerkstatt.com\/en\/wp-json\/wp\/v2\/pages"}],"about":[{"href":"https:\/\/www.schmerzwerkstatt.com\/en\/wp-json\/wp\/v2\/types\/page"}],"author":[{"embeddable":true,"href":"https:\/\/www.schmerzwerkstatt.com\/en\/wp-json\/wp\/v2\/users\/2"}],"replies":[{"embeddable":true,"href":"https:\/\/www.schmerzwerkstatt.com\/en\/wp-json\/wp\/v2\/comments?post=197"}],"version-history":[{"count":110,"href":"https:\/\/www.schmerzwerkstatt.com\/en\/wp-json\/wp\/v2\/pages\/197\/revisions"}],"predecessor-version":[{"id":15338,"href":"https:\/\/www.schmerzwerkstatt.com\/en\/wp-json\/wp\/v2\/pages\/197\/revisions\/15338"}],"wp:featuredmedia":[{"embeddable":true,"href":"https:\/\/www.schmerzwerkstatt.com\/en\/wp-json\/wp\/v2\/media\/2121"}],"wp:attachment":[{"href":"https:\/\/www.schmerzwerkstatt.com\/en\/wp-json\/wp\/v2\/media?parent=197"}],"curies":[{"name":"wp","href":"https:\/\/api.w.org\/{rel}","templated":true}]}}