{"id":16158,"date":"2025-01-22T06:22:45","date_gmt":"2025-01-22T06:22:45","guid":{"rendered":"https:\/\/schmerzwerkstatt.com\/?page_id=16158"},"modified":"2025-02-07T10:23:47","modified_gmt":"2025-02-07T10:23:47","slug":"podcasts","status":"publish","type":"page","link":"https:\/\/www.schmerzwerkstatt.com\/en\/podcasts\/","title":{"rendered":"Podcasts"},"content":{"rendered":"<div data-elementor-type=\"wp-page\" data-elementor-id=\"16158\" class=\"elementor elementor-16158\" data-elementor-post-type=\"page\">\n\t\t\t\t\t\t<section class=\"elementor-section elementor-top-section elementor-element elementor-element-c4e0f55 elementor-section-height-min-height boxed_banner elementor-section-boxed elementor-section-height-default elementor-section-items-middle\" data-id=\"c4e0f55\" data-element_type=\"section\" data-e-type=\"section\" data-settings=\"{&quot;background_background&quot;:&quot;classic&quot;,&quot;jet_parallax_layout_list&quot;:[]}\">\n\t\t\t\t\t\t<div class=\"elementor-container elementor-column-gap-default\">\n\t\t\t\t\t<div class=\"elementor-column elementor-col-50 elementor-top-column elementor-element elementor-element-5c86f7d\" data-fullscreen-column-settings=\"{&quot;fullscreen&quot;:&quot;&quot;}\" data-id=\"5c86f7d\" data-element_type=\"column\" data-e-type=\"column\" data-settings=\"{&quot;background_background&quot;:&quot;classic&quot;}\">\n\t\t\t<div class=\"elementor-widget-wrap elementor-element-populated\">\n\t\t\t\t\t\t<div class=\"elementor-element elementor-element-c0cc72b elementor-widget elementor-widget-spacer\" data-id=\"c0cc72b\" data-element_type=\"widget\" data-e-type=\"widget\" data-widget_type=\"spacer.default\">\n\t\t\t\t<div class=\"elementor-widget-container\">\n\t\t\t\t\t\t\t<div class=\"elementor-spacer\">\n\t\t\t<div class=\"elementor-spacer-inner\"><\/div>\n\t\t<\/div>\n\t\t\t\t\t\t<\/div>\n\t\t\t\t<\/div>\n\t\t\t\t<div class=\"elementor-element elementor-element-aefc086 elementor-widget-laptop__width-initial elementor-invisible elementor-widget elementor-widget-image\" data-id=\"aefc086\" data-element_type=\"widget\" data-e-type=\"widget\" data-settings=\"{&quot;_animation&quot;:&quot;fadeIn&quot;,&quot;_animation_delay&quot;:100}\" data-widget_type=\"image.default\">\n\t\t\t\t<div class=\"elementor-widget-container\">\n\t\t\t\t\t\t\t\t\t\t\t\t\t\t\t<img fetchpriority=\"high\" decoding=\"async\" width=\"682\" height=\"1024\" src=\"https:\/\/www.schmerzwerkstatt.com\/wp-content\/uploads\/2022\/12\/Dr_Claudius_Gall-6763-1-682x1024.jpg\" class=\"attachment-large size-large wp-image-6332\" alt=\"\" srcset=\"https:\/\/www.schmerzwerkstatt.com\/wp-content\/uploads\/2022\/12\/Dr_Claudius_Gall-6763-1-682x1024.jpg 682w, https:\/\/www.schmerzwerkstatt.com\/wp-content\/uploads\/2022\/12\/Dr_Claudius_Gall-6763-1-200x300.jpg 200w, https:\/\/www.schmerzwerkstatt.com\/wp-content\/uploads\/2022\/12\/Dr_Claudius_Gall-6763-1-768x1152.jpg 768w, https:\/\/www.schmerzwerkstatt.com\/wp-content\/uploads\/2022\/12\/Dr_Claudius_Gall-6763-1-1024x1536.jpg 1024w, https:\/\/www.schmerzwerkstatt.com\/wp-content\/uploads\/2022\/12\/Dr_Claudius_Gall-6763-1.jpg 1151w\" sizes=\"(max-width: 682px) 100vw, 682px\" \/>\t\t\t\t\t\t\t\t\t\t\t\t\t\t\t<\/div>\n\t\t\t\t<\/div>\n\t\t\t\t\t<\/div>\n\t\t<\/div>\n\t\t\t\t<div class=\"elementor-column elementor-col-50 elementor-top-column elementor-element elementor-element-6c784a0\" data-fullscreen-column-settings=\"{&quot;fullscreen&quot;:&quot;&quot;}\" data-id=\"6c784a0\" data-element_type=\"column\" data-e-type=\"column\" data-settings=\"{&quot;background_background&quot;:&quot;classic&quot;}\">\n\t\t\t<div class=\"elementor-widget-wrap elementor-element-populated\">\n\t\t\t\t\t\t<div class=\"elementor-element elementor-element-9984e0b elementor-widget elementor-widget-heading\" data-id=\"9984e0b\" data-element_type=\"widget\" data-e-type=\"widget\" data-widget_type=\"heading.default\">\n\t\t\t\t<div class=\"elementor-widget-container\">\n\t\t\t\t\t<h2 class=\"elementor-heading-title elementor-size-default\">Podcasts with Dr Gall: Insights into pain therapy<\/h2>\t\t\t\t<\/div>\n\t\t\t\t<\/div>\n\t\t\t\t<div class=\"elementor-element elementor-element-6c43acf elementor-widget elementor-widget-heading\" data-id=\"6c43acf\" data-element_type=\"widget\" data-e-type=\"widget\" data-widget_type=\"heading.default\">\n\t\t\t\t<div class=\"elementor-widget-container\">\n\t\t\t\t\t<h2 class=\"elementor-heading-title elementor-size-default\">Ways out of the pain spiral<\/h2>\t\t\t\t<\/div>\n\t\t\t\t<\/div>\n\t\t\t\t<div class=\"elementor-element elementor-element-ae21d2b elementor-widget elementor-widget-text-editor\" data-id=\"ae21d2b\" data-element_type=\"widget\" data-e-type=\"widget\" data-widget_type=\"text-editor.default\">\n\t\t\t\t<div class=\"elementor-widget-container\">\n\t\t\t\t\t\t\t\t\t<p>Immerse yourself in exciting conversations!<\/p><p>Dr Claudius Gall, an expert in pain therapy, shares his extensive knowledge in these podcasts and highlights innovative approaches to managing chronic pain.<\/p><p>Be inspired and discover valuable tips to break the spiral of pain.<\/p>\t\t\t\t\t\t\t\t<\/div>\n\t\t\t\t<\/div>\n\t\t\t\t\t<\/div>\n\t\t<\/div>\n\t\t\t\t\t<\/div>\n\t\t<\/section>\n\t\t\t\t<section class=\"elementor-section elementor-top-section elementor-element elementor-element-d751700 elementor-section-boxed elementor-section-height-default elementor-section-height-default\" data-id=\"d751700\" data-element_type=\"section\" data-e-type=\"section\" data-settings=\"{&quot;background_background&quot;:&quot;classic&quot;,&quot;jet_parallax_layout_list&quot;:[]}\">\n\t\t\t\t\t\t<div class=\"elementor-container elementor-column-gap-default\">\n\t\t\t\t\t<div class=\"elementor-column elementor-col-50 elementor-top-column elementor-element elementor-element-e81d976\" data-fullscreen-column-settings=\"{&quot;fullscreen&quot;:&quot;&quot;}\" data-id=\"e81d976\" data-element_type=\"column\" data-e-type=\"column\" data-settings=\"{&quot;background_background&quot;:&quot;classic&quot;}\">\n\t\t\t<div class=\"elementor-widget-wrap elementor-element-populated\">\n\t\t\t\t\t\t<div class=\"elementor-element elementor-element-5ad8527 elementor-widget elementor-widget-image\" data-id=\"5ad8527\" data-element_type=\"widget\" data-e-type=\"widget\" data-widget_type=\"image.default\">\n\t\t\t\t<div class=\"elementor-widget-container\">\n\t\t\t\t\t\t\t\t\t\t\t\t\t\t\t\t<a href=\"https:\/\/premiumquarterly.com\/health\/podcast-claudius-gall-wege-aus-schmerzspirale\/\">\n\t\t\t\t\t\t\t<img decoding=\"async\" width=\"698\" height=\"1024\" src=\"https:\/\/www.schmerzwerkstatt.com\/wp-content\/uploads\/2023\/08\/MicrosoftTeams-image-698x1024.png\" class=\"attachment-large size-large wp-image-15450\" alt=\"\" srcset=\"https:\/\/www.schmerzwerkstatt.com\/wp-content\/uploads\/2023\/08\/MicrosoftTeams-image-698x1024.png 698w, https:\/\/www.schmerzwerkstatt.com\/wp-content\/uploads\/2023\/08\/MicrosoftTeams-image-204x300.png 204w, https:\/\/www.schmerzwerkstatt.com\/wp-content\/uploads\/2023\/08\/MicrosoftTeams-image-768x1127.png 768w, https:\/\/www.schmerzwerkstatt.com\/wp-content\/uploads\/2023\/08\/MicrosoftTeams-image-1047x1536.png 1047w, https:\/\/www.schmerzwerkstatt.com\/wp-content\/uploads\/2023\/08\/MicrosoftTeams-image-200x294.png 200w, https:\/\/www.schmerzwerkstatt.com\/wp-content\/uploads\/2023\/08\/MicrosoftTeams-image.png 1240w\" sizes=\"(max-width: 698px) 100vw, 698px\" \/>\t\t\t\t\t\t\t\t<\/a>\n\t\t\t\t\t\t\t\t\t\t\t\t\t\t\t<\/div>\n\t\t\t\t<\/div>\n\t\t\t\t<div class=\"elementor-element elementor-element-a81ef03 elementor-widget elementor-widget-heading\" data-id=\"a81ef03\" data-element_type=\"widget\" data-e-type=\"widget\" data-widget_type=\"heading.default\">\n\t\t\t\t<div class=\"elementor-widget-container\">\n\t\t\t\t\t<h2 class=\"elementor-heading-title elementor-size-default\">Ways out of the pain spiral<\/h2>\t\t\t\t<\/div>\n\t\t\t\t<\/div>\n\t\t\t\t<div class=\"elementor-element elementor-element-8473fae elementor-widget elementor-widget-heading\" data-id=\"8473fae\" data-element_type=\"widget\" data-e-type=\"widget\" data-widget_type=\"heading.default\">\n\t\t\t\t<div class=\"elementor-widget-container\">\n\t\t\t\t\t<p class=\"elementor-heading-title elementor-size-default\">\"Feel good, live better\" - the health podcast from Premium Quarterly. Episode 13 with Dr\nClaudius Gall\"<\/p>\t\t\t\t<\/div>\n\t\t\t\t<\/div>\n\t\t\t\t<div class=\"elementor-element elementor-element-d4c71df elementor-widget elementor-widget-html\" data-id=\"d4c71df\" data-element_type=\"widget\" data-e-type=\"widget\" data-widget_type=\"html.default\">\n\t\t\t\t<div class=\"elementor-widget-container\">\n\t\t\t\t\t<iframe style=\"border-radius:12px\" src=\"https:\/\/open.spotify.com\/embed\/episode\/6ZdFvn9Vk7tvrdXu1RZkDM?utm_source=generator&theme=0\" width=\"100%\" height=\"352\" frameborder=\"0\" allowfullscreen=\"\" allow=\"autoplay; clipboard-write; encrypted-media; fullscreen; picture-in-picture\" loading=\"lazy\"><\/iframe>\t\t\t\t<\/div>\n\t\t\t\t<\/div>\n\t\t\t\t<div class=\"elementor-element elementor-element-316ad0c elementor-widget elementor-widget-spacer\" data-id=\"316ad0c\" data-element_type=\"widget\" data-e-type=\"widget\" data-widget_type=\"spacer.default\">\n\t\t\t\t<div class=\"elementor-widget-container\">\n\t\t\t\t\t\t\t<div class=\"elementor-spacer\">\n\t\t\t<div class=\"elementor-spacer-inner\"><\/div>\n\t\t<\/div>\n\t\t\t\t\t\t<\/div>\n\t\t\t\t<\/div>\n\t\t\t\t\t<\/div>\n\t\t<\/div>\n\t\t\t\t<div class=\"elementor-column elementor-col-50 elementor-top-column elementor-element elementor-element-e8f361a\" data-fullscreen-column-settings=\"{&quot;fullscreen&quot;:&quot;&quot;}\" data-id=\"e8f361a\" data-element_type=\"column\" data-e-type=\"column\" data-settings=\"{&quot;background_background&quot;:&quot;classic&quot;}\">\n\t\t\t<div class=\"elementor-widget-wrap elementor-element-populated\">\n\t\t\t\t\t\t<div class=\"elementor-element elementor-element-9a695b5 elementor-widget elementor-widget-image\" data-id=\"9a695b5\" data-element_type=\"widget\" data-e-type=\"widget\" data-widget_type=\"image.default\">\n\t\t\t\t<div class=\"elementor-widget-container\">\n\t\t\t\t\t\t\t\t\t\t\t\t\t\t\t\t<a href=\"https:\/\/www.tk.de\/techniker\/magazin\/digitale-gesundheit\/podcasts\/chronische-schmerzen-2185886?tkcm=aaus\">\n\t\t\t\t\t\t\t<img decoding=\"async\" width=\"1024\" height=\"1024\" src=\"https:\/\/www.schmerzwerkstatt.com\/wp-content\/uploads\/2025\/01\/SW-Podcast-Techniker1-1024x1024.gif\" class=\"attachment-large size-large wp-image-16172\" alt=\"\" srcset=\"https:\/\/www.schmerzwerkstatt.com\/wp-content\/uploads\/2025\/01\/SW-Podcast-Techniker1-1024x1024.gif 1024w, https:\/\/www.schmerzwerkstatt.com\/wp-content\/uploads\/2025\/01\/SW-Podcast-Techniker1-300x300.gif 300w, https:\/\/www.schmerzwerkstatt.com\/wp-content\/uploads\/2025\/01\/SW-Podcast-Techniker1-150x150.gif 150w, https:\/\/www.schmerzwerkstatt.com\/wp-content\/uploads\/2025\/01\/SW-Podcast-Techniker1-768x768.gif 768w, https:\/\/www.schmerzwerkstatt.com\/wp-content\/uploads\/2025\/01\/SW-Podcast-Techniker1-200x200.gif 200w\" sizes=\"(max-width: 1024px) 100vw, 1024px\" \/>\t\t\t\t\t\t\t\t<\/a>\n\t\t\t\t\t\t\t\t\t\t\t\t\t\t\t<\/div>\n\t\t\t\t<\/div>\n\t\t\t\t<div class=\"elementor-element elementor-element-f5b6f70 elementor-widget elementor-widget-heading\" data-id=\"f5b6f70\" data-element_type=\"widget\" data-e-type=\"widget\" data-widget_type=\"heading.default\">\n\t\t\t\t<div class=\"elementor-widget-container\">\n\t\t\t\t\t<h2 class=\"elementor-heading-title elementor-size-default\">Is that still healthy!<\/h2>\t\t\t\t<\/div>\n\t\t\t\t<\/div>\n\t\t\t\t<div class=\"elementor-element elementor-element-f10cdcf elementor-widget elementor-widget-heading\" data-id=\"f10cdcf\" data-element_type=\"widget\" data-e-type=\"widget\" data-widget_type=\"heading.default\">\n\t\t\t\t<div class=\"elementor-widget-container\">\n\t\t\t\t\t<h2 class=\"elementor-heading-title elementor-size-default\">The podcast of the technicians<\/h2>\t\t\t\t<\/div>\n\t\t\t\t<\/div>\n\t\t\t\t<div class=\"elementor-element elementor-element-d351fa6 elementor-widget elementor-widget-text-editor\" data-id=\"d351fa6\" data-element_type=\"widget\" data-e-type=\"widget\" data-widget_type=\"text-editor.default\">\n\t\t\t\t<div class=\"elementor-widget-container\">\n\t\t\t\t\t\t\t\t\t<p>\ud83c\udf99\ufe0f Dr Claudius Gall talks about chronic pain in the Techniker Krankenkasse podcast!<\/p><p>It pulls in the back, it stings in the head - most pains disappear of their own accord. But for around 19 per cent of Germans, pain is a constant companion.<\/p><p>In this exciting podcast by Techniker Krankenkasse with Yael Adler, Dr Claudius Gall explains how chronic pain develops, what helps to prevent it and how we can actively contribute to prevention ourselves.<\/p>\t\t\t\t\t\t\t\t<\/div>\n\t\t\t\t<\/div>\n\t\t\t\t<div class=\"elementor-element elementor-element-4c7569e elementor-widget elementor-widget-video\" data-id=\"4c7569e\" data-element_type=\"widget\" data-e-type=\"widget\" data-settings=\"{&quot;youtube_url&quot;:&quot;https:\\\/\\\/www.youtube.com\\\/watch?v=uZR5Fypq8-Q&quot;,&quot;video_type&quot;:&quot;youtube&quot;,&quot;controls&quot;:&quot;yes&quot;}\" data-widget_type=\"video.default\">\n\t\t\t\t<div class=\"elementor-widget-container\">\n\t\t\t\t\t\t\t<div class=\"elementor-wrapper elementor-open-inline\">\n\t\t\t<div class=\"elementor-video\"><\/div>\t\t<\/div>\n\t\t\t\t\t\t<\/div>\n\t\t\t\t<\/div>\n\t\t\t\t<div class=\"elementor-element elementor-element-ae22c30 elementor-widget elementor-widget-spacer\" data-id=\"ae22c30\" data-element_type=\"widget\" data-e-type=\"widget\" data-widget_type=\"spacer.default\">\n\t\t\t\t<div class=\"elementor-widget-container\">\n\t\t\t\t\t\t\t<div class=\"elementor-spacer\">\n\t\t\t<div class=\"elementor-spacer-inner\"><\/div>\n\t\t<\/div>\n\t\t\t\t\t\t<\/div>\n\t\t\t\t<\/div>\n\t\t\t\t\t<\/div>\n\t\t<\/div>\n\t\t\t\t\t<\/div>\n\t\t<\/section>\n\t\t\t\t<\/div>","protected":false},"excerpt":{"rendered":"<p>Podcasts mit Dr. Gall: Einblicke in die Schmerztherapie Wege aus der Schmerzspirale Tauchen Sie ein in spannende Gespr\u00e4che! Dr. Claudius Gall, Experte f\u00fcr Schmerztherapie, teilt in diesen Podcasts sein umfangreiches Wissen und beleuchtet innovative Ans\u00e4tze zur Bew\u00e4ltigung chronischer Schmerzen. Lassen Sie sich inspirieren und entdecken Sie wertvolle Tipps, um die Schmerzspirale zu durchbrechen. Wege aus [&hellip;]<\/p>\n","protected":false},"author":2,"featured_media":0,"parent":0,"menu_order":0,"comment_status":"closed","ping_status":"closed","template":"elementor_header_footer","meta":{"iawp_total_views":210,"footnotes":""},"class_list":["post-16158","page","type-page","status-publish","hentry"],"_links":{"self":[{"href":"https:\/\/www.schmerzwerkstatt.com\/en\/wp-json\/wp\/v2\/pages\/16158","targetHints":{"allow":["GET"]}}],"collection":[{"href":"https:\/\/www.schmerzwerkstatt.com\/en\/wp-json\/wp\/v2\/pages"}],"about":[{"href":"https:\/\/www.schmerzwerkstatt.com\/en\/wp-json\/wp\/v2\/types\/page"}],"author":[{"embeddable":true,"href":"https:\/\/www.schmerzwerkstatt.com\/en\/wp-json\/wp\/v2\/users\/2"}],"replies":[{"embeddable":true,"href":"https:\/\/www.schmerzwerkstatt.com\/en\/wp-json\/wp\/v2\/comments?post=16158"}],"version-history":[{"count":40,"href":"https:\/\/www.schmerzwerkstatt.com\/en\/wp-json\/wp\/v2\/pages\/16158\/revisions"}],"predecessor-version":[{"id":16206,"href":"https:\/\/www.schmerzwerkstatt.com\/en\/wp-json\/wp\/v2\/pages\/16158\/revisions\/16206"}],"wp:attachment":[{"href":"https:\/\/www.schmerzwerkstatt.com\/en\/wp-json\/wp\/v2\/media?parent=16158"}],"curies":[{"name":"wp","href":"https:\/\/api.w.org\/{rel}","templated":true}]}}