{"id":14830,"date":"2023-11-08T15:59:22","date_gmt":"2023-11-08T15:59:22","guid":{"rendered":"https:\/\/schmerzwerkstatt.com\/?page_id=14830"},"modified":"2024-08-02T07:37:14","modified_gmt":"2024-08-02T07:37:14","slug":"karriere-2","status":"publish","type":"page","link":"https:\/\/www.schmerzwerkstatt.com\/en\/karriere-2\/","title":{"rendered":"Career"},"content":{"rendered":"<div data-elementor-type=\"wp-page\" data-elementor-id=\"14830\" class=\"elementor elementor-14830\" data-elementor-post-type=\"page\">\n\t\t\t\t\t\t<section class=\"elementor-section elementor-top-section elementor-element elementor-element-2e192c3 elementor-section-boxed elementor-section-height-default elementor-section-height-default\" data-id=\"2e192c3\" data-element_type=\"section\" data-e-type=\"section\" data-settings=\"{&quot;jet_parallax_layout_list&quot;:[]}\">\n\t\t\t\t\t\t\t<div class=\"elementor-background-overlay\"><\/div>\n\t\t\t\t\t\t\t<div class=\"elementor-container elementor-column-gap-default\">\n\t\t\t\t\t<div class=\"elementor-column elementor-col-100 elementor-top-column elementor-element elementor-element-5546b0a\" data-fullscreen-column-settings=\"{&quot;fullscreen&quot;:&quot;&quot;}\" data-id=\"5546b0a\" data-element_type=\"column\" data-e-type=\"column\">\n\t\t\t<div class=\"elementor-widget-wrap elementor-element-populated\">\n\t\t\t\t\t\t<div class=\"elementor-element elementor-element-dd5d9f4 elementor-pagination-position-inside elementor-view-default elementor-widget elementor-widget-litho-slider\" data-id=\"dd5d9f4\" data-element_type=\"widget\" data-e-type=\"widget\" data-settings=\"{&quot;litho_carousel_slide_styles&quot;:&quot;slider-style-2&quot;}\" data-widget_type=\"litho-slider.default\">\n\t\t\t\t<div class=\"elementor-widget-container\">\n\t\t\t\t\t\t\t\t<div class=\"elementor-image-carousel-wrapper swiper swiper-container-initialized  slider-style-2\" data-settings=\"{&quot;navigation&quot;:&quot;dots&quot;,&quot;autoplay&quot;:&quot;yes&quot;,&quot;autoplay_speed&quot;:4000,&quot;pause_on_hover&quot;:&quot;yes&quot;,&quot;loop&quot;:&quot;yes&quot;,&quot;effect&quot;:&quot;slide&quot;,&quot;speed&quot;:500,&quot;mousewheel&quot;:&quot;&quot;,&quot;slide-total&quot;:2}\" dir=\"ltr\">\n\t\t\t\t<div class=\"elementor-image-carousel swiper-wrapper\">\n\t\t\t\t\t\t\t\t\t\t\t<div class=\"elementor-repeater-item-f81231e swiper-slide cover-background\">\n\t\t\t\t\t\t\t<div class=\"bg-overlay\"><\/div>\n\t\t\t\t\t\t\t<div class=\"slider-text-middle-main\">\n\t\t\t\t\t\t\t\t\t\t\t\t\t\t\t\t\t<span class=\"subtitle\">Vacancies <\/span>\n\t\t\t\t\t\t\t\t\t\t\t\t\t\t\t\t\t<h2 class=\"title\">\t\t\t\t\t\t\t\t\t\tAre you looking for an exciting professional challenge? Then you've come to the right place!<\/h2>\t\t\t\t\t\t\t\t\t\t\t\t\t\t\t\t\t<div class=\"elementor-button-wrapper litho-button-wrapper\">\n\t\t\t\t\t\t\t\t\t\t<a href=\"https:\/\/www.schmerzwerkstatt.com\/en\/mfa-gesucht-werde-teil-unseres-dynamischen-teams\/\" class=\"elementor-button-link elementor-button elementor-size-xl\" role=\"button\">Medical assistant <\/a>\n\t\t\t\t\t\t\t\t\t<\/div>\n\t\t\t\t\t\t\t\t\t\t\t\t\t\t\t\t<\/div>\n\t\t\t\t\t\t<\/div>\n\t\t\t\t\t\t\t\t\t\t\t\t<div class=\"elementor-repeater-item-9bea8af swiper-slide cover-background\">\n\t\t\t\t\t\t\t<div class=\"bg-overlay\"><\/div>\n\t\t\t\t\t\t\t<div class=\"slider-text-middle-main\">\n\t\t\t\t\t\t\t\t\t\t\t\t\t\t\t\t\t<span class=\"subtitle\">Vacancies<\/span>\n\t\t\t\t\t\t\t\t\t\t\t\t\t\t\t\t\t<h2 class=\"title\">\t\t\t\t\t\t\t\t\t\t(f\/m\/d) for general medicine with the additional qualification of specialised pain therapy<\/h2>\t\t\t\t\t\t\t\t\t\t\t\t\t\t\t\t\t<div class=\"elementor-button-wrapper litho-button-wrapper\">\n\t\t\t\t\t\t\t\t\t\t<a href=\"https:\/\/www.schmerzwerkstatt.com\/en\/fachaerztinnen-und-fachaerzte\/\" class=\"elementor-button-link elementor-button elementor-size-xl\" role=\"button\">Medical specialists <\/a>\n\t\t\t\t\t\t\t\t\t<\/div>\n\t\t\t\t\t\t\t\t\t\t\t\t\t\t\t\t<\/div>\n\t\t\t\t\t\t<\/div>\n\t\t\t\t\t\t\t\t\t\t<\/div>\n\t\t\t\t\t\t\t\t\t\t\t\t\t\t\t<div class=\"swiper-pagination\"><\/div>\n\t\t\t\t\t\t\t\t\t\t\t\t\t\t\t\t\t\t\t\t\t<\/div>\n\t\t\t\t\t\t\t<\/div>\n\t\t\t\t<\/div>\n\t\t\t\t\t<\/div>\n\t\t<\/div>\n\t\t\t\t\t<\/div>\n\t\t<\/section>\n\t\t\t\t<section class=\"elementor-section elementor-top-section elementor-element elementor-element-f6d23f1 elementor-section-boxed elementor-section-height-default elementor-section-height-default\" data-id=\"f6d23f1\" data-element_type=\"section\" data-e-type=\"section\" data-settings=\"{&quot;jet_parallax_layout_list&quot;:[]}\">\n\t\t\t\t\t\t<div class=\"elementor-container elementor-column-gap-default\">\n\t\t\t\t\t<div class=\"elementor-column elementor-col-100 elementor-top-column elementor-element elementor-element-051da97\" data-fullscreen-column-settings=\"{&quot;fullscreen&quot;:&quot;&quot;}\" data-id=\"051da97\" data-element_type=\"column\" data-e-type=\"column\">\n\t\t\t<div class=\"elementor-widget-wrap elementor-element-populated\">\n\t\t\t\t\t\t<div class=\"elementor-element elementor-element-5b5de50 elementor-position-left elementor-widget-mobile__width-initial elementor-view-default elementor-mobile-position-top elementor-vertical-align-top elementor-widget elementor-widget-litho-icon-box\" data-id=\"5b5de50\" data-element_type=\"widget\" data-e-type=\"widget\" data-widget_type=\"litho-icon-box.default\">\n\t\t\t\t<div class=\"elementor-widget-container\">\n\t\t\t\t\t\t\t\t<div class=\"elementor-icon-box-wrapper litho-icon-box-wrapper\">\n\t\t\t\t\t\t\t\t<div class=\"elementor-icon-box-icon\">\t\t\t\t\t<span class=\"elementor-icon elementor-animation-\" >\n\t\t\t\t\t\t<i aria-hidden=\"true\" class=\"line-icon-Business-ManWoman\"><\/i>\t\t\t\t\t<\/span>\n\t\t\t\t<\/div>\n\t\t\t\t\t\t\t\t<div class=\"elementor-icon-box-content\">\n\t\t\t\t\t\t\t\t\t\t\t<h2 class=\"elementor-icon-box-title\"><span ><b>Welcome to the career page of the Schmerzwerkstatt Munich!<\/b><\/span>\n\t\t\t\t\t\t<\/h2>\n\t\t\t\t\t\t\t\t\t\t\t\t\t\t<\/div>\n\t\t\t<\/div>\n\t\t\t\t\t\t<\/div>\n\t\t\t\t<\/div>\n\t\t\t\t<div class=\"elementor-element elementor-element-5ad43cb elementor-widget elementor-widget-text-editor\" data-id=\"5ad43cb\" data-element_type=\"widget\" data-e-type=\"widget\" data-widget_type=\"text-editor.default\">\n\t\t\t\t<div class=\"elementor-widget-container\">\n\t\t\t\t\t\t\t\t\t<p>Here we will always keep you up to date on current vacancies at our practice.<\/p><p>Would you like to become part of an ambitious and innovative team?<br \/><br \/>We cordially invite you to send us an unsolicited application.<\/p><p>We look forward to exploring the diverse career opportunities at Schmerzwerkstatt with you.<\/p><p>Take a look at our vacancies and let's work together to shape your professional future.<\/p><p>We look forward to seeing you.<\/p><p>With best regards,<br \/>Dr Claudius Gall &amp; colleagues and the team at the Schmerzwerkstatt Munich<\/p>\t\t\t\t\t\t\t\t<\/div>\n\t\t\t\t<\/div>\n\t\t\t\t\t<\/div>\n\t\t<\/div>\n\t\t\t\t\t<\/div>\n\t\t<\/section>\n\t\t\t\t<section class=\"elementor-section elementor-top-section elementor-element elementor-element-3ef8832 elementor-section-boxed elementor-section-height-default elementor-section-height-default\" data-id=\"3ef8832\" data-element_type=\"section\" data-e-type=\"section\" data-settings=\"{&quot;jet_parallax_layout_list&quot;:[]}\">\n\t\t\t\t\t\t<div class=\"elementor-container elementor-column-gap-default\">\n\t\t\t\t\t<div class=\"elementor-column elementor-col-100 elementor-top-column elementor-element elementor-element-1fd0b32\" data-fullscreen-column-settings=\"{&quot;fullscreen&quot;:&quot;&quot;}\" data-id=\"1fd0b32\" data-element_type=\"column\" data-e-type=\"column\">\n\t\t\t<div class=\"elementor-widget-wrap elementor-element-populated\">\n\t\t\t\t\t\t<div class=\"elementor-element elementor-element-8dd6368 elementor-widget elementor-widget-spacer\" data-id=\"8dd6368\" data-element_type=\"widget\" data-e-type=\"widget\" data-widget_type=\"spacer.default\">\n\t\t\t\t<div class=\"elementor-widget-container\">\n\t\t\t\t\t\t\t<div class=\"elementor-spacer\">\n\t\t\t<div class=\"elementor-spacer-inner\"><\/div>\n\t\t<\/div>\n\t\t\t\t\t\t<\/div>\n\t\t\t\t<\/div>\n\t\t\t\t<section class=\"elementor-section elementor-inner-section elementor-element elementor-element-729e20c elementor-section-boxed elementor-section-height-default elementor-section-height-default\" data-id=\"729e20c\" data-element_type=\"section\" data-e-type=\"section\" data-settings=\"{&quot;background_background&quot;:&quot;classic&quot;,&quot;jet_parallax_layout_list&quot;:[]}\">\n\t\t\t\t\t\t<div class=\"elementor-container elementor-column-gap-default\">\n\t\t\t\t\t<div class=\"elementor-column elementor-col-100 elementor-inner-column elementor-element elementor-element-4fc78999\" data-fullscreen-column-settings=\"{&quot;fullscreen&quot;:&quot;&quot;}\" data-id=\"4fc78999\" data-element_type=\"column\" data-e-type=\"column\">\n\t\t\t<div class=\"elementor-widget-wrap elementor-element-populated\">\n\t\t\t\t\t\t<div class=\"elementor-element elementor-element-488a529c elementor-view-default elementor-widget elementor-widget-litho-tilt-box\" data-id=\"488a529c\" data-element_type=\"widget\" data-e-type=\"widget\" data-widget_type=\"litho-tilt-box.default\">\n\t\t\t\t<div class=\"elementor-widget-container\">\n\t\t\t\t\t\t\t\t\t\t<div class=\"tilt-box-inner\">\n\t\t\t\t\t\t<div class=\"tilt-box\">\n\t\t\t\t\t\t\t<div class=\"tilt-box-wrapper tilt-box-style-2\">\n\t\t\t\t\t\t\t\t\t\t\t\t\t\t\t\t\t\t\t\t\t\t\t\t\t\t\t\t\t\t\t\t\t\t<span class=\"overlap-title\" style=\"background-image: url(https:\/\/www.schmerzwerkstatt.com\/wp-content\/uploads\/2023\/02\/Praxis_Dr_Gall__707.jpg);\">TOGETHER<\/span>\n\t\t\t\t\t\t\t\t\t\t\t\t\t\t\t<\/div>\n\t\t\t\t\t\t<\/div>\n\t\t\t\t\t<\/div>\n\t\t\t\t\t\t\t\t\t<\/div>\n\t\t\t\t<\/div>\n\t\t\t\t<div class=\"elementor-element elementor-element-227414a elementor-widget elementor-widget-spacer\" data-id=\"227414a\" data-element_type=\"widget\" data-e-type=\"widget\" data-widget_type=\"spacer.default\">\n\t\t\t\t<div class=\"elementor-widget-container\">\n\t\t\t\t\t\t\t<div class=\"elementor-spacer\">\n\t\t\t<div class=\"elementor-spacer-inner\"><\/div>\n\t\t<\/div>\n\t\t\t\t\t\t<\/div>\n\t\t\t\t<\/div>\n\t\t\t\t\t<\/div>\n\t\t<\/div>\n\t\t\t\t\t<\/div>\n\t\t<\/section>\n\t\t\t\t\t<\/div>\n\t\t<\/div>\n\t\t\t\t\t<\/div>\n\t\t<\/section>\n\t\t\t\t<\/div>","protected":false},"excerpt":{"rendered":"<p>Offene Stellen Du suchst eine spannende berufliche Herausforderung? Dann bist du bei uns genau richtig! Medizinische\/r Fachangestellte\/r Offene Stellen (w\/m\/d) fu\u0308r Allgemeinmedizin mit der Zusatzbezeichnung Spezielle Schmerztherapie Fach\u00e4rztinnen und Fach\u00e4rzte Herzlich willkommen auf der Karriereseite der Schmerzwerkstatt M\u00fcnchen! Hier halten wir Sie stets \u00fcber aktuelle Stellenausschreibungen unserer Praxis auf dem Laufenden. M\u00f6chten Sie Teil eines [&hellip;]<\/p>\n","protected":false},"author":2,"featured_media":0,"parent":0,"menu_order":0,"comment_status":"closed","ping_status":"closed","template":"elementor_header_footer","meta":{"iawp_total_views":379,"footnotes":""},"class_list":["post-14830","page","type-page","status-publish","hentry"],"_links":{"self":[{"href":"https:\/\/www.schmerzwerkstatt.com\/en\/wp-json\/wp\/v2\/pages\/14830","targetHints":{"allow":["GET"]}}],"collection":[{"href":"https:\/\/www.schmerzwerkstatt.com\/en\/wp-json\/wp\/v2\/pages"}],"about":[{"href":"https:\/\/www.schmerzwerkstatt.com\/en\/wp-json\/wp\/v2\/types\/page"}],"author":[{"embeddable":true,"href":"https:\/\/www.schmerzwerkstatt.com\/en\/wp-json\/wp\/v2\/users\/2"}],"replies":[{"embeddable":true,"href":"https:\/\/www.schmerzwerkstatt.com\/en\/wp-json\/wp\/v2\/comments?post=14830"}],"version-history":[{"count":79,"href":"https:\/\/www.schmerzwerkstatt.com\/en\/wp-json\/wp\/v2\/pages\/14830\/revisions"}],"predecessor-version":[{"id":15708,"href":"https:\/\/www.schmerzwerkstatt.com\/en\/wp-json\/wp\/v2\/pages\/14830\/revisions\/15708"}],"wp:attachment":[{"href":"https:\/\/www.schmerzwerkstatt.com\/en\/wp-json\/wp\/v2\/media?parent=14830"}],"curies":[{"name":"wp","href":"https:\/\/api.w.org\/{rel}","templated":true}]}}